{"id":23240,"date":"2024-03-18T21:41:47","date_gmt":"2024-03-18T20:41:47","guid":{"rendered":"https:\/\/dinaturez.com\/?post_type=product&#038;p=23240"},"modified":"2025-02-22T10:30:29","modified_gmt":"2025-02-22T09:30:29","slug":"cyclops315p","status":"publish","type":"product","link":"https:\/\/dinaturez.com\/pt\/product\/cyclops315p\/","title":{"rendered":"CYCLOPS315P"},"content":{"rendered":"<ul>\n<li>ThermEye Cyclops 315 Pro<\/li>\n<li>Sensor de 12\u00b5m<\/li>\n<li>Resolu\u00e7\u00e3o 384\u00d7288 p\u00edxeis | NETD \u2264 25mK<\/li>\n<li>Lente 15mm<\/li>\n<li>Amplia\u00e7\u00e3o 1,44x<\/li>\n<li>EIS (Estabilizador eletr\u00f3nico de imagem)<\/li>\n<\/ul>\n<h2>Descri\u00e7\u00e3o<\/h2>\n<div class=\"content\">\n<ul class=\"article_list\">\n<li>ThermEye<\/li>\n<li>Mon\u00f3culo t\u00e9rmico<\/li>\n<li>Resolu\u00e7\u00e3o t\u00e9rmica 384\u00d7288 VOx- NETD \u226425mK<\/li>\n<li>Tamanho do pixel 12\u00b5m<\/li>\n<li>Lente 15mm<\/li>\n<li>Amplia\u00e7\u00e3o de 1,44x<\/li>\n<li>Redu\u00e7\u00e3o de ru\u00eddo 3D-DNR<\/li>\n<li>Mem\u00f3ria interna 16GB<\/li>\n<li>Medi\u00e7\u00e3o da dist\u00e2ncia AI<\/li>\n<li>EIS (Estabilizador eletr\u00f3nico de imagem)<\/li>\n<li>GPS<\/li>\n<li>Ecr\u00e3 OLED<\/li>\n<li>Captura de imagens e grava\u00e7\u00e3o de v\u00eddeo<\/li>\n<li>Sa\u00edda de v\u00eddeo anal\u00f3gica<\/li>\n<li>WiFi<\/li>\n<li>APP Smartphone<\/li>\n<li>Bateria incorporada com autonomia de at\u00e9 12h<\/li>\n<li>Conector USB tipo C<\/li>\n<li>Prote\u00e7\u00e3o IP67<\/li>\n<\/ul>\n<\/div>\n<h2>Especifica\u00e7\u00f5es<\/h2>\n<div class=\"content\">\n<table class=\"specs\" border=\"0\" cellspacing=\"0\" cellpadding=\"0\">\n<tbody>\n<tr class=\"table-data\" align=\"left\" valign=\"middle\">\n<td width=\"30%\" height=\"22\"><strong>Marca<\/strong><\/td>\n<td width=\"70%\" height=\"22\">ThermEye<\/td>\n<\/tr>\n<tr class=\"table-data\" align=\"left\" valign=\"middle\">\n<td width=\"30%\" height=\"22\"><strong>Modelo<\/strong><\/td>\n<td width=\"70%\" height=\"22\">Ciclope 315 Pro<\/td>\n<\/tr>\n<tr class=\"table-data\" align=\"left\" valign=\"middle\">\n<td width=\"30%\" height=\"22\"><strong>Tipo de sensor<\/strong><\/td>\n<td width=\"70%\" height=\"22\">Microbol\u00f3metro VOx n\u00e3o arrefecido<\/td>\n<\/tr>\n<tr class=\"table-data\" align=\"left\" valign=\"middle\">\n<td width=\"30%\" height=\"22\"><strong>Resolu\u00e7\u00e3o<\/strong><\/td>\n<td width=\"70%\" height=\"22\">384\u00d7288 p\u00edxeis<\/td>\n<\/tr>\n<tr class=\"table-data\" align=\"left\" valign=\"middle\">\n<td width=\"30%\" height=\"22\"><strong>Tamanho do pixel<\/strong><\/td>\n<td width=\"70%\" height=\"22\">12\u00b5m<\/td>\n<\/tr>\n<tr class=\"table-data\" align=\"left\" valign=\"middle\">\n<td width=\"30%\" height=\"22\"><strong>NETD<\/strong><\/td>\n<td width=\"70%\" height=\"22\">\u226425mK@300K<\/td>\n<\/tr>\n<tr class=\"table-data\" align=\"left\" valign=\"middle\">\n<td width=\"30%\" height=\"22\"><strong>Gama espetral<\/strong><\/td>\n<td width=\"70%\" height=\"22\">8\uff5e14\u03bcm<\/td>\n<\/tr>\n<tr class=\"table-data\" align=\"left\" valign=\"middle\">\n<td width=\"30%\" height=\"22\"><strong>Lente<\/strong><\/td>\n<td width=\"70%\" height=\"22\">15mm (F#0.9, focagem manual)<\/td>\n<\/tr>\n<tr class=\"table-data\" align=\"left\" valign=\"middle\">\n<td width=\"30%\" height=\"22\"><strong>Aumentos<\/strong><\/td>\n<td width=\"70%\" height=\"22\">1.44x<\/td>\n<\/tr>\n<tr class=\"table-data\" align=\"left\" valign=\"middle\">\n<td width=\"30%\" height=\"22\"><strong>\u00c2ngulo de vis\u00e3o<\/strong><\/td>\n<td width=\"70%\" height=\"22\">15,5\u00ba x 13,1\u00ba<\/td>\n<\/tr>\n<tr class=\"table-data\" align=\"left\" valign=\"middle\">\n<td width=\"30%\" height=\"22\"><strong>Dist\u00e2ncia de identifica\u00e7\u00e3o (humano 1,8 m)<\/strong><\/td>\n<td width=\"70%\" height=\"22\">375m<\/td>\n<\/tr>\n<tr class=\"table-data\" align=\"left\" valign=\"middle\">\n<td width=\"30%\" height=\"22\"><strong>Zoom digital<\/strong><\/td>\n<td width=\"70%\" height=\"22\">1x\uff5e6x cont\u00ednuo<\/td>\n<\/tr>\n<tr class=\"table-data\" align=\"left\" valign=\"middle\">\n<td width=\"30%\" height=\"22\"><strong>Paletas de cores<\/strong><\/td>\n<td width=\"70%\" height=\"22\">6<\/td>\n<\/tr>\n<tr class=\"table-data\" align=\"left\" valign=\"middle\">\n<td width=\"30%\" height=\"22\"><strong>Redu\u00e7\u00e3o do ru\u00eddo<\/strong><\/td>\n<td width=\"70%\" height=\"22\">3D DNR<\/td>\n<\/tr>\n<tr class=\"table-data\" align=\"left\" valign=\"middle\">\n<td width=\"30%\" height=\"22\"><strong>Tipo de ecr\u00e3<\/strong><\/td>\n<td width=\"70%\" height=\"22\">OLED 0,39\u2033, resolu\u00e7\u00e3o 1024\u00d7768 pix\u00e9is, 3 modos de imagem<\/td>\n<\/tr>\n<tr class=\"table-data\" align=\"left\" valign=\"middle\">\n<td width=\"30%\" height=\"22\"><strong>Controlo di\u00f3ptrico<\/strong><\/td>\n<td width=\"70%\" height=\"22\">-5\uff5e+5<\/td>\n<\/tr>\n<tr class=\"table-data\" align=\"left\" valign=\"middle\">\n<td width=\"30%\" height=\"22\"><strong>Dist\u00e2ncia dos olhos<\/strong><\/td>\n<td width=\"70%\" height=\"22\">40 mm<\/td>\n<\/tr>\n<tr class=\"table-data\" align=\"left\" valign=\"middle\">\n<td width=\"30%\" height=\"22\"><strong>Mem\u00f3ria interna<\/strong><\/td>\n<td width=\"70%\" height=\"22\">16 GBytes<\/td>\n<\/tr>\n<tr class=\"table-data\" align=\"left\" valign=\"middle\">\n<td width=\"30%\" height=\"22\"><strong>Medi\u00e7\u00e3o de dist\u00e2ncias<\/strong><\/td>\n<td width=\"70%\" height=\"22\">IA (baseada na aprendizagem profunda), MIL<\/td>\n<\/tr>\n<tr class=\"table-data\" align=\"left\" valign=\"middle\">\n<td width=\"30%\" height=\"22\"><strong>Procurador de calor<\/strong><\/td>\n<td width=\"70%\" height=\"22\">SIM<\/td>\n<\/tr>\n<tr class=\"table-data\" align=\"left\" valign=\"middle\">\n<td width=\"30%\" height=\"22\"><strong>GPS<\/strong><\/td>\n<td width=\"70%\" height=\"22\">Sim<\/td>\n<\/tr>\n<tr class=\"table-data\" align=\"left\" valign=\"middle\">\n<td width=\"30%\" height=\"22\"><strong>SIA<\/strong><\/td>\n<td width=\"70%\" height=\"22\">Sim (Estabilizador eletr\u00f3nico de imagem)<\/td>\n<\/tr>\n<tr class=\"table-data\" align=\"left\" valign=\"middle\">\n<td width=\"30%\" height=\"22\"><strong>Multim\u00e9dia<\/strong><\/td>\n<td width=\"70%\" height=\"22\">Fotografia, v\u00eddeo, reprodu\u00e7\u00e3o local<\/td>\n<\/tr>\n<tr class=\"table-data\" align=\"left\" valign=\"middle\">\n<td width=\"30%\" height=\"22\"><strong>Tipo de pilha<\/strong><\/td>\n<td width=\"70%\" height=\"22\">Bateria interna, 18650 Li x 2 (recarreg\u00e1vel, n\u00e3o intercambi\u00e1vel)<\/td>\n<\/tr>\n<tr class=\"table-data\" align=\"left\" valign=\"middle\">\n<td width=\"30%\" height=\"22\"><strong>Dura\u00e7\u00e3o da bateria<\/strong><\/td>\n<td width=\"70%\" height=\"22\">Tempo de funcionamento cont\u00ednuo \u2265 12h<\/td>\n<\/tr>\n<tr class=\"table-data\" align=\"left\" valign=\"middle\">\n<td width=\"30%\" height=\"22\"><strong>Liga\u00e7\u00f5es<\/strong><\/td>\n<td width=\"70%\" height=\"22\">USB tipo C<br \/>\nLiga\u00e7\u00e3o ao PC para descarregar fotografias e v\u00eddeos<br \/>\nLiga\u00e7\u00e3o de carregamento do dispositivo<br \/>\nLiga\u00e7\u00e3o para sa\u00edda de v\u00eddeo anal\u00f3gico<\/td>\n<\/tr>\n<tr class=\"table-data\" align=\"left\" valign=\"middle\">\n<td width=\"30%\" height=\"22\"><\/td>\n<td width=\"70%\" height=\"22\">Wi-Fi<br \/>\nLiga\u00e7\u00e3o Wi-Fi com a aplica\u00e7\u00e3o<br \/>\nLiga\u00e7\u00e3o Hotspot com a aplica\u00e7\u00e3o<\/td>\n<\/tr>\n<tr class=\"table-data\" align=\"left\" valign=\"middle\">\n<td width=\"30%\" height=\"22\"><strong>Temperatura de funcionamento<\/strong><\/td>\n<td width=\"70%\" height=\"22\">-20\u2103\uff5e+55\u2103<\/td>\n<\/tr>\n<tr class=\"table-data\" align=\"left\" valign=\"middle\">\n<td width=\"30%\" height=\"22\"><strong>\u00cdndice de prote\u00e7\u00e3o<\/strong><\/td>\n<td width=\"70%\" height=\"22\">IP67, resist\u00eancia a quedas de 1 metro<\/td>\n<\/tr>\n<tr class=\"table-data\" align=\"left\" valign=\"middle\">\n<td width=\"30%\" height=\"22\"><strong>Peso<\/strong><\/td>\n<td width=\"70%\" height=\"22\">470g (com pilhas)<\/td>\n<\/tr>\n<tr class=\"table-data\" align=\"left\" valign=\"middle\">\n<td width=\"30%\" height=\"22\"><strong>Dimens\u00f5es<\/strong><\/td>\n<td width=\"70%\" height=\"22\">67 (L) \u00d7 63 (A)\u00d7 190 (P) mm<\/td>\n<\/tr>\n<\/tbody>\n<\/table>\n<\/div>\n<h2>Conte\u00fado<\/h2>\n<div class=\"content\">\n<ul class=\"article_list\">\n<li>Monocular t\u00e9rmico ThermEye<\/li>\n<li>Pulseira<\/li>\n<li>Cabo de dados e de carregamento USB-C<\/li>\n<li>Cabo de v\u00eddeo anal\u00f3gico<\/li>\n<\/ul>\n<\/div>","protected":false},"excerpt":{"rendered":"<p>ThermEye Cyclops 315 Pro Sensor 12\u00b5m Resolu\u00e7\u00e3o 384\u00d7288 pixels | NETD \u2264 25mK Lente 15mm Amplia\u00e7\u00e3o 1,44x EIS (Estabilizador eletr\u00f3nico de imagem) Descri\u00e7\u00e3o ThermEye Thermal Monocular Resolu\u00e7\u00e3o t\u00e9rmica 384\u00d7288 VOx- NETD \u226425mK Tamanho do pixel 12\u00b5m Lente 15mm Amplia\u00e7\u00e3o 1,44x Redu\u00e7\u00e3o de ru\u00eddo 3D-DNR Mem\u00f3ria interna 16GB IA Medi\u00e7\u00e3o de dist\u00e2ncias EIS (Estabilizador eletr\u00f3nico de imagem)<\/p>","protected":false},"featured_media":23244,"template":"","meta":[],"product_brand":[],"product_cat":[152,147,131,144],"product_tag":[],"class_list":{"0":"post-23240","1":"product","2":"type-product","3":"status-publish","4":"has-post-thumbnail","6":"product_cat-monoculares-cyclops","7":"product_cat-monoculares-termicos","8":"product_cat-thermtec","9":"product_cat-vision-termica","11":"first","12":"instock","13":"sale","14":"taxable","15":"shipping-taxable","16":"purchasable","17":"product-type-simple","18":"add-to-wishlist-after_add_to_cart"},"_links":{"self":[{"href":"https:\/\/dinaturez.com\/pt\/wp-json\/wp\/v2\/product\/23240","targetHints":{"allow":["GET"]}}],"collection":[{"href":"https:\/\/dinaturez.com\/pt\/wp-json\/wp\/v2\/product"}],"about":[{"href":"https:\/\/dinaturez.com\/pt\/wp-json\/wp\/v2\/types\/product"}],"wp:featuredmedia":[{"embeddable":true,"href":"https:\/\/dinaturez.com\/pt\/wp-json\/wp\/v2\/media\/23244"}],"wp:attachment":[{"href":"https:\/\/dinaturez.com\/pt\/wp-json\/wp\/v2\/media?parent=23240"}],"wp:term":[{"taxonomy":"product_brand","embeddable":true,"href":"https:\/\/dinaturez.com\/pt\/wp-json\/wp\/v2\/product_brand?post=23240"},{"taxonomy":"product_cat","embeddable":true,"href":"https:\/\/dinaturez.com\/pt\/wp-json\/wp\/v2\/product_cat?post=23240"},{"taxonomy":"product_tag","embeddable":true,"href":"https:\/\/dinaturez.com\/pt\/wp-json\/wp\/v2\/product_tag?post=23240"}],"curies":[{"name":"wp","href":"https:\/\/api.w.org\/{rel}","templated":true}]}}