{"id":23233,"date":"2024-03-08T23:32:29","date_gmt":"2024-03-08T22:32:29","guid":{"rendered":"https:\/\/dinaturez.com\/?post_type=product&#038;p=23233"},"modified":"2026-04-14T09:42:14","modified_gmt":"2026-04-14T07:42:14","slug":"gardepro-a5wf-vision-nocturna-en-color","status":"publish","type":"product","link":"https:\/\/dinaturez.com\/pt\/product\/gardepro-a5wf-vision-nocturna-en-color\/","title":{"rendered":"GardePro A5WF Vis\u00e3o nocturna a cores"},"content":{"rendered":"<h3 data-rm-block-id=\"block-1\">GardePro A5WF Phototrap Camera - Inova\u00e7\u00e3o e Precis\u00e3o em Phototrap.<\/h3>\n<p data-rm-block-id=\"block-2\"><strong>A GardePro A5WF, dispon\u00edvel na Dinaturez, \u00e9 uma c\u00e2mara de armadilhagem fotogr\u00e1fica de \u00faltima gera\u00e7\u00e3o concebida para a monitoriza\u00e7\u00e3o da vida selvagem, a seguran\u00e7a e a vigil\u00e2ncia exterior. Equipada com tecnologia avan\u00e7ada, proporciona imagens n\u00edtidas e detalhadas, mesmo em ambientes com pouca luz. O seu design robusto e eficiente garante um desempenho superior em todas as condi\u00e7\u00f5es climat\u00e9ricas.<\/strong><\/p>\n<h4 data-section-id=\"d3eaef\" data-start=\"172\" data-end=\"204\" data-rm-block-id=\"block-3\">\u00a0Principais carater\u00edsticas<\/h4>\n<ul data-start=\"206\" data-end=\"964\">\n<li data-section-id=\"pnh4h0\" data-start=\"206\" data-end=\"254\" data-rm-block-id=\"block-4\"><strong data-start=\"211\" data-end=\"236\">Resolu\u00e7\u00e3o da imagem:<\/strong> para <strong data-start=\"243\" data-end=\"252\">48 MP<\/strong><\/li>\n<li data-section-id=\"1n2opo\" data-start=\"255\" data-end=\"296\" data-rm-block-id=\"block-5\"><strong data-start=\"260\" data-end=\"270\">V\u00eddeo:<\/strong> <strong data-start=\"271\" data-end=\"294\">HD 1296P com som<\/strong><\/li>\n<li data-section-id=\"1vnnbv8\" data-start=\"297\" data-end=\"367\" data-rm-block-id=\"block-6\"><strong data-start=\"302\" data-end=\"330\">Vis\u00e3o nocturna a cores<\/strong> com <strong data-start=\"335\" data-end=\"365\">flash branco (Flash branco)<\/strong><\/li>\n<li data-section-id=\"i0cwlc\" data-start=\"368\" data-end=\"416\" data-rm-block-id=\"block-7\"><strong data-start=\"373\" data-end=\"394\">Alcance noturno:<\/strong> para <strong data-start=\"401\" data-end=\"414\">30 metros<\/strong><\/li>\n<li data-section-id=\"1bm1k9w\" data-start=\"417\" data-end=\"465\" data-rm-block-id=\"block-8\"><strong data-start=\"421\" data-end=\"446\">Cad\u00eancia de tiro:<\/strong> <strong data-start=\"447\" data-end=\"463\">0,1 segundos<\/strong><\/li>\n<li data-section-id=\"1wz5cgw\" data-start=\"466\" data-end=\"524\" data-rm-block-id=\"block-9\"><strong data-start=\"472\" data-end=\"496\">\u00c2ngulo de dete\u00e7\u00e3o:<\/strong> <strong data-start=\"497\" data-end=\"522\">120\u00b0 (3 sensores PIR)<\/strong><\/li>\n<li data-section-id=\"d0pg8y\" data-start=\"525\" data-end=\"566\" data-rm-block-id=\"block-10\"><strong data-start=\"530\" data-end=\"556\">Campo de vis\u00e3o (FOV):<\/strong> <strong data-start=\"557\" data-end=\"564\">70\u00b0<\/strong><\/li>\n<li data-section-id=\"1ievlx2\" data-start=\"567\" data-end=\"655\" data-rm-block-id=\"block-11\"><strong data-start=\"572\" data-end=\"583\">Sensor:<\/strong> <strong data-start=\"584\" data-end=\"600\">Sony Starvis<\/strong> elevada sensibilidade (melhor desempenho em condi\u00e7\u00f5es de fraca luminosidade)<\/li>\n<li data-section-id=\"3mxbdh\" data-start=\"656\" data-end=\"710\" data-rm-block-id=\"block-12\"><strong data-start=\"661\" data-end=\"688\">Dist\u00e2ncia de dete\u00e7\u00e3o:<\/strong> para <strong data-start=\"695\" data-end=\"708\">30 metros<\/strong><\/li>\n<li data-section-id=\"1kdysv2\" data-start=\"711\" data-end=\"747\" data-rm-block-id=\"block-13\"><strong data-start=\"717\" data-end=\"730\">Ecr\u00e3:<\/strong> 2,4\u201d integrado<\/li>\n<li data-section-id=\"1k14mcs\" data-start=\"748\" data-end=\"818\" data-rm-block-id=\"block-14\"><strong data-start=\"753\" data-end=\"772\">Armazenamento:<\/strong> compat\u00edvel com cart\u00f5es SD at\u00e9 <strong data-start=\"806\" data-end=\"816\">512 GB<\/strong><\/li>\n<li data-section-id=\"m5l5vz\" data-start=\"819\" data-end=\"895\" data-rm-block-id=\"block-15\"><strong data-start=\"824\" data-end=\"841\">Alimenta\u00e7\u00e3o:<\/strong> 8 pilhas AA ou fonte externa (adaptador\/painel solar)<\/li>\n<li data-section-id=\"l6j4jz\" data-start=\"896\" data-end=\"964\" data-rm-block-id=\"block-16\"><strong data-start=\"901\" data-end=\"911\">Modos:<\/strong> dete\u00e7\u00e3o de movimento, lapso de tempo e modo h\u00edbrido<\/li>\n<\/ul>\n<p data-rm-block-id=\"block-17\"><strong>Na Dinaturez, propomos produtos de alta qualidade para a ca\u00e7a, a armadilhagem fotogr\u00e1fica e o controlo da vida selvagem. Comprar GardePro A5WF c\u00e2mara de armadilhagem fotogr\u00e1fica com pre\u00e7o competitivo, envio r\u00e1pido e conselhos de especialistas.<\/strong>Capte a natureza com imagens n\u00edtidas e detalhadas.<\/p>\n<p data-rm-block-id=\"block-18\">Encomende agora na Dinaturez e descubra o pr\u00f3ximo n\u00edvel de armadilhagem fotogr\u00e1fica!<\/p>","protected":false},"excerpt":{"rendered":"<h3>A GardePro A5WF, dispon\u00edvel na Dinaturez, \u00e9 uma c\u00e2mara de armadilhagem fotogr\u00e1fica de vis\u00e3o nocturna a cores, ideal para a observa\u00e7\u00e3o e seguran\u00e7a da vida selvagem. Captura imagens de 48MP e v\u00eddeo Full HD 1080p, mesmo na escurid\u00e3o total, gra\u00e7as ao seu sensor Sony Starvis. Com dete\u00e7\u00e3o at\u00e9 27 m, disparo ultrarr\u00e1pido de 0,1 s, ecr\u00e3 de 2,4\", bateria de longa dura\u00e7\u00e3o e resist\u00eancia IP66, \u00e9 a melhor escolha para armadilhas fotogr\u00e1ficas de alta precis\u00e3o.<\/h3>","protected":false},"featured_media":23234,"template":"","meta":[],"product_brand":[],"product_cat":[138,110,129,109],"product_tag":[],"class_list":{"0":"post-23233","1":"product","2":"type-product","3":"status-publish","4":"has-post-thumbnail","6":"product_cat-camaras-basicas","7":"product_cat-destacados","8":"product_cat-gardepro","9":"product_cat-ofertas","11":"first","12":"instock","13":"sale","14":"taxable","15":"shipping-taxable","16":"purchasable","17":"product-type-simple","18":"add-to-wishlist-after_add_to_cart"},"_links":{"self":[{"href":"https:\/\/dinaturez.com\/pt\/wp-json\/wp\/v2\/product\/23233","targetHints":{"allow":["GET"]}}],"collection":[{"href":"https:\/\/dinaturez.com\/pt\/wp-json\/wp\/v2\/product"}],"about":[{"href":"https:\/\/dinaturez.com\/pt\/wp-json\/wp\/v2\/types\/product"}],"wp:featuredmedia":[{"embeddable":true,"href":"https:\/\/dinaturez.com\/pt\/wp-json\/wp\/v2\/media\/23234"}],"wp:attachment":[{"href":"https:\/\/dinaturez.com\/pt\/wp-json\/wp\/v2\/media?parent=23233"}],"wp:term":[{"taxonomy":"product_brand","embeddable":true,"href":"https:\/\/dinaturez.com\/pt\/wp-json\/wp\/v2\/product_brand?post=23233"},{"taxonomy":"product_cat","embeddable":true,"href":"https:\/\/dinaturez.com\/pt\/wp-json\/wp\/v2\/product_cat?post=23233"},{"taxonomy":"product_tag","embeddable":true,"href":"https:\/\/dinaturez.com\/pt\/wp-json\/wp\/v2\/product_tag?post=23233"}],"curies":[{"name":"wp","href":"https:\/\/api.w.org\/{rel}","templated":true}]}}