{"id":23229,"date":"2024-03-08T23:14:50","date_gmt":"2024-03-08T22:14:50","guid":{"rendered":"https:\/\/dinaturez.com\/?post_type=product&#038;p=23229"},"modified":"2026-02-05T19:18:31","modified_gmt":"2026-02-05T18:18:31","slug":"camara-gardepro-a5-48-megapixeles","status":"publish","type":"product","link":"https:\/\/dinaturez.com\/pt\/product\/camara-gardepro-a5-48-megapixeles\/","title":{"rendered":"C\u00e2mara GardePro A5 de 64 megapix\u00e9is"},"content":{"rendered":"<h3 data-start=\"211\" data-end=\"565\" data-rm-block-id=\"block-1\">O <strong data-start=\"214\" data-end=\"247\">GardePro A5 de 64 megapix\u00e9is<\/strong> \u00e9 uma c\u00e2mara de armadilhagem fotogr\u00e1fica de elevado desempenho concebida para captar imagens e v\u00eddeos excecionalmente detalhados, tanto de dia como de noite. Gra\u00e7as \u00e0 sua potente <strong data-start=\"434\" data-end=\"449\">at\u00e9 64 MP<\/strong>, A c\u00e2mara oferece imagens n\u00edtidas e realistas, ideais para vigil\u00e2ncia, observa\u00e7\u00e3o da vida selvagem ou prote\u00e7\u00e3o de propriedades.<\/h3>\n<p data-start=\"567\" data-end=\"883\" data-rm-block-id=\"block-2\">Equipado com <strong data-start=\"580\" data-end=\"624\">dete\u00e7\u00e3o de movimento r\u00e1pida e precisa<\/strong>, \u00c9 ativado em segundos por qualquer presen\u00e7a, garantindo que nenhum momento importante seja perdido. A sua <strong data-start=\"747\" data-end=\"782\">vis\u00e3o nocturna por infravermelhos<\/strong> permite obter imagens n\u00edtidas na escurid\u00e3o total, sem assustar os animais ou chamar a aten\u00e7\u00e3o.<\/p>\n<p data-start=\"1189\" data-end=\"1324\" data-rm-block-id=\"block-4\">\u00c9 a escolha perfeita para quem procura <strong data-start=\"1252\" data-end=\"1304\">qualidade de imagem, fiabilidade e facilidade de utiliza\u00e7\u00e3o<\/strong> numa \u00fanica c\u00e2mara.<\/p>\n<ul data-start=\"200\" data-end=\"825\">\n<li data-start=\"200\" data-end=\"295\">\n<p data-start=\"202\" data-end=\"295\"><strong data-start=\"205\" data-end=\"243\">Resolu\u00e7\u00e3o at\u00e9 64 megapix\u00e9is<\/strong> para imagens n\u00edtidas e altamente detalhadas<\/p>\n<\/li>\n<li data-start=\"296\" data-end=\"376\">\n<p data-start=\"298\" data-end=\"376\"><strong data-start=\"301\" data-end=\"342\">Grava\u00e7\u00e3o de v\u00eddeo de alta defini\u00e7\u00e3o<\/strong> com excelente qualidade de imagem<\/p>\n<\/li>\n<li data-start=\"377\" data-end=\"450\">\n<p data-start=\"379\" data-end=\"450\"><strong data-start=\"381\" data-end=\"426\">Sensor de movimento altamente sens\u00edvel<\/strong> com ativa\u00e7\u00e3o r\u00e1pida<\/p>\n<\/li>\n<li data-start=\"451\" data-end=\"547\">\n<p data-start=\"453\" data-end=\"547\"><strong data-start=\"456\" data-end=\"502\">Vis\u00e3o nocturna por infravermelhos invis\u00edvel<\/strong>, ideal para capturas nocturnas sem alerta<\/p>\n<\/li>\n<li data-start=\"548\" data-end=\"630\">\n<p data-start=\"550\" data-end=\"630\"><strong data-start=\"554\" data-end=\"594\">Design resistente \u00e0 \u00e1gua e ao p\u00f3<\/strong>, preparado para utiliza\u00e7\u00e3o no exterior<\/p>\n<\/li>\n<li data-start=\"631\" data-end=\"703\">\n<p data-start=\"633\" data-end=\"703\"><strong data-start=\"636\" data-end=\"663\">Baixo consumo de energia<\/strong> para uma maior dura\u00e7\u00e3o da bateria<\/p>\n<\/li>\n<li data-start=\"704\" data-end=\"775\">\n<p data-start=\"706\" data-end=\"775\"><strong data-start=\"709\" data-end=\"773\">Perfeita para a capta\u00e7\u00e3o de imagens, vigil\u00e2ncia e observa\u00e7\u00e3o da vida selvagem.<\/strong><\/p>\n<\/li>\n<li data-start=\"776\" data-end=\"825\">\n<p data-start=\"778\" data-end=\"825\"><strong data-start=\"782\" data-end=\"825\">Instala\u00e7\u00e3o simples e funcionamento intuitivo<\/strong><\/p>\n<\/li>\n<\/ul>\n<p data-rm-block-id=\"block-5\">","protected":false},"excerpt":{"rendered":"<h3 data-start=\"211\" data-end=\"565\" data-rm-block-id=\"block-1\">O <strong data-start=\"214\" data-end=\"247\">GardePro A5 de 64 megapix\u00e9is<\/strong> \u00e9 uma c\u00e2mara de armadilhagem fotogr\u00e1fica de elevado desempenho concebida para captar imagens e v\u00eddeos excecionalmente detalhados, tanto de dia como de noite. Gra\u00e7as \u00e0 sua potente <strong data-start=\"434\" data-end=\"449\">at\u00e9 64 MP<\/strong>, A c\u00e2mara oferece imagens n\u00edtidas e realistas, ideais para vigil\u00e2ncia, observa\u00e7\u00e3o da vida selvagem ou prote\u00e7\u00e3o de propriedades.<\/h3>","protected":false},"featured_media":23230,"template":"","meta":[],"product_brand":[],"product_cat":[109,138,129],"product_tag":[],"class_list":{"0":"post-23229","1":"product","2":"type-product","3":"status-publish","4":"has-post-thumbnail","6":"product_cat-ofertas","7":"product_cat-camaras-basicas","8":"product_cat-gardepro","10":"first","11":"instock","12":"sale","13":"taxable","14":"shipping-taxable","15":"purchasable","16":"product-type-simple","17":"add-to-wishlist-after_add_to_cart"},"_links":{"self":[{"href":"https:\/\/dinaturez.com\/pt\/wp-json\/wp\/v2\/product\/23229","targetHints":{"allow":["GET"]}}],"collection":[{"href":"https:\/\/dinaturez.com\/pt\/wp-json\/wp\/v2\/product"}],"about":[{"href":"https:\/\/dinaturez.com\/pt\/wp-json\/wp\/v2\/types\/product"}],"wp:featuredmedia":[{"embeddable":true,"href":"https:\/\/dinaturez.com\/pt\/wp-json\/wp\/v2\/media\/23230"}],"wp:attachment":[{"href":"https:\/\/dinaturez.com\/pt\/wp-json\/wp\/v2\/media?parent=23229"}],"wp:term":[{"taxonomy":"product_brand","embeddable":true,"href":"https:\/\/dinaturez.com\/pt\/wp-json\/wp\/v2\/product_brand?post=23229"},{"taxonomy":"product_cat","embeddable":true,"href":"https:\/\/dinaturez.com\/pt\/wp-json\/wp\/v2\/product_cat?post=23229"},{"taxonomy":"product_tag","embeddable":true,"href":"https:\/\/dinaturez.com\/pt\/wp-json\/wp\/v2\/product_tag?post=23229"}],"curies":[{"name":"wp","href":"https:\/\/api.w.org\/{rel}","templated":true}]}}