{"id":23225,"date":"2024-03-08T22:59:43","date_gmt":"2024-03-08T21:59:43","guid":{"rendered":"https:\/\/dinaturez.com\/?post_type=product&#038;p=23225"},"modified":"2024-10-01T08:43:14","modified_gmt":"2024-10-01T06:43:14","slug":"gardepro-e5s","status":"publish","type":"product","link":"https:\/\/dinaturez.com\/pt\/product\/gardepro-e5s\/","title":{"rendered":"Gardepro E5S"},"content":{"rendered":"<p>&nbsp;<\/p>\n<ul>\n<li>Incr\u00edvel qualidade de imagem: lente \u00f3tica starlight l\u00edder da ind\u00fastria, sensor de imagem e otimiza\u00e7\u00e3o de firmware combinados para proporcionar imagens fixas mais n\u00edtidas e claras (at\u00e9 32 MP). Excelente alcance do flash de vis\u00e3o nocturna de 30 m.<\/li>\n<li>Desempenho de v\u00eddeo potente: Esta c\u00e2mara de ca\u00e7a possui uma tecnologia de v\u00eddeo \u00fanica para produzir v\u00eddeo 1296P ou 1080P com um r\u00e1cio de aspeto 16:9. A utiliza\u00e7\u00e3o do H.264 tamb\u00e9m permite uma poupan\u00e7a global de 80 % no espa\u00e7o de armazenamento em compara\u00e7\u00e3o com os formatos de compress\u00e3o convencionais.<\/li>\n<li>Dete\u00e7\u00e3o de movimento ultra-r\u00e1pida: tecnologia pr\u00e9-activada para uma velocidade de ativa\u00e7\u00e3o incr\u00edvel de 0,1s, tempo de recupera\u00e7\u00e3o super-r\u00e1pido de 0,5s, dist\u00e2ncia de dete\u00e7\u00e3o at\u00e9 27m, n\u00e3o perder\u00e1 nenhum animal interessante.<\/li>\n<li>Muito f\u00e1cil de utilizar: menu de opera\u00e7\u00e3o intuitivo e ecr\u00e3 a cores de 2,4\u2033 para um arranque r\u00e1pido, mesmo sem o manual do utilizador na m\u00e3o. Design compacto e robusto da caixa para resistir a todas as condi\u00e7\u00f5es climat\u00e9ricas. Compat\u00edvel com cart\u00f5es de mem\u00f3ria SDHC\/SDXC at\u00e9 512 GB (n\u00e3o inclu\u00eddos).<\/li>\n<li>Mais funcionalidades: 3 modos de captura (fotografia, v\u00eddeo, fotografia e v\u00eddeo), faixa informativa, lapso de tempo, horas de funcionamento, grava\u00e7\u00e3o de som, data, hora e fuso hor\u00e1rio program\u00e1veis, sobreposi\u00e7\u00e3o de loops, protegido com<\/li>\n<li>palavra-passe.<\/li>\n<\/ul>\n<p>A c\u00e2mara de ca\u00e7a E5S possui uma tecnologia de imagem totalmente nova que proporciona imagens est\u00e1ticas de v\u00eddeo de 1296P e 32MP mais n\u00edtidas e inclui um novo design de corpo compacto para facilitar a utiliza\u00e7\u00e3o e a montagem.<\/p>\n<p>Tamb\u00e9m possui dete\u00e7\u00e3o de movimento super-r\u00e1pida e tecnologia de infravermelhos invis\u00edvel, perfeita para a monitoriza\u00e7\u00e3o de rastos de vida selvagem no exterior e para a seguran\u00e7a dom\u00e9stica.<\/p>\n<ul>\n<li>Capte imagens fixas n\u00edtidas de 32 MP<\/li>\n<li>Gravar v\u00eddeo H.264x1296P 2304x1296P suave com \u00e1udio<\/li>\n<li>Vis\u00e3o nocturna n\u00edtida at\u00e9 30 m<\/li>\n<li>Velocidade de disparo ultra-r\u00e1pida de 0,1s<\/li>\n<li>Amplo \u00e2ngulo de dete\u00e7\u00e3o de 120<\/li>\n<li>Amplo alcance de dete\u00e7\u00e3o de 27m<\/li>\n<\/ul>\n<p><strong>Porqu\u00ea escolher a c\u00e2mara de ca\u00e7a E5S?<\/strong><\/p>\n<p><strong>Velocidade de ativa\u00e7\u00e3o r\u00e1pida de 0,1 m<\/strong><\/p>\n<p>Com 3 PIRs altamente sens\u00edveis e um \u00e2ngulo de dete\u00e7\u00e3o de movimento mais amplo de 120\u00b0, os sensores instant\u00e2neos detectam animais em movimento r\u00e1pido em 0,1s, independentemente da velocidade do animal.<\/p>\n<p>objetivo.<\/p>\n<p><strong>Alcance de vis\u00e3o nocturna at\u00e9 30 m<\/strong><\/p>\n<p>Os potentes 36 LEDs IR pretos, de 940 nm, n\u00e3o ofuscantes, oferecem um alcance de vis\u00e3o nocturna de at\u00e9 30 m. Isto permite-lhe apanhar animais distantes na escurid\u00e3o total sem assustar o seu alvo.<\/p>\n<p><strong>Imagens de 32MP<\/strong><\/p>\n<p>O sensor de imagem CMOS topo de gama proporciona imagens n\u00edtidas at\u00e9 32 MP. A tecnologia de corre\u00e7\u00e3o da distor\u00e7\u00e3o e redu\u00e7\u00e3o da desfocagem permite-lhe obter detalhes animais mais v\u00edvidos por fotografia.<\/p>\n<p><strong>V\u00eddeo 1296P H.264<\/strong><\/p>\n<p>Grava v\u00eddeos mais suaves de 2304x1296P 20fps (16: 9) ou 1920x1080P 30fps (16: 9) com som n\u00edtido. Os v\u00eddeos s\u00e3o bem comprimidos no formato H.264 MP4 (~1MB\/s em m\u00e9dia) e permitem uma poupan\u00e7a global de 30-80% no espa\u00e7o de armazenamento em compara\u00e7\u00e3o com as c\u00e2maras convencionais.<\/p>\n<p><strong>IP66 \u00e0 prova de \u00e1gua<\/strong><\/p>\n<p>Fabricada com materiais \u00e0 prova de \u00e1gua de alta densidade combinados com uma caixa compacta, a c\u00e2mara atinge uma resist\u00eancia profissional \u00e0 \u00e1gua e ao p\u00f3 de acordo com a norma IP66. \u00c9 a companheira ideal para todos os tipos de actividades ao ar livre.<\/p>\n<p><strong>Baixo consumo<\/strong><\/p>\n<p>Consome muito pouca energia no modo de espera (menos de 0,1 mA). 8 pilhas AA de alta capacidade (n\u00e3o inclu\u00eddas) podem fornecer 50.000 imagens de 4MP durante o dia ou 13.000 imagens de 4MP durante a noite.<\/p>\n<p><strong>MAIS DETALHES: A C\u00c2MARA DO E5S MERECE-O<\/strong><\/p>\n<p><strong>ESPECIFICA\u00c7\u00d5ES T\u00c9CNICAS<\/strong><\/p>\n<ul>\n<li>3 modos de captura (fotografia, v\u00eddeo, fotografia + v\u00eddeo)<\/li>\n<li>V\u00eddeo: 2304x1296P a 20 fps, 1920x1080P<\/li>\n<li>a 30 fps, 1080x720P a 30 fps em formato MP4 ou MOV<\/li>\n<li>Imagem: 32MP, 24MP, 20MP, 16MP, 8MP, 4MP<\/li>\n<li>Velocidade de liberta\u00e7\u00e3o 0,1s, tempo de recupera\u00e7\u00e3o 0,5s<\/li>\n<li>Ecr\u00e3 a cores de 2,4<\/li>\n<li>Alcance de vis\u00e3o nocturna de 30 m<\/li>\n<li>3 detectores de movimento; \u00e2ngulo de dete\u00e7\u00e3o total de 120\u00b0 (centro 60\u00b0; lado esquerdo 30\u00b0; lado direito 30\u00b0). Os dois movimentos laterais s\u00e3o utilizados para detetar movimento e ativar a c\u00e2mara mais cedo para uma velocidade de ativa\u00e7\u00e3o mais r\u00e1pida. Tire fotografias apenas quando o sensor central detetar objectos.<\/li>\n<\/ul>\n<p><strong>CONCEP\u00c7\u00c3O FI\u00c1VEL PARA UTILIZA\u00c7\u00c3O EM <\/strong><strong>EXTERIORES<\/strong><\/p>\n<ul>\n<li>Temperatura de funcionamento: -20~60\u00b0C<\/li>\n<li>Uma tomada de 12 volts na parte inferior \u00e9 adequada para ligar uma fonte de alimenta\u00e7\u00e3o externa (n\u00e3o inclu\u00edda no \u00e2mbito do fornecimento, o tamanho da tomada deve ser de 5,5 x 2,1 mm) e um parafuso de montagem em trip\u00e9 na base para outras op\u00e7\u00f5es de montagem.<\/li>\n<\/ul>\n<p><strong>NOTAS E CONSELHOS IMPORTANTES<\/strong><\/p>\n<ul>\n<li>Necessita de 8 pilhas AA e de um cart\u00e3o SD normal (n\u00e3o inclu\u00eddo no \u00e2mbito da entrega).<\/li>\n<li>Formate o cart\u00e3o SD na c\u00e2mara antes da primeira utiliza\u00e7\u00e3o.<\/li>\n<li>Utilize pilhas de l\u00edtio em climas frios para obter o melhor desempenho.<\/li>\n<li>Para obter uma imagem nocturna \u00f3ptima, remova todos os obst\u00e1culos \u00e0 frente da c\u00e2mara.<\/li>\n<\/ul>\n<p><strong>CONTE\u00daDO DA EMBALAGEM<\/strong><\/p>\n<ul>\n<li>1 x c\u00e2mara<\/li>\n<li>1 x correia de montagem<\/li>\n<li>1 x manual de instru\u00e7\u00f5es<\/li>\n<li>1 x cabo mini USB<\/li>\n<\/ul>","protected":false},"excerpt":{"rendered":"<p>&nbsp; Incr\u00edvel qualidade de imagem: lente \u00f3tica starlight l\u00edder da ind\u00fastria, sensor de imagem e otimiza\u00e7\u00e3o de firmware combinados para proporcionar imagens fixas mais n\u00edtidas e claras (at\u00e9 32 MP). Excelente alcance do flash de vis\u00e3o nocturna de 30 m. Desempenho de v\u00eddeo potente: esta c\u00e2mara de ca\u00e7a possui tecnologia de v\u00eddeo exclusiva para produzir v\u00eddeos n\u00edtidos e claros [...]<\/p>","protected":false},"featured_media":23228,"template":"","meta":[],"product_brand":[],"product_cat":[138,129],"product_tag":[],"class_list":{"0":"post-23225","1":"product","2":"type-product","3":"status-publish","4":"has-post-thumbnail","6":"product_cat-camaras-basicas","7":"product_cat-gardepro","9":"first","10":"instock","11":"taxable","12":"shipping-taxable","13":"purchasable","14":"product-type-simple","15":"add-to-wishlist-after_add_to_cart"},"_links":{"self":[{"href":"https:\/\/dinaturez.com\/pt\/wp-json\/wp\/v2\/product\/23225","targetHints":{"allow":["GET"]}}],"collection":[{"href":"https:\/\/dinaturez.com\/pt\/wp-json\/wp\/v2\/product"}],"about":[{"href":"https:\/\/dinaturez.com\/pt\/wp-json\/wp\/v2\/types\/product"}],"wp:featuredmedia":[{"embeddable":true,"href":"https:\/\/dinaturez.com\/pt\/wp-json\/wp\/v2\/media\/23228"}],"wp:attachment":[{"href":"https:\/\/dinaturez.com\/pt\/wp-json\/wp\/v2\/media?parent=23225"}],"wp:term":[{"taxonomy":"product_brand","embeddable":true,"href":"https:\/\/dinaturez.com\/pt\/wp-json\/wp\/v2\/product_brand?post=23225"},{"taxonomy":"product_cat","embeddable":true,"href":"https:\/\/dinaturez.com\/pt\/wp-json\/wp\/v2\/product_cat?post=23225"},{"taxonomy":"product_tag","embeddable":true,"href":"https:\/\/dinaturez.com\/pt\/wp-json\/wp\/v2\/product_tag?post=23225"}],"curies":[{"name":"wp","href":"https:\/\/api.w.org\/{rel}","templated":true}]}}