{"id":23221,"date":"2024-03-08T22:34:49","date_gmt":"2024-03-08T21:34:49","guid":{"rendered":"https:\/\/dinaturez.com\/?post_type=product&#038;p=23221"},"modified":"2025-08-13T14:38:03","modified_gmt":"2025-08-13T12:38:03","slug":"gardepro-a3s","status":"publish","type":"product","link":"https:\/\/dinaturez.com\/pt\/product\/gardepro-a3s\/","title":{"rendered":"Gardepro A3S"},"content":{"rendered":"<p>&nbsp;<\/p>\n<p>A c\u00e2mara de ca\u00e7a A3S foi concebida para evitar m\u00e1s experi\u00eancias de vis\u00e3o nocturna, por exemplo, para resolver o problema da sobre-exposi\u00e7\u00e3o e subexposi\u00e7\u00e3o (escurid\u00e3o) das c\u00e2maras de ca\u00e7a convencionais.<\/p>\n<p>Esta c\u00e2mara est\u00e1 equipada com um sensor CMOS Starvis de alta resolu\u00e7\u00e3o e uma lente de grande abertura que garante uma vis\u00e3o nocturna n\u00edtida, que tamb\u00e9m inclui dete\u00e7\u00e3o r\u00e1pida de movimento e tecnologia de infravermelhos NO GLOW.<\/p>\n<ul>\n<li>Tecnologia de imagem ultra-n\u00edtida<\/li>\n<li>V\u00eddeos H.264 1296P com \u00e1udio<\/li>\n<li>Imagem ultra-n\u00edtida de 48MP<\/li>\n<li>Alcance de vis\u00e3o nocturna sem brilho at\u00e9 30 m<\/li>\n<li>Velocidade de disparo ultra-r\u00e1pida de 0,1s<\/li>\n<\/ul>\n<p><strong>Vis\u00e3o nocturna ultra-clara<\/strong><\/p>\n<p>O sensor SONY Starvis e a tecnologia Nighthawk combinam-se com um algoritmo de correspond\u00eancia de imagem patenteado, tecnologia de ilumina\u00e7\u00e3o inteligente e redu\u00e7\u00e3o da desfocagem para obter imagens n\u00edtidas \u00e0 noite. A tecnologia No-glow garante que a sua c\u00e2mara n\u00e3o pode ser vista \u00e0 noite.<\/p>\n<p><strong>V\u00eddeos 1296P H.264<\/strong><\/p>\n<p>Gravar v\u00eddeo 1296P com \u00e1udio mais<\/p>\n<p>fluido. Os v\u00eddeos s\u00e3o bem comprimidos no formato H.264 MP4 (~1MB\/s em m\u00e9dia), o que reduz bastante o tamanho do ficheiro, a transfer\u00eancia e a partilha com a fam\u00edlia ou amigos s\u00e3o mais r\u00e1pidas do que as c\u00e2maras de ca\u00e7a convencionais. O v\u00eddeo MP4 tamb\u00e9m \u00e9 compat\u00edvel com todos os leitores.<\/p>\n<p><strong>Velocidade de ativa\u00e7\u00e3o ultra-r\u00e1pida de 0,1s<\/strong><\/p>\n<p>A combina\u00e7\u00e3o de pr\u00e9-ativa\u00e7\u00e3o e tecnologia de arranque r\u00e1pido assegura um tempo de disparo de 0,1 segundos e um tempo de recupera\u00e7\u00e3o de 0,5 segundos para captar rapidamente todos os momentos emocionantes. Esta c\u00e2mara de exterior tamb\u00e9m tem um alcance de dete\u00e7\u00e3o de at\u00e9 25 m e 3 n\u00edveis de sensibilidade ajust\u00e1veis para v\u00e1rias aplica\u00e7\u00f5es no exterior.<\/p>\n<p><strong>Mais pormenores: <\/strong><\/p>\n<p><strong>Op\u00e7\u00f5es flex\u00edveis e f\u00e1ceis de utilizar<\/strong><\/p>\n<ul>\n<li>Opera\u00e7\u00e3o simples com ecr\u00e3 a cores de 2,4\" integrado e bot\u00e3o de controlo do tipo telecomando de TV.<\/li>\n<li>A armadilha da c\u00e2mara A3S tamb\u00e9m suporta 3 modos de captura (fotografia, v\u00eddeo, fotografia + v\u00eddeo), reprodu\u00e7\u00e3o, lapso de tempo, horas de funcionamento, disparo cont\u00ednuo (m\u00e1ximo de 5 imagens por disparo do obturador), faixa de informa\u00e7\u00e3o, sobreposi\u00e7\u00e3o de loop, palavra-passe.<\/li>\n<\/ul>\n<p><strong>Design fi\u00e1vel para utiliza\u00e7\u00e3o no exterior<\/strong><\/p>\n<ul>\n<li>IP66 \u00e0 prova de \u00e1gua, temperatura de funcionamento: -20~60\u00b0C, ideal para utiliza\u00e7\u00e3o no exterior: animais selvagens ou para seguran\u00e7a dom\u00e9stica.<\/li>\n<\/ul>\n<p><strong>Aconselhamento <\/strong><\/p>\n<ul>\n<li>Necessita de 8 pilhas AA e cart\u00e3o SD<\/li>\n<li>padr\u00e3o (suporta cart\u00e3o SD padr\u00e3o de 512 GB, n\u00e3o inclu\u00eddo no \u00e2mbito da entrega).<\/li>\n<li>Formate o cart\u00e3o SD na c\u00e2mara antes da primeira utiliza\u00e7\u00e3o.<\/li>\n<li>As baterias de l\u00edtio s\u00e3o recomendadas para um desempenho \u00f3timo em ambientes de baixa temperatura.<\/li>\n<li>Para obter a melhor imagem nocturna, remova o maior n\u00famero poss\u00edvel de obst\u00e1culos \u00e0 frente da c\u00e2mara.<\/li>\n<\/ul>\n<p><strong>CONTE\u00daDO DA EMBALAGEM<\/strong><\/p>\n<ul>\n<li>1 x c\u00e2mara<\/li>\n<li>1 x correia de montagem<\/li>\n<li>1 x manual de instru\u00e7\u00f5es<\/li>\n<\/ul>\n<p>1 x cabo m<\/p>","protected":false},"excerpt":{"rendered":"<p>&nbsp; A c\u00e2mara de ca\u00e7a A3S foi concebida para evitar m\u00e1s experi\u00eancias de vis\u00e3o nocturna, por exemplo, para resolver o problema da sobre-exposi\u00e7\u00e3o e da subexposi\u00e7\u00e3o (escurid\u00e3o) das c\u00e2maras de ca\u00e7a convencionais. Esta c\u00e2mara est\u00e1 equipada com um sensor CMOS Starvis de alta resolu\u00e7\u00e3o e uma lente de grande abertura que garante uma vis\u00e3o nocturna n\u00edtida, o que \u00e9 [...]<\/p>","protected":false},"featured_media":23222,"template":"","meta":[],"product_brand":[],"product_cat":[138,129],"product_tag":[],"class_list":{"0":"post-23221","1":"product","2":"type-product","3":"status-publish","4":"has-post-thumbnail","6":"product_cat-camaras-basicas","7":"product_cat-gardepro","9":"first","10":"instock","11":"taxable","12":"shipping-taxable","13":"purchasable","14":"product-type-simple","15":"add-to-wishlist-after_add_to_cart"},"_links":{"self":[{"href":"https:\/\/dinaturez.com\/pt\/wp-json\/wp\/v2\/product\/23221","targetHints":{"allow":["GET"]}}],"collection":[{"href":"https:\/\/dinaturez.com\/pt\/wp-json\/wp\/v2\/product"}],"about":[{"href":"https:\/\/dinaturez.com\/pt\/wp-json\/wp\/v2\/types\/product"}],"wp:featuredmedia":[{"embeddable":true,"href":"https:\/\/dinaturez.com\/pt\/wp-json\/wp\/v2\/media\/23222"}],"wp:attachment":[{"href":"https:\/\/dinaturez.com\/pt\/wp-json\/wp\/v2\/media?parent=23221"}],"wp:term":[{"taxonomy":"product_brand","embeddable":true,"href":"https:\/\/dinaturez.com\/pt\/wp-json\/wp\/v2\/product_brand?post=23221"},{"taxonomy":"product_cat","embeddable":true,"href":"https:\/\/dinaturez.com\/pt\/wp-json\/wp\/v2\/product_cat?post=23221"},{"taxonomy":"product_tag","embeddable":true,"href":"https:\/\/dinaturez.com\/pt\/wp-json\/wp\/v2\/product_tag?post=23221"}],"curies":[{"name":"wp","href":"https:\/\/api.w.org\/{rel}","templated":true}]}}