{"id":23212,"date":"2024-03-02T09:49:52","date_gmt":"2024-03-02T08:49:52","guid":{"rendered":"https:\/\/dinaturez.com\/?post_type=product&#038;p=23212"},"modified":"2026-04-14T10:03:42","modified_gmt":"2026-04-14T08:03:42","slug":"gardepro-x60-pro-max-plmb-panel-solar","status":"publish","type":"product","link":"https:\/\/dinaturez.com\/pt\/product\/gardepro-x60-pro-max-plmb-panel-solar\/","title":{"rendered":"GardePro x60 Pro Max PLMB + painel solar e 32 GB de mem\u00f3ria integrada"},"content":{"rendered":"<h3>GardePro X60 Pro Max PLMB + Painel solar SP300<\/h3>\n<h3 data-rm-block-id=\"block-2\">Na Dinaturez, orgulhamo-nos de oferecer um servi\u00e7o p\u00f3s-venda inigual\u00e1vel no mercado. A nossa rela\u00e7\u00e3o direta com fabricantes internacionais permite-nos garantir um atendimento r\u00e1pido e eficiente aos nossos clientes.<\/h3>\n<p style=\"margin: 0px 0px 20px; padding: 0px; box-sizing: border-box; border-color: var(--loobek-border); color: #000000; font-family: 'Plus Jakarta Sans'; font-size: 14px;\" data-rm-block-id=\"block-3\">Modelo LIBRE<\/p>\n<p data-rm-block-id=\"block-4\"><span style=\"color: #ff0000;\">O modelo desbloqueado significa que pode utilizar um cart\u00e3o SIM de qualquer operador telef\u00f3nico.<\/span><\/p>\n<h2 class=\"floor-title vtmn-typo_title-4 vtmn-y-0 gt-tablet:vtmn-mt-6 gt-tablet:vtmn-mb-6 title__position--center svelte-40ppls\" style=\"margin: 0px 0px 30px; padding: var(--vtmn-spacing_4); box-sizing: border-box; border: 0px solid currentcolor; font-family: var(--vtmn-typo_font-family); font-weight: var(--vtmn-typo_font-weight--bold); color: #101010; font-size: var(--vtmn-typo_title-4-font-size); line-height: var(--vtmn-typo_title-4-line-height); --tw-translate-x: 0; --tw-translate-y: 0; --tw-rotate: 0; --tw-skew-x: 0; --tw-skew-y: 0; --tw-scale-x: 1; --tw-scale-y: 1; --tw-transform: translateX(var(--tw-translate-x)) translateY(var(--tw-translate-y)) rotate(var(--tw-rotate)) skewX(var(--tw-skew-x)) skewY(var(--tw-skew-y)) scaleX(var(--tw-scale-x)) scaleY(var(--tw-scale-y)); --tw-ring-offset-shadow: 0 0 #0000; --tw-ring-shadow: 0 0 #0000; --tw-shadow: 0 0 #0000; --tw-blur: var(--tw-empty, ); --tw-brightness: var(--tw-empty, ); --tw-contrast: var(--tw-empty, ); --tw-grayscale: var(--tw-empty, ); --tw-hue-rotate: var(--tw-empty, ); --tw-invert: var(--tw-empty, ); --tw-saturate: var(--tw-empty, ); --tw-sepia: var(--tw-empty, ); --tw-drop-shadow: var(--tw-empty, ); --tw-filter: var(--tw-blur) var(--tw-brightness) var(--tw-contrast) var(--tw-grayscale) var(--tw-hue-rotate) var(--tw-invert) var(--tw-saturate) var(--tw-sepia) var(--tw-drop-shadow); cursor: pointer; display: flex; align-items: center; justify-content: space-between;\" tabindex=\"0\" role=\"button\" data-rm-block-id=\"block-5\"><span class=\"svelte-40ppls\" style=\"box-sizing: border-box; border: 0px solid currentcolor; --tw-translate-x: 0; --tw-translate-y: 0; --tw-rotate: 0; --tw-skew-x: 0; --tw-skew-y: 0; --tw-scale-x: 1; --tw-scale-y: 1; --tw-transform: translateX(var(--tw-translate-x)) translateY(var(--tw-translate-y)) rotate(var(--tw-rotate)) skewX(var(--tw-skew-x)) skewY(var(--tw-skew-y)) scaleX(var(--tw-scale-x)) scaleY(var(--tw-scale-y)); --tw-ring-offset-shadow: 0 0 #0000; --tw-ring-shadow: 0 0 #0000; --tw-shadow: 0 0 #0000; --tw-blur: var(--tw-empty, ); --tw-brightness: var(--tw-empty, ); --tw-contrast: var(--tw-empty, ); --tw-grayscale: var(--tw-empty, ); --tw-hue-rotate: var(--tw-empty, ); --tw-invert: var(--tw-empty, ); --tw-saturate: var(--tw-empty, ); --tw-sepia: var(--tw-empty, ); --tw-drop-shadow: var(--tw-empty, ); --tw-filter: var(--tw-blur) var(--tw-brightness) var(--tw-contrast) var(--tw-grayscale) var(--tw-hue-rotate) var(--tw-invert) var(--tw-saturate) var(--tw-sepia) var(--tw-drop-shadow); text-overflow: ellipsis; overflow: hidden; padding: 0px var(--vtmn-spacing_4) 0px 0px; margin: 0px calc(var(--vtmn-spacing_4) * -1) 0px 0px;\">Descri\u00e7\u00e3o:<\/span><\/h2>\n<p data-start=\"283\" data-end=\"414\" data-rm-block-id=\"block-6\">Este kit inclui o <strong data-start=\"303\" data-end=\"370\">C\u00e2mara de seguimento 4G com bateria recarreg\u00e1vel + painel solar SP300<\/strong> para alargar drasticamente a autonomia.<\/p>\n<ul data-start=\"415\" data-end=\"803\">\n<li data-start=\"415\" data-end=\"584\">\n<p data-start=\"417\" data-end=\"584\" data-rm-block-id=\"block-7\">A c\u00e2mara \u00e9 fornecida com um <strong data-start=\"436\" data-end=\"484\">bateria interna recarreg\u00e1vel (aprox. 8000 mAh)<\/strong> que pode durar <strong data-start=\"501\" data-end=\"517\">v\u00e1rios meses<\/strong> consoante a utiliza\u00e7\u00e3o e a configura\u00e7\u00e3o.<\/p>\n<\/li>\n<li data-start=\"415\" data-end=\"584\">Mem\u00f3ria de bordo de 32 GB.<\/li>\n<li data-start=\"585\" data-end=\"803\">\n<p data-start=\"587\" data-end=\"803\" data-rm-block-id=\"block-8\">Com o <strong data-start=\"594\" data-end=\"624\">painel solar SP300 inclu\u00eddo<\/strong>, pode <strong data-start=\"633\" data-end=\"672\">mant\u00ea-lo continuamente alimentado<\/strong> em locais ensolarados, reduzindo a necessidade de mudar ou recarregar manualmente as pilhas.<\/p>\n<\/li>\n<\/ul>\n<ul>\n<li data-start=\"842\" data-end=\"1060\">\n<p data-start=\"844\" data-end=\"1060\" data-rm-block-id=\"block-9\">Conectividade <strong data-start=\"857\" data-end=\"867\">4G LTE<\/strong> integrado permite-lhe enviar <strong data-start=\"893\" data-end=\"933\">fotos e v\u00eddeos diretamente para o telem\u00f3vel<\/strong> ou ver a transmiss\u00e3o em direto utilizando o <strong data-start=\"980\" data-end=\"1003\">Aplica\u00e7\u00e3o m\u00f3vel GardePro<\/strong> (iOS \/ Android).<\/p>\n<\/li>\n<li data-start=\"1061\" data-end=\"1163\">\n<p data-start=\"1063\" data-end=\"1163\" data-rm-block-id=\"block-10\">Compat\u00edvel com qualquer cart\u00e3o <strong data-start=\"1096\" data-end=\"1106\">SIM 4G<\/strong> operador local.<\/p>\n<\/li>\n<li data-start=\"1200\" data-end=\"1297\">\n<p data-start=\"1202\" data-end=\"1297\" data-rm-block-id=\"block-11\">Fotos de <strong data-start=\"1211\" data-end=\"1226\">at\u00e9 48 MP<\/strong> y <strong data-start=\"1229\" data-end=\"1256\">V\u00eddeos 2K com som<\/strong>.<\/p>\n<\/li>\n<li data-start=\"1298\" data-end=\"1455\">\n<p data-start=\"1300\" data-end=\"1455\" data-rm-block-id=\"block-12\">\u00c2ngulo de visualiza\u00e7\u00e3o amplo (~70\u00b0) e <strong data-start=\"1333\" data-end=\"1373\">vis\u00e3o nocturna por infravermelhos invis\u00edvel<\/strong> (940 nm), at\u00e9 <strong data-start=\"1390\" data-end=\"1398\">30 m<\/strong> no escuro.<\/p>\n<\/li>\n<li data-start=\"1456\" data-end=\"1571\">\n<p data-start=\"1458\" data-end=\"1571\" data-rm-block-id=\"block-13\">Sensor de movimento PIR com <strong data-start=\"1487\" data-end=\"1532\">dete\u00e7\u00e3o at\u00e9 ~27 m e 120\u00b0 de cobertura<\/strong>.<\/p>\n<\/li>\n<li data-start=\"1608\" data-end=\"1723\">\n<p data-start=\"1610\" data-end=\"1723\" data-rm-block-id=\"block-14\">Ecr\u00e3 <strong data-start=\"1619\" data-end=\"1642\">LCD a cores de 2,4<\/strong> para pr\u00e9-visualizar e configurar as defini\u00e7\u00f5es.<\/p>\n<\/li>\n<li data-start=\"1724\" data-end=\"1828\">\n<p data-start=\"1726\" data-end=\"1828\" data-rm-block-id=\"block-15\">Modos: <strong data-start=\"1733\" data-end=\"1760\">dete\u00e7\u00e3o de movimento<\/strong>, <strong data-start=\"1762\" data-end=\"1775\">lapso de tempo<\/strong> e <strong data-start=\"1778\" data-end=\"1789\">h\u00edbrido<\/strong>.<\/p>\n<\/li>\n<li data-start=\"1859\" data-end=\"2015\">\n<p data-start=\"1861\" data-end=\"2015\" data-rm-block-id=\"block-16\"><strong data-start=\"1861\" data-end=\"1883\">Certifica\u00e7\u00e3o IP66<\/strong> para resist\u00eancia \u00e0 \u00e1gua e ao p\u00f3 - ideal para exteriores e condi\u00e7\u00f5es climat\u00e9ricas adversas.<\/p>\n<\/li>\n<li data-start=\"2016\" data-end=\"2137\">\n<p data-start=\"2018\" data-end=\"2137\" data-rm-block-id=\"block-17\">Ampla gama de temperaturas de funcionamento (tipicamente <strong data-start=\"2077\" data-end=\"2095\">-20 \u00b0C a 60 \u00b0C<\/strong>).<\/p>\n<\/li>\n<li data-start=\"2183\" data-end=\"2276\">\n<p data-start=\"2185\" data-end=\"2276\" data-rm-block-id=\"block-18\"><strong data-start=\"2185\" data-end=\"2206\">Painel solar SP300<\/strong> para uma alimenta\u00e7\u00e3o el\u00e9ctrica cont\u00ednua.<\/p>\n<\/li>\n<li data-start=\"2277\" data-end=\"2383\">\n<p data-start=\"2279\" data-end=\"2383\" data-rm-block-id=\"block-19\">Antena 4G, cabos USB (Type-C e microUSB) e correia de montagem.<\/p>\n<\/li>\n<li data-start=\"2384\" data-end=\"2485\">\n<p data-start=\"2386\" data-end=\"2485\" data-rm-block-id=\"block-20\">Suporte standard (rosca 1\/4) para montagem em poste ou \u00e1rvore.<\/p>\n<\/li>\n<\/ul>\n<div class=\"floor-content svelte-40ppls\" style=\"margin: 0px; padding: 0 var(--vtmn-spacing_4) var(--vtmn-spacing_4); box-sizing: border-box; border: 0px solid currentcolor; font-size: 14px; --tw-translate-x: 0; --tw-translate-y: 0; --tw-rotate: 0; --tw-skew-x: 0; --tw-skew-y: 0; --tw-scale-x: 1; --tw-scale-y: 1; --tw-transform: translateX(var(--tw-translate-x)) translateY(var(--tw-translate-y)) rotate(var(--tw-rotate)) skewX(var(--tw-skew-x)) skewY(var(--tw-skew-y)) scaleX(var(--tw-scale-x)) scaleY(var(--tw-scale-y)); --tw-ring-offset-shadow: 0 0 #0000; --tw-ring-shadow: 0 0 #0000; --tw-shadow: 0 0 #0000; --tw-blur: var(--tw-empty, ); --tw-brightness: var(--tw-empty, ); --tw-contrast: var(--tw-empty, ); --tw-grayscale: var(--tw-empty, ); --tw-hue-rotate: var(--tw-empty, ); --tw-invert: var(--tw-empty, ); --tw-saturate: var(--tw-empty, ); --tw-sepia: var(--tw-empty, ); --tw-drop-shadow: var(--tw-empty, ); --tw-filter: var(--tw-blur) var(--tw-brightness) var(--tw-contrast) var(--tw-grayscale) var(--tw-hue-rotate) var(--tw-invert) var(--tw-saturate) var(--tw-sepia) var(--tw-drop-shadow); color: #101010; font-family: Roboto, Helvetica, 'Helvetica Neue', Arial, sans-serif;\">\n<div class=\"svelte-1uw9j0x\" style=\"margin: 0px; padding: 0px; box-sizing: border-box; border: 0px solid currentcolor; --tw-translate-x: 0; --tw-translate-y: 0; --tw-rotate: 0; --tw-skew-x: 0; --tw-skew-y: 0; --tw-scale-x: 1; --tw-scale-y: 1; --tw-transform: translateX(var(--tw-translate-x)) translateY(var(--tw-translate-y)) rotate(var(--tw-rotate)) skewX(var(--tw-skew-x)) skewY(var(--tw-skew-y)) scaleX(var(--tw-scale-x)) scaleY(var(--tw-scale-y)); --tw-ring-offset-shadow: 0 0 #0000; --tw-ring-shadow: 0 0 #0000; --tw-shadow: 0 0 #0000; --tw-blur: var(--tw-empty, ); --tw-brightness: var(--tw-empty, ); --tw-contrast: var(--tw-empty, ); --tw-grayscale: var(--tw-empty, ); --tw-hue-rotate: var(--tw-empty, ); --tw-invert: var(--tw-empty, ); --tw-saturate: var(--tw-empty, ); --tw-sepia: var(--tw-empty, ); --tw-drop-shadow: var(--tw-empty, ); --tw-filter: var(--tw-blur) var(--tw-brightness) var(--tw-contrast) var(--tw-grayscale) var(--tw-hue-rotate) var(--tw-invert) var(--tw-saturate) var(--tw-sepia) var(--tw-drop-shadow);\">\n<p style=\"margin: 0px 0px 1em; padding: 0px; box-sizing: border-box; border: 0px solid currentcolor; --tw-translate-x: 0; --tw-translate-y: 0; --tw-rotate: 0; --tw-skew-x: 0; --tw-skew-y: 0; --tw-scale-x: 1; --tw-scale-y: 1; --tw-transform: translateX(var(--tw-translate-x)) translateY(var(--tw-translate-y)) rotate(var(--tw-rotate)) skewX(var(--tw-skew-x)) skewY(var(--tw-skew-y)) scaleX(var(--tw-scale-x)) scaleY(var(--tw-scale-y)); --tw-ring-offset-shadow: 0 0 #0000; --tw-ring-shadow: 0 0 #0000; --tw-shadow: 0 0 #0000; --tw-blur: var(--tw-empty, ); --tw-brightness: var(--tw-empty, ); --tw-contrast: var(--tw-empty, ); --tw-grayscale: var(--tw-empty, ); --tw-hue-rotate: var(--tw-empty, ); --tw-invert: var(--tw-empty, ); --tw-saturate: var(--tw-empty, ); --tw-sepia: var(--tw-empty, ); --tw-drop-shadow: var(--tw-empty, ); --tw-filter: var(--tw-blur) var(--tw-brightness) var(--tw-contrast) var(--tw-grayscale) var(--tw-hue-rotate) var(--tw-invert) var(--tw-saturate) var(--tw-sepia) var(--tw-drop-shadow);\" data-rm-block-id=\"block-22\">Acess\u00f3rios inclu\u00eddos:<\/p>\n<p style=\"margin: 0px 0px 1em; padding: 0px; box-sizing: border-box; border: 0px solid currentcolor; --tw-translate-x: 0; --tw-translate-y: 0; --tw-rotate: 0; --tw-skew-x: 0; --tw-skew-y: 0; --tw-scale-x: 1; --tw-scale-y: 1; --tw-transform: translateX(var(--tw-translate-x)) translateY(var(--tw-translate-y)) rotate(var(--tw-rotate)) skewX(var(--tw-skew-x)) skewY(var(--tw-skew-y)) scaleX(var(--tw-scale-x)) scaleY(var(--tw-scale-y)); --tw-ring-offset-shadow: 0 0 #0000; --tw-ring-shadow: 0 0 #0000; --tw-shadow: 0 0 #0000; --tw-blur: var(--tw-empty, ); --tw-brightness: var(--tw-empty, ); --tw-contrast: var(--tw-empty, ); --tw-grayscale: var(--tw-empty, ); --tw-hue-rotate: var(--tw-empty, ); --tw-invert: var(--tw-empty, ); --tw-saturate: var(--tw-empty, ); --tw-sepia: var(--tw-empty, ); --tw-drop-shadow: var(--tw-empty, ); --tw-filter: var(--tw-blur) var(--tw-brightness) var(--tw-contrast) var(--tw-grayscale) var(--tw-hue-rotate) var(--tw-invert) var(--tw-saturate) var(--tw-sepia) var(--tw-drop-shadow);\" data-rm-block-id=\"block-23\">- Painel solar SP300<\/p>\n<p style=\"margin: 0px 0px 1em; padding: 0px; box-sizing: border-box; border: 0px solid currentcolor; --tw-translate-x: 0; --tw-translate-y: 0; --tw-rotate: 0; --tw-skew-x: 0; --tw-skew-y: 0; --tw-scale-x: 1; --tw-scale-y: 1; --tw-transform: translateX(var(--tw-translate-x)) translateY(var(--tw-translate-y)) rotate(var(--tw-rotate)) skewX(var(--tw-skew-x)) skewY(var(--tw-skew-y)) scaleX(var(--tw-scale-x)) scaleY(var(--tw-scale-y)); --tw-ring-offset-shadow: 0 0 #0000; --tw-ring-shadow: 0 0 #0000; --tw-shadow: 0 0 #0000; --tw-blur: var(--tw-empty, ); --tw-brightness: var(--tw-empty, ); --tw-contrast: var(--tw-empty, ); --tw-grayscale: var(--tw-empty, ); --tw-hue-rotate: var(--tw-empty, ); --tw-invert: var(--tw-empty, ); --tw-saturate: var(--tw-empty, ); --tw-sepia: var(--tw-empty, ); --tw-drop-shadow: var(--tw-empty, ); --tw-filter: var(--tw-blur) var(--tw-brightness) var(--tw-contrast) var(--tw-grayscale) var(--tw-hue-rotate) var(--tw-invert) var(--tw-saturate) var(--tw-sepia) var(--tw-drop-shadow);\" data-rm-block-id=\"block-24\">- Antena<\/p>\n<p style=\"margin: 0px 0px 1em; padding: 0px; box-sizing: border-box; border: 0px solid currentcolor; --tw-translate-x: 0; --tw-translate-y: 0; --tw-rotate: 0; --tw-skew-x: 0; --tw-skew-y: 0; --tw-scale-x: 1; --tw-scale-y: 1; --tw-transform: translateX(var(--tw-translate-x)) translateY(var(--tw-translate-y)) rotate(var(--tw-rotate)) skewX(var(--tw-skew-x)) skewY(var(--tw-skew-y)) scaleX(var(--tw-scale-x)) scaleY(var(--tw-scale-y)); --tw-ring-offset-shadow: 0 0 #0000; --tw-ring-shadow: 0 0 #0000; --tw-shadow: 0 0 #0000; --tw-blur: var(--tw-empty, ); --tw-brightness: var(--tw-empty, ); --tw-contrast: var(--tw-empty, ); --tw-grayscale: var(--tw-empty, ); --tw-hue-rotate: var(--tw-empty, ); --tw-invert: var(--tw-empty, ); --tw-saturate: var(--tw-empty, ); --tw-sepia: var(--tw-empty, ); --tw-drop-shadow: var(--tw-empty, ); --tw-filter: var(--tw-blur) var(--tw-brightness) var(--tw-contrast) var(--tw-grayscale) var(--tw-hue-rotate) var(--tw-invert) var(--tw-saturate) var(--tw-sepia) var(--tw-drop-shadow);\" data-rm-block-id=\"block-25\">- Bateria recarreg\u00e1vel L800D<\/p>\n<p style=\"margin: 0px 0px 1em; padding: 0px; box-sizing: border-box; border: 0px solid currentcolor; --tw-translate-x: 0; --tw-translate-y: 0; --tw-rotate: 0; --tw-skew-x: 0; --tw-skew-y: 0; --tw-scale-x: 1; --tw-scale-y: 1; --tw-transform: translateX(var(--tw-translate-x)) translateY(var(--tw-translate-y)) rotate(var(--tw-rotate)) skewX(var(--tw-skew-x)) skewY(var(--tw-skew-y)) scaleX(var(--tw-scale-x)) scaleY(var(--tw-scale-y)); --tw-ring-offset-shadow: 0 0 #0000; --tw-ring-shadow: 0 0 #0000; --tw-shadow: 0 0 #0000; --tw-blur: var(--tw-empty, ); --tw-brightness: var(--tw-empty, ); --tw-contrast: var(--tw-empty, ); --tw-grayscale: var(--tw-empty, ); --tw-hue-rotate: var(--tw-empty, ); --tw-invert: var(--tw-empty, ); --tw-saturate: var(--tw-empty, ); --tw-sepia: var(--tw-empty, ); --tw-drop-shadow: var(--tw-empty, ); --tw-filter: var(--tw-blur) var(--tw-brightness) var(--tw-contrast) var(--tw-grayscale) var(--tw-hue-rotate) var(--tw-invert) var(--tw-saturate) var(--tw-sepia) var(--tw-drop-shadow);\" data-rm-block-id=\"block-26\">- Cabo USB tipo C<\/p>\n<p style=\"margin: 0px 0px 1em; padding: 0px; box-sizing: border-box; border: 0px solid currentcolor; --tw-translate-x: 0; --tw-translate-y: 0; --tw-rotate: 0; --tw-skew-x: 0; --tw-skew-y: 0; --tw-scale-x: 1; --tw-scale-y: 1; --tw-transform: translateX(var(--tw-translate-x)) translateY(var(--tw-translate-y)) rotate(var(--tw-rotate)) skewX(var(--tw-skew-x)) skewY(var(--tw-skew-y)) scaleX(var(--tw-scale-x)) scaleY(var(--tw-scale-y)); --tw-ring-offset-shadow: 0 0 #0000; --tw-ring-shadow: 0 0 #0000; --tw-shadow: 0 0 #0000; --tw-blur: var(--tw-empty, ); --tw-brightness: var(--tw-empty, ); --tw-contrast: var(--tw-empty, ); --tw-grayscale: var(--tw-empty, ); --tw-hue-rotate: var(--tw-empty, ); --tw-invert: var(--tw-empty, ); --tw-saturate: var(--tw-empty, ); --tw-sepia: var(--tw-empty, ); --tw-drop-shadow: var(--tw-empty, ); --tw-filter: var(--tw-blur) var(--tw-brightness) var(--tw-contrast) var(--tw-grayscale) var(--tw-hue-rotate) var(--tw-invert) var(--tw-saturate) var(--tw-sepia) var(--tw-drop-shadow);\" data-rm-block-id=\"block-27\">- Cabo micro USB<\/p>\n<p data-rm-block-id=\"block-29\">GardePro X60 Pro Max PLMB + painel solar SP300<\/p>\n<\/div>\n<\/div>","protected":false},"excerpt":{"rendered":"<p>Gardepro x60 pro max<\/p>\n<p>\ud83c\udf81 Mini linterna port\u00e1til<\/p>\n<p>GRAVA\u00c7\u00c3O AO VIVO<\/p>\n<ul>\n<li>Painel solar SP300 inclu\u00eddo<\/li>\n<li>Bateria de l\u00edtio de 8000mAh INCLU\u00cdDA<\/li>\n<\/ul>\n<p>&nbsp;<\/p>\n<ul>\n<li>Grava\u00e7\u00e3o em direto em tempo real<\/li>\n<li>Envio de imagens e v\u00eddeos para o telem\u00f3vel.<\/li>\n<li>Gest\u00e3o de menus a partir da aplica\u00e7\u00e3o do seu telem\u00f3vel.<\/li>\n<li>LEDs ir 940nm INVIS\u00cdVEIS<\/li>\n<li>32 GB de mem\u00f3ria interna<\/li>\n<li>Resolu\u00e7\u00e3o de imagem de 48 megapix\u00e9is<\/li>\n<li>Resolu\u00e7\u00e3o de v\u00eddeo de alta qualidade<\/li>\n<li>Velocidade elevada do obturador de 0,1 segundo<\/li>\n<li>Sensores laterais para um alcance de dete\u00e7\u00e3o de 120\u00b0<\/li>\n<\/ul>","protected":false},"featured_media":27453,"template":"","meta":[],"product_brand":[],"product_cat":[110,139,129,109],"product_tag":[],"class_list":{"0":"post-23212","1":"product","2":"type-product","3":"status-publish","4":"has-post-thumbnail","6":"product_cat-destacados","7":"product_cat-camara-con-envio-al-movil","8":"product_cat-gardepro","9":"product_cat-ofertas","11":"first","12":"instock","13":"sale","14":"taxable","15":"shipping-taxable","16":"purchasable","17":"product-type-simple","18":"add-to-wishlist-after_add_to_cart"},"_links":{"self":[{"href":"https:\/\/dinaturez.com\/pt\/wp-json\/wp\/v2\/product\/23212","targetHints":{"allow":["GET"]}}],"collection":[{"href":"https:\/\/dinaturez.com\/pt\/wp-json\/wp\/v2\/product"}],"about":[{"href":"https:\/\/dinaturez.com\/pt\/wp-json\/wp\/v2\/types\/product"}],"wp:featuredmedia":[{"embeddable":true,"href":"https:\/\/dinaturez.com\/pt\/wp-json\/wp\/v2\/media\/27453"}],"wp:attachment":[{"href":"https:\/\/dinaturez.com\/pt\/wp-json\/wp\/v2\/media?parent=23212"}],"wp:term":[{"taxonomy":"product_brand","embeddable":true,"href":"https:\/\/dinaturez.com\/pt\/wp-json\/wp\/v2\/product_brand?post=23212"},{"taxonomy":"product_cat","embeddable":true,"href":"https:\/\/dinaturez.com\/pt\/wp-json\/wp\/v2\/product_cat?post=23212"},{"taxonomy":"product_tag","embeddable":true,"href":"https:\/\/dinaturez.com\/pt\/wp-json\/wp\/v2\/product_tag?post=23212"}],"curies":[{"name":"wp","href":"https:\/\/api.w.org\/{rel}","templated":true}]}}