{"id":23206,"date":"2024-02-25T11:46:00","date_gmt":"2024-02-25T10:46:00","guid":{"rendered":"https:\/\/dinaturez.com\/?post_type=product&#038;p=23206"},"modified":"2024-12-16T18:21:28","modified_gmt":"2024-12-16T17:21:28","slug":"kit-panel-solar-con-bateria-incorporada-5200mah-copy","status":"publish","type":"product","link":"https:\/\/dinaturez.com\/pt\/product\/kit-panel-solar-con-bateria-incorporada-5200mah-copy\/","title":{"rendered":"Kit de painel solar com bateria de 5200mah incorporada - C\u00f3pia"},"content":{"rendered":"<p>&nbsp;<\/p>\n<p><span style=\"color: #ff0000;\"><strong>certifique-se de que regula a tens\u00e3o que a c\u00e2mara indica (6v, 9v ou 12v)<\/strong><\/span><\/p>\n<p><span style=\"color: #000000;\"><strong>A mudan\u00e7a de tens\u00e3o est\u00e1 escondida no cabo longo.<\/strong><\/span><\/p>\n<p><strong>Painel solar ideal para a c\u00e2mara de capta\u00e7\u00e3o de imagens.<\/strong><\/p>\n<p><strong>Pode ser carregado em casa com um carregador.<\/strong><\/p>\n<p><strong>Substitui\u00e7\u00e3o f\u00e1cil da bateria (18650)<\/strong><\/p>\n<p><strong>Tens\u00e3o de carga <\/strong>DV 5V +-5%\/2.A<\/p>\n<p><strong>Elevada efici\u00eancia de convers\u00e3o, sil\u00edcio <\/strong><\/p>\n<p><strong>monocristalino.<\/strong><\/p>\n<p><strong>Cabo de 2,5 metros.<\/strong><\/p>\n<p><strong>Tens\u00e3o ajust\u00e1vel (6v, 9v e 12v). Suporta uma variedade de interfaces de carregamento. Suporta carregamento r\u00e1pido de 5V2.4A. Suporta diferentes sa\u00eddas de corrente.<\/strong><\/p>\n<p><strong>Bateria de l\u00edtio recarreg\u00e1vel incorporada, f\u00e1cil escolha da bateria. Prote\u00e7\u00e3o de carga de passagem superior, prote\u00e7\u00e3o contra altas temperaturas.<\/strong><\/p>\n<p><strong>Funcionamento a temperaturas muito baixas. <\/strong><\/p>\n<p><strong>RECARREG\u00c1VEL EM DIAS NUBLADOS .<\/strong><\/p>\n<p><strong>Suporta a dete\u00e7\u00e3o de bateria. Suporta arranque autom\u00e1tico em carga.<\/strong><\/p>\n<p><strong>Medidas: <\/strong>174*120*35mm<\/p>","protected":false},"excerpt":{"rendered":"<p>&nbsp; CERTIFICAR-SE DE QUE A VOLTAGEM INDICADA PELA C\u00c2MARA ( 6v, 9v ou 12v ) A mudan\u00e7a de voltagem est\u00e1 escondida no cabo longo. Painel solar ideal para a c\u00e2mara de capta\u00e7\u00e3o de imagens. Pode ser carregada em casa com um carregador. F\u00e1cil de mudar as pilhas ( 18650 ) Tens\u00e3o de carga DV 5V +-5%\/2.A Alta [...]<\/p>","protected":false},"featured_media":23198,"template":"","meta":[],"product_brand":[],"product_cat":[128],"product_tag":[],"class_list":{"0":"post-23206","1":"product","2":"type-product","3":"status-publish","4":"has-post-thumbnail","6":"product_cat-placas-solares","8":"first","9":"outofstock","10":"taxable","11":"shipping-taxable","12":"purchasable","13":"product-type-simple","14":"add-to-wishlist-after_add_to_cart"},"_links":{"self":[{"href":"https:\/\/dinaturez.com\/pt\/wp-json\/wp\/v2\/product\/23206","targetHints":{"allow":["GET"]}}],"collection":[{"href":"https:\/\/dinaturez.com\/pt\/wp-json\/wp\/v2\/product"}],"about":[{"href":"https:\/\/dinaturez.com\/pt\/wp-json\/wp\/v2\/types\/product"}],"wp:featuredmedia":[{"embeddable":true,"href":"https:\/\/dinaturez.com\/pt\/wp-json\/wp\/v2\/media\/23198"}],"wp:attachment":[{"href":"https:\/\/dinaturez.com\/pt\/wp-json\/wp\/v2\/media?parent=23206"}],"wp:term":[{"taxonomy":"product_brand","embeddable":true,"href":"https:\/\/dinaturez.com\/pt\/wp-json\/wp\/v2\/product_brand?post=23206"},{"taxonomy":"product_cat","embeddable":true,"href":"https:\/\/dinaturez.com\/pt\/wp-json\/wp\/v2\/product_cat?post=23206"},{"taxonomy":"product_tag","embeddable":true,"href":"https:\/\/dinaturez.com\/pt\/wp-json\/wp\/v2\/product_tag?post=23206"}],"curies":[{"name":"wp","href":"https:\/\/api.w.org\/{rel}","templated":true}]}}