{"id":23190,"date":"2024-02-21T21:00:44","date_gmt":"2024-02-21T20:00:44","guid":{"rendered":"https:\/\/dinaturez.com\/?post_type=product&#038;p=23190"},"modified":"2026-03-26T15:36:29","modified_gmt":"2026-03-26T14:36:29","slug":"minicamara-mini-800-50-megapixeles","status":"publish","type":"product","link":"https:\/\/dinaturez.com\/pt\/product\/minicamara-mini-800-50-megapixeles\/","title":{"rendered":"Mini mini 800 C\u00e2mara de 50 megapix\u00e9is"},"content":{"rendered":"<p>&nbsp;<\/p>\n<p>C\u00e2mara de alta qualidade para dia e noite. C\u00e2mara de armadilhagem fotogr\u00e1fica de alta qualidade com resolu\u00e7\u00e3o de 50MP e grava\u00e7\u00e3o 4K. Poder\u00e1 captar imagens e v\u00eddeos n\u00edtidos tanto durante o dia (a cores) como \u00e0 noite (a preto e branco). Al\u00e9m disso, a profundidade do sensor de imagem foi melhorada para lhe proporcionar um amplo alcance de visibilidade de at\u00e9 20 metros.<\/p>\n<p>Excelente vis\u00e3o nocturna. Esta c\u00e2mara armadilha fotogr\u00e1fica com vis\u00e3o nocturna est\u00e1 equipada com um filtro de infravermelhos totalmente autom\u00e1tico e l\u00e2mpadas de infravermelhos de 850 nm, que fornecem luz suficiente para fotografar \u00e0 noite sem sobre-exposi\u00e7\u00e3o e captam imagens e v\u00eddeos noturnos n\u00edtidos.<\/p>\n<p>Velocidade r\u00e1pida do obturador e \u00e2ngulo amplo de 120\u00b0. Esta c\u00e2mara de capta\u00e7\u00e3o de imagens oferece uma velocidade de obtura\u00e7\u00e3o espantosa de 0,2S. Cada momento detectado ser\u00e1 gravado instantaneamente e garante que nunca perder\u00e1 uma fotografia. A objetiva com \u00e2ngulo de vis\u00e3o de 120\u00b0 capta imagens mais abundantes e assuntos intuitivos para proporcionar fotografias e v\u00eddeos de alta qualidade.<\/p>\n<p>Prote\u00e7\u00e3o de cor natural \u00e0 prova de \u00e1gua IP65. A c\u00e2mara de capta\u00e7\u00e3o de imagens pode funcionar a temperaturas extremas entre -20\u00b0C e 70\u00b0C. \u00c0 prova de \u00e1gua IP65, pode resistir eficazmente \u00e0 \u00e1gua da chuva e \u00e0 eros\u00e3o da areia. A c\u00e2mara de ca\u00e7a utiliza padr\u00f5es de folhas como cor de prote\u00e7\u00e3o, misturando-se com o ambiente natural e permitindo-lhe observar melhor os animais.<\/p>\n<p>Funcionamento simples e multifuncional.<\/p>\n<p>Ecr\u00e3 LCD 2.0 Para visualizar a dura\u00e7\u00e3o da bateria, ver v\u00eddeos e imagens gravadas, personalizar defini\u00e7\u00f5es. Por exemplo, carimbo de hora\/ Temporizador\/ Intervalo e sensibilidade PIR\/ Fun\u00e7\u00e3o de atraso\/ Prote\u00e7\u00e3o<\/p>\n<p>com palavra-passe, etc.<\/p>\n<p>Medidas: 110mm * 90mm * 4,5mm<\/p>","protected":false},"excerpt":{"rendered":"<p>&nbsp; C\u00e2mara de alta qualidade para dia e noite. C\u00e2mara de armadilhagem fotogr\u00e1fica de alta qualidade com resolu\u00e7\u00e3o de 50MP e grava\u00e7\u00e3o 4K. Poder\u00e1 captar imagens e v\u00eddeos n\u00edtidos tanto durante o dia (a cores) como \u00e0 noite (a preto e branco). Al\u00e9m disso, a profundidade do sensor de imagem foi melhorada para lhe proporcionar uma vasta gama de qualidade de imagem e [...]<\/p>","protected":false},"featured_media":23192,"template":"","meta":[],"product_brand":[],"product_cat":[138,140,109,130],"product_tag":[],"class_list":{"0":"post-23190","1":"product","2":"type-product","3":"status-publish","4":"has-post-thumbnail","6":"product_cat-camaras-basicas","7":"product_cat-mini-camaras","8":"product_cat-ofertas","9":"product_cat-suntek","11":"first","12":"instock","13":"sale","14":"taxable","15":"shipping-taxable","16":"purchasable","17":"product-type-simple","18":"add-to-wishlist-after_add_to_cart"},"_links":{"self":[{"href":"https:\/\/dinaturez.com\/pt\/wp-json\/wp\/v2\/product\/23190","targetHints":{"allow":["GET"]}}],"collection":[{"href":"https:\/\/dinaturez.com\/pt\/wp-json\/wp\/v2\/product"}],"about":[{"href":"https:\/\/dinaturez.com\/pt\/wp-json\/wp\/v2\/types\/product"}],"wp:featuredmedia":[{"embeddable":true,"href":"https:\/\/dinaturez.com\/pt\/wp-json\/wp\/v2\/media\/23192"}],"wp:attachment":[{"href":"https:\/\/dinaturez.com\/pt\/wp-json\/wp\/v2\/media?parent=23190"}],"wp:term":[{"taxonomy":"product_brand","embeddable":true,"href":"https:\/\/dinaturez.com\/pt\/wp-json\/wp\/v2\/product_brand?post=23190"},{"taxonomy":"product_cat","embeddable":true,"href":"https:\/\/dinaturez.com\/pt\/wp-json\/wp\/v2\/product_cat?post=23190"},{"taxonomy":"product_tag","embeddable":true,"href":"https:\/\/dinaturez.com\/pt\/wp-json\/wp\/v2\/product_tag?post=23190"}],"curies":[{"name":"wp","href":"https:\/\/api.w.org\/{rel}","templated":true}]}}