{"id":23180,"date":"2024-02-17T11:33:09","date_gmt":"2024-02-17T10:33:09","guid":{"rendered":"https:\/\/dinaturez.com\/?post_type=product&#038;p=23180"},"modified":"2026-04-08T15:58:34","modified_gmt":"2026-04-08T13:58:34","slug":"antena-para-camara-de-fototrampeo-4g","status":"publish","type":"product","link":"https:\/\/dinaturez.com\/pt\/product\/antena-para-camara-de-fototrampeo-4g\/","title":{"rendered":"Antena 4G para c\u00e2mara Suntek Phototrap"},"content":{"rendered":"<h3>A antena de c\u00e2mara de rede de painel plano 4G de alto ganho da Suntek proporciona aos utilizadores uma experi\u00eancia de liga\u00e7\u00e3o de qualidade superior. Ajuda o seu dispositivo a captar os melhores sinais no ambiente, permitindo-lhe desfrutar de uma experi\u00eancia de Internet sem falhas.<\/h3>\n<h3>Antena dobr\u00e1vel com cola em bast\u00e3o<\/h3>\n<h3>A LTE \u00e9 \u00fanica com a sua inovadora forma de palete plana, que a torna f\u00e1cil de esticar e dobrar quando necess\u00e1rio, f\u00e1cil de transportar e com um design \u00fanico, elegante e de vanguarda.<\/h3>\n<h3>Boa capacidade de rece\u00e7\u00e3o de sinais 4G.<\/h3>\n<p>&nbsp;<\/p>\n<p>Caracter\u00edsticas:<\/p>\n<p>Material:ABS<\/p>\n<p>Peso: aproximadamente 45g<\/p>\n<p>Tamanho: 20*1,3*4,5 cm<\/p>\n<p>Cor: preto<\/p>\n<p>Banda de frequ\u00eancia da antena: 600-6000MHz<\/p>\n<p>Pot\u00eancia: 50W<\/p>\n<p>Imped\u00e2ncia: 500<\/p>","protected":false},"excerpt":{"rendered":"<p>A antena de c\u00e2mara de rede de painel plano 4G de alto ganho da Suntek proporciona aos utilizadores uma experi\u00eancia de liga\u00e7\u00e3o de qualidade superior. Ajuda o seu dispositivo a captar os melhores sinais no ambiente, permitindo-lhe desfrutar de uma experi\u00eancia de Internet sem falhas.<\/p>","protected":false},"featured_media":23181,"template":"","meta":[],"product_brand":[],"product_cat":[105,130],"product_tag":[],"class_list":{"0":"post-23180","1":"product","2":"type-product","3":"status-publish","4":"has-post-thumbnail","6":"product_cat-accesorios","7":"product_cat-suntek","9":"first","10":"instock","11":"taxable","12":"shipping-taxable","13":"purchasable","14":"product-type-simple","15":"add-to-wishlist-after_add_to_cart"},"_links":{"self":[{"href":"https:\/\/dinaturez.com\/pt\/wp-json\/wp\/v2\/product\/23180","targetHints":{"allow":["GET"]}}],"collection":[{"href":"https:\/\/dinaturez.com\/pt\/wp-json\/wp\/v2\/product"}],"about":[{"href":"https:\/\/dinaturez.com\/pt\/wp-json\/wp\/v2\/types\/product"}],"wp:featuredmedia":[{"embeddable":true,"href":"https:\/\/dinaturez.com\/pt\/wp-json\/wp\/v2\/media\/23181"}],"wp:attachment":[{"href":"https:\/\/dinaturez.com\/pt\/wp-json\/wp\/v2\/media?parent=23180"}],"wp:term":[{"taxonomy":"product_brand","embeddable":true,"href":"https:\/\/dinaturez.com\/pt\/wp-json\/wp\/v2\/product_brand?post=23180"},{"taxonomy":"product_cat","embeddable":true,"href":"https:\/\/dinaturez.com\/pt\/wp-json\/wp\/v2\/product_cat?post=23180"},{"taxonomy":"product_tag","embeddable":true,"href":"https:\/\/dinaturez.com\/pt\/wp-json\/wp\/v2\/product_tag?post=23180"}],"curies":[{"name":"wp","href":"https:\/\/api.w.org\/{rel}","templated":true}]}}