{"id":23166,"date":"2024-02-15T19:48:05","date_gmt":"2024-02-15T18:48:05","guid":{"rendered":"https:\/\/dinaturez.com\/?post_type=product&#038;p=23166"},"modified":"2025-09-01T16:14:53","modified_gmt":"2025-09-01T14:14:53","slug":"camara-hc-900pro","status":"publish","type":"product","link":"https:\/\/dinaturez.com\/pt\/product\/camara-hc-900pro\/","title":{"rendered":"C\u00e2mara HC-900Pro"},"content":{"rendered":"<p>&nbsp;<\/p>\n<p>Guia definitivo e eficaz para um modelo de c\u00e2mara avan\u00e7ado: C\u00e2mara HC-900Pro<\/p>\n<p>&gt;&gt; ENVIAR FOTOGRAFIAS E V\u00cdDEOS PARA O TELEM\u00d3VEL<\/p>\n<p>Descubra todas as funcionalidades deste dispositivo.<\/p>\n<p>&gt;&gt; GRAVA\u00c7\u00c3O EM DIRECTO !!!<\/p>\n<p>&gt; CART\u00c3O DE MEM\u00d3RIA MICROSD GRATUITO<\/p>\n<p>&gt; NOVA ACTUALIZA\u00c7\u00c3O DE SOFTWARE COM 36 MEGAPIX\u00c9IS<\/p>\n<p>Descubra todas as carater\u00edsticas para tirar o m\u00e1ximo partido da sua funcionalidade.<\/p>\n<p>Este dispositivo \u00e9 ideal para captar momentos inesquec\u00edveis com a sua elevada qualidade de imagem.<\/p>\n<ul>\n<li>V\u00eddeos 4k<\/li>\n<li>ir 940nm INVIS\u00cdVEL<\/li>\n<li>enviar fotografias e v\u00eddeos para a aplica\u00e7\u00e3o<\/li>\n<li>todo o menu \u00e9 operado a partir da aplica\u00e7\u00e3o<\/li>\n<\/ul>\n<p>&nbsp;<\/p>\n<p>&gt;&gt; NOVA ANTENA!!!! MELHORAR A COBERTURA 4G (12db)<\/p>\n<ul>\n<li>manuseamento f\u00e1cil<\/li>\n<\/ul>\n<p>&gt; CONFIGURA\u00c7\u00c3O COM TELEFONE GRATUITO<\/p>\n<ul>\n<li>\u00e0 prova de \u00e1gua (ip66)<\/li>\n<li>ecr\u00e3 frontal para f\u00e1cil posicionamento<\/li>\n<\/ul>\n<p>Sa\u00edda de -12v para bateria externa ou painel<\/p>","protected":false},"excerpt":{"rendered":"<p>ENV\u00cdO DE FOTOS Y V\u00cdDEOS AL TEL\u00c9FONO<\/p>\n<p>&gt;&gt; GRAVA\u00c7\u00c3O EM DIRECTO !!!<\/p>\n<p>&gt; CART\u00c3O DE MEM\u00d3RIA MICROSD GRATUITO<\/p>\n<p>&gt; NOVA ACTUALIZA\u00c7\u00c3O DE SOFTWARE COM 36 MEGAPIX\u00c9IS<\/p>","protected":false},"featured_media":23172,"template":"","meta":[],"product_brand":[],"product_cat":[139,130],"product_tag":[],"class_list":{"0":"post-23166","1":"product","2":"type-product","3":"status-publish","4":"has-post-thumbnail","6":"product_cat-camara-con-envio-al-movil","7":"product_cat-suntek","9":"first","10":"outofstock","11":"taxable","12":"shipping-taxable","13":"purchasable","14":"product-type-simple","15":"add-to-wishlist-after_add_to_cart"},"_links":{"self":[{"href":"https:\/\/dinaturez.com\/pt\/wp-json\/wp\/v2\/product\/23166","targetHints":{"allow":["GET"]}}],"collection":[{"href":"https:\/\/dinaturez.com\/pt\/wp-json\/wp\/v2\/product"}],"about":[{"href":"https:\/\/dinaturez.com\/pt\/wp-json\/wp\/v2\/types\/product"}],"wp:featuredmedia":[{"embeddable":true,"href":"https:\/\/dinaturez.com\/pt\/wp-json\/wp\/v2\/media\/23172"}],"wp:attachment":[{"href":"https:\/\/dinaturez.com\/pt\/wp-json\/wp\/v2\/media?parent=23166"}],"wp:term":[{"taxonomy":"product_brand","embeddable":true,"href":"https:\/\/dinaturez.com\/pt\/wp-json\/wp\/v2\/product_brand?post=23166"},{"taxonomy":"product_cat","embeddable":true,"href":"https:\/\/dinaturez.com\/pt\/wp-json\/wp\/v2\/product_cat?post=23166"},{"taxonomy":"product_tag","embeddable":true,"href":"https:\/\/dinaturez.com\/pt\/wp-json\/wp\/v2\/product_tag?post=23166"}],"curies":[{"name":"wp","href":"https:\/\/api.w.org\/{rel}","templated":true}]}}