{"id":23160,"date":"2024-02-15T19:25:16","date_gmt":"2024-02-15T18:25:16","guid":{"rendered":"https:\/\/dinaturez.com\/?post_type=product&#038;p=23160"},"modified":"2026-04-29T09:50:38","modified_gmt":"2026-04-29T07:50:38","slug":"mini-linterna-led","status":"publish","type":"product","link":"https:\/\/dinaturez.com\/pt\/product\/mini-linterna-led\/","title":{"rendered":"Mini lanterna LED"},"content":{"rendered":"<p>Mini lanterna LED recarreg\u00e1vel de alta pot\u00eancia.<\/p>\n<p>&nbsp;<\/p>\n<p>Leve e resistente (material em alum\u00ednio). Especialmente concebido para qualquer tipo de circunst\u00e2ncia, sendo muito f\u00e1cil de transportar devido \u00e0 sua leveza e conforto. Resistente a diferentes circunst\u00e2ncias naturais adversas.<\/p>\n<p>3 modos de luz. Possui 3 modos de luz LED, luz brilhante, luz SOS e luz lateral.<\/p>\n<p>Extens\u00edvel Dependendo das suas necessidades, ao estender a cabe\u00e7a, o alcance da luz expande-se ou contrai-se.<\/p>\n<p>Recarreg\u00e1vel por USB. Para al\u00e9m da sua longa dura\u00e7\u00e3o, a bateria (j\u00e1 inclu\u00edda) \u00e9 recarreg\u00e1vel por USB (CABO INCLU\u00cdDO NA CAIXA).<\/p>","protected":false},"excerpt":{"rendered":"<p>Mini Linterna, Ligera y Resistente (material de aluminio). Fabricada especialmente para cualquier tipo de circunstancia, siendo muy f\u00e1cil de transportar debido a su ligereza y confort. Adem\u00e1s resistente para distintas circunstancias adversas naturales.<\/p>","protected":false},"featured_media":23171,"template":"","meta":[],"product_brand":[],"product_cat":[105],"product_tag":[],"class_list":{"0":"post-23160","1":"product","2":"type-product","3":"status-publish","4":"has-post-thumbnail","6":"product_cat-accesorios","8":"first","9":"outofstock","10":"taxable","11":"shipping-taxable","12":"purchasable","13":"product-type-simple","14":"add-to-wishlist-after_add_to_cart"},"_links":{"self":[{"href":"https:\/\/dinaturez.com\/pt\/wp-json\/wp\/v2\/product\/23160","targetHints":{"allow":["GET"]}}],"collection":[{"href":"https:\/\/dinaturez.com\/pt\/wp-json\/wp\/v2\/product"}],"about":[{"href":"https:\/\/dinaturez.com\/pt\/wp-json\/wp\/v2\/types\/product"}],"wp:featuredmedia":[{"embeddable":true,"href":"https:\/\/dinaturez.com\/pt\/wp-json\/wp\/v2\/media\/23171"}],"wp:attachment":[{"href":"https:\/\/dinaturez.com\/pt\/wp-json\/wp\/v2\/media?parent=23160"}],"wp:term":[{"taxonomy":"product_brand","embeddable":true,"href":"https:\/\/dinaturez.com\/pt\/wp-json\/wp\/v2\/product_brand?post=23160"},{"taxonomy":"product_cat","embeddable":true,"href":"https:\/\/dinaturez.com\/pt\/wp-json\/wp\/v2\/product_cat?post=23160"},{"taxonomy":"product_tag","embeddable":true,"href":"https:\/\/dinaturez.com\/pt\/wp-json\/wp\/v2\/product_tag?post=23160"}],"curies":[{"name":"wp","href":"https:\/\/api.w.org\/{rel}","templated":true}]}}