{"id":23156,"date":"2024-02-15T19:16:21","date_gmt":"2024-02-15T18:16:21","guid":{"rendered":"https:\/\/dinaturez.com\/?post_type=product&#038;p=23156"},"modified":"2024-07-11T16:26:47","modified_gmt":"2024-07-11T14:26:47","slug":"a","status":"publish","type":"product","link":"https:\/\/dinaturez.com\/pt\/product\/a\/","title":{"rendered":"Cart\u00e3o de mem\u00f3ria de 32 GB"},"content":{"rendered":"<p>Cart\u00e3o Micro SD com adaptador SD.<\/p>\n<p>32 GB<\/p>\n<p>Classe 10.<\/p>","protected":false},"excerpt":{"rendered":"<p>Cart\u00e3o Micro SD com adaptador SD.<\/p>\n<p>32 GB<\/p>\n<p>Classe 10.<\/p>","protected":false},"featured_media":23158,"template":"","meta":[],"product_brand":[],"product_cat":[105],"product_tag":[],"class_list":{"0":"post-23156","1":"product","2":"type-product","3":"status-publish","4":"has-post-thumbnail","6":"product_cat-accesorios","8":"first","9":"instock","10":"taxable","11":"shipping-taxable","12":"purchasable","13":"product-type-simple","14":"add-to-wishlist-after_add_to_cart"},"_links":{"self":[{"href":"https:\/\/dinaturez.com\/pt\/wp-json\/wp\/v2\/product\/23156","targetHints":{"allow":["GET"]}}],"collection":[{"href":"https:\/\/dinaturez.com\/pt\/wp-json\/wp\/v2\/product"}],"about":[{"href":"https:\/\/dinaturez.com\/pt\/wp-json\/wp\/v2\/types\/product"}],"wp:featuredmedia":[{"embeddable":true,"href":"https:\/\/dinaturez.com\/pt\/wp-json\/wp\/v2\/media\/23158"}],"wp:attachment":[{"href":"https:\/\/dinaturez.com\/pt\/wp-json\/wp\/v2\/media?parent=23156"}],"wp:term":[{"taxonomy":"product_brand","embeddable":true,"href":"https:\/\/dinaturez.com\/pt\/wp-json\/wp\/v2\/product_brand?post=23156"},{"taxonomy":"product_cat","embeddable":true,"href":"https:\/\/dinaturez.com\/pt\/wp-json\/wp\/v2\/product_cat?post=23156"},{"taxonomy":"product_tag","embeddable":true,"href":"https:\/\/dinaturez.com\/pt\/wp-json\/wp\/v2\/product_tag?post=23156"}],"curies":[{"name":"wp","href":"https:\/\/api.w.org\/{rel}","templated":true}]}}