{"id":23153,"date":"2024-02-13T09:47:53","date_gmt":"2024-02-13T08:47:53","guid":{"rendered":"https:\/\/dinaturez.com\/?post_type=product&#038;p=23153"},"modified":"2026-04-27T20:03:29","modified_gmt":"2026-04-27T18:03:29","slug":"funda-termico","status":"publish","type":"product","link":"https:\/\/dinaturez.com\/pt\/product\/funda-termico\/","title":{"rendered":"Manga t\u00e9rmica redonda"},"content":{"rendered":"<p>&nbsp;<\/p>\n<p>Estojo redondo para t\u00e9rmicas e lanterna.<\/p>\n<p>Estojo r\u00edgido de alta qualidade para proteger o seu mon\u00f3culo ou lanterna de choques e quedas.<\/p>\n<p>&nbsp;<\/p>\n<p>Medidas: 23,5 cm x 7 cm<\/p>\n<p>&nbsp;<\/p>\n<p>hikmicro linx owl gryphon pulsa axion helion flir scout zeiss dti lahoux burris xeye cyclops leica guide konus night peart scops ...<\/p>","protected":false},"excerpt":{"rendered":"<p>&nbsp; Estojo redondo para mon\u00f3culos t\u00e9rmicos e lanternas. Estojo r\u00edgido de alta qualidade para proteger o seu mon\u00f3culo ou lanterna de choques e quedas.   Medidas: 23,5cm x 7cm hikmicro linx owl gryphon pulsa axion helion flir scout zeiss dti lahoux burris xeye cyclops leica guide konus night peart scops ...<\/p>","protected":false},"featured_media":23154,"template":"","meta":[],"product_brand":[],"product_cat":[105],"product_tag":[],"class_list":{"0":"post-23153","1":"product","2":"type-product","3":"status-publish","4":"has-post-thumbnail","6":"product_cat-accesorios","8":"first","9":"instock","10":"taxable","11":"shipping-taxable","12":"purchasable","13":"product-type-simple","14":"add-to-wishlist-after_add_to_cart"},"_links":{"self":[{"href":"https:\/\/dinaturez.com\/pt\/wp-json\/wp\/v2\/product\/23153","targetHints":{"allow":["GET"]}}],"collection":[{"href":"https:\/\/dinaturez.com\/pt\/wp-json\/wp\/v2\/product"}],"about":[{"href":"https:\/\/dinaturez.com\/pt\/wp-json\/wp\/v2\/types\/product"}],"wp:featuredmedia":[{"embeddable":true,"href":"https:\/\/dinaturez.com\/pt\/wp-json\/wp\/v2\/media\/23154"}],"wp:attachment":[{"href":"https:\/\/dinaturez.com\/pt\/wp-json\/wp\/v2\/media?parent=23153"}],"wp:term":[{"taxonomy":"product_brand","embeddable":true,"href":"https:\/\/dinaturez.com\/pt\/wp-json\/wp\/v2\/product_brand?post=23153"},{"taxonomy":"product_cat","embeddable":true,"href":"https:\/\/dinaturez.com\/pt\/wp-json\/wp\/v2\/product_cat?post=23153"},{"taxonomy":"product_tag","embeddable":true,"href":"https:\/\/dinaturez.com\/pt\/wp-json\/wp\/v2\/product_tag?post=23153"}],"curies":[{"name":"wp","href":"https:\/\/api.w.org\/{rel}","templated":true}]}}