{"id":23145,"date":"2024-02-13T09:35:35","date_gmt":"2024-02-13T08:35:35","guid":{"rendered":"https:\/\/dinaturez.com\/?post_type=product&#038;p=23145"},"modified":"2024-02-25T11:40:46","modified_gmt":"2024-02-25T10:40:46","slug":"funda-rigida-para-camara","status":"publish","type":"product","link":"https:\/\/dinaturez.com\/pt\/product\/funda-rigida-para-camara\/","title":{"rendered":"Estojo r\u00edgido para c\u00e2mara"},"content":{"rendered":"<p>Estojo r\u00edgido de alta qualidade com espuma de prote\u00e7\u00e3o.<\/p>\n<p>Estojo para guardar a sua c\u00e2mara, t\u00e9rmica, nocturna, etc.<\/p>\n<p>Medidas interiores 21cm (comprimento) x 12cm (largura) x 7cm (altura).<\/p>","protected":false},"excerpt":{"rendered":"<p>Estojo r\u00edgido de alta qualidade com espuma de prote\u00e7\u00e3o. Estojo para guardar a sua c\u00e2mara, t\u00e9rmica, nocturna, etc. Dimens\u00f5es interiores 21cm (comprimento) x 12cm (largura) x 7cm (altura).<\/p>","protected":false},"featured_media":23147,"template":"","meta":[],"product_brand":[],"product_cat":[105],"product_tag":[],"class_list":{"0":"post-23145","1":"product","2":"type-product","3":"status-publish","4":"has-post-thumbnail","6":"product_cat-accesorios","8":"first","9":"instock","10":"taxable","11":"shipping-taxable","12":"purchasable","13":"product-type-simple","14":"add-to-wishlist-after_add_to_cart"},"_links":{"self":[{"href":"https:\/\/dinaturez.com\/pt\/wp-json\/wp\/v2\/product\/23145","targetHints":{"allow":["GET"]}}],"collection":[{"href":"https:\/\/dinaturez.com\/pt\/wp-json\/wp\/v2\/product"}],"about":[{"href":"https:\/\/dinaturez.com\/pt\/wp-json\/wp\/v2\/types\/product"}],"wp:featuredmedia":[{"embeddable":true,"href":"https:\/\/dinaturez.com\/pt\/wp-json\/wp\/v2\/media\/23147"}],"wp:attachment":[{"href":"https:\/\/dinaturez.com\/pt\/wp-json\/wp\/v2\/media?parent=23145"}],"wp:term":[{"taxonomy":"product_brand","embeddable":true,"href":"https:\/\/dinaturez.com\/pt\/wp-json\/wp\/v2\/product_brand?post=23145"},{"taxonomy":"product_cat","embeddable":true,"href":"https:\/\/dinaturez.com\/pt\/wp-json\/wp\/v2\/product_cat?post=23145"},{"taxonomy":"product_tag","embeddable":true,"href":"https:\/\/dinaturez.com\/pt\/wp-json\/wp\/v2\/product_tag?post=23145"}],"curies":[{"name":"wp","href":"https:\/\/api.w.org\/{rel}","templated":true}]}}