{"id":23142,"date":"2024-02-13T09:20:34","date_gmt":"2024-02-13T08:20:34","guid":{"rendered":"https:\/\/dinaturez.com\/?post_type=product&#038;p=23142"},"modified":"2026-04-27T19:39:04","modified_gmt":"2026-04-27T17:39:04","slug":"funda-para-linterna","status":"publish","type":"product","link":"https:\/\/dinaturez.com\/pt\/product\/funda-para-linterna\/","title":{"rendered":"Estojo para lanterna"},"content":{"rendered":"<p>No mundo da ilumina\u00e7\u00e3o port\u00e1til, os dispositivos de ilumina\u00e7\u00e3o, como as lanternas, desempenham um papel crucial.<\/p>\n<p>Do campismo \u00e0s situa\u00e7\u00f5es de emerg\u00eancia, uma fonte de luz de qualidade \u00e9 essencial.<\/p>\n<p>Uma lanterna de qualidade pode fazer toda a diferen\u00e7a em situa\u00e7\u00f5es de emerg\u00eancia.<\/p>\n<p>Por conseguinte, \u00e9 igualmente importante dispor de um estojo adequado para proteger e transportar o equipamento.<\/p>\n<p>Este artigo centra-se na import\u00e2ncia de uma boa caixa para lumin\u00e1rias e na forma como esta pode melhorar a experi\u00eancia do utilizador.<\/p>\n<p>Estojo da fonte de luz: concebido para ser dur\u00e1vel e funcional.<\/p>\n<p>O estojo da lanterna deve ser robusto para garantir uma prote\u00e7\u00e3o adequada do equipamento.<\/p>\n<p>Em suma, uma mala adequada n\u00e3o s\u00f3 protege o equipamento, como tamb\u00e9m melhora a experi\u00eancia do utilizador.<\/p>\n<p>.<\/p>\n<p>Tendo em conta factores como o material, o tamanho e o design, \u00e9 poss\u00edvel selecionar um estojo que satisfa\u00e7a todas as necessidades.<\/p>\n<p>.<\/p>\n<p>Investir numa boa mala \u00e9 uma decis\u00e3o inteligente para qualquer entusiasta de actividades ao ar livre ou para qualquer pessoa que queira simplesmente manter o seu equipamento em perfeitas condi\u00e7\u00f5es.<\/p>\n<p>.<\/p>\n<p>Al\u00e9m disso, o design da mala pode incluir carater\u00edsticas adicionais, como ganchos para cinto ou al\u00e7as para o ombro, proporcionando op\u00e7\u00f5es vers\u00e1teis para o transporte de equipamento.<\/p>\n<p>Por conseguinte, \u00e9 fundamental escolher um estojo que se adapte \u00e0s dimens\u00f5es da lanterna.<\/p>\n<p>.<\/p>\n<p>Isto pode ser especialmente \u00fatil para quem faz caminhadas ou trabalhos em que precisa de ter as m\u00e3os livres.<\/p>\n<p>.<\/p>\n<p>Quando se trata de escolher um estojo, \u00e9 igualmente importante ter em conta o sistema de fecho.<\/p>\n<p>.<\/p>\n<p>Alguns casos utilizam fechos de correr, enquanto outros optam por fechos de gancho ou clipes.<\/p>\n<p>.<\/p>\n<p>Um fecho seguro \u00e9 crucial para garantir que o equipamento permanece no interior da mala, especialmente durante actividades ao ar livre.<\/p>\n<p>.<\/p>\n<p>Os materiais utilizados no fabrico das caixas tamb\u00e9m desempenham um papel fundamental.<\/p>\n<p>.<\/p>\n<p>Muitas malas s\u00e3o feitas de polipropileno, um material leve, resistente \u00e0 \u00e1gua e que oferece uma excelente prote\u00e7\u00e3o contra impactos.<\/p>\n<p>Desta forma, a nossa lanterna estar\u00e1 sempre pronta a ser utilizada quando mais precisarmos dela.<\/p>\n<p>.<\/p>\n<p>Outras podem incluir a utiliza\u00e7\u00e3o de espuma interior, que acrescenta uma camada extra de defesa, absorvendo o choque em caso de queda.<\/p>\n<p>.<\/p>","protected":false},"excerpt":{"rendered":"<p>Estojo para lanterna.<\/p>\n<p>Estojo r\u00edgido de alta qualidade para prote\u00e7\u00e3o contra choques e quedas.<\/p>\n<p>Olight, trustfire...<\/p>\n<p>Medidas interiores: 29,5 cm x 9 cm<\/p>","protected":false},"featured_media":23143,"template":"","meta":[],"product_brand":[],"product_cat":[105],"product_tag":[],"class_list":{"0":"post-23142","1":"product","2":"type-product","3":"status-publish","4":"has-post-thumbnail","6":"product_cat-accesorios","8":"first","9":"instock","10":"taxable","11":"shipping-taxable","12":"purchasable","13":"product-type-simple","14":"add-to-wishlist-after_add_to_cart"},"_links":{"self":[{"href":"https:\/\/dinaturez.com\/pt\/wp-json\/wp\/v2\/product\/23142","targetHints":{"allow":["GET"]}}],"collection":[{"href":"https:\/\/dinaturez.com\/pt\/wp-json\/wp\/v2\/product"}],"about":[{"href":"https:\/\/dinaturez.com\/pt\/wp-json\/wp\/v2\/types\/product"}],"wp:featuredmedia":[{"embeddable":true,"href":"https:\/\/dinaturez.com\/pt\/wp-json\/wp\/v2\/media\/23143"}],"wp:attachment":[{"href":"https:\/\/dinaturez.com\/pt\/wp-json\/wp\/v2\/media?parent=23142"}],"wp:term":[{"taxonomy":"product_brand","embeddable":true,"href":"https:\/\/dinaturez.com\/pt\/wp-json\/wp\/v2\/product_brand?post=23142"},{"taxonomy":"product_cat","embeddable":true,"href":"https:\/\/dinaturez.com\/pt\/wp-json\/wp\/v2\/product_cat?post=23142"},{"taxonomy":"product_tag","embeddable":true,"href":"https:\/\/dinaturez.com\/pt\/wp-json\/wp\/v2\/product_tag?post=23142"}],"curies":[{"name":"wp","href":"https:\/\/api.w.org\/{rel}","templated":true}]}}