{"id":23047,"date":"2024-02-09T16:14:53","date_gmt":"2024-02-09T15:14:53","guid":{"rendered":"https:\/\/dinaturez.com\/?post_type=product&#038;p=23047"},"modified":"2025-08-29T18:29:50","modified_gmt":"2025-08-29T16:29:50","slug":"black-fire-chestnut","status":"publish","type":"product","link":"https:\/\/dinaturez.com\/pt\/product\/black-fire-chestnut\/","title":{"rendered":"Fogo preto #CHESTNUT#"},"content":{"rendered":"<p data-rm-block-id=\"block-1\">Fogo negro CHESTNUT, sabor a castanha 100% NATURAL para javalis e veados como cor\u00e7os, veados, gamos, etc.<\/p>\n<p data-rm-block-id=\"block-2\">A linha Black Fire Nordic \u00e9 composta por sais minerais com aromas frutados cuidadosamente selecionados.<\/p>\n<p data-rm-block-id=\"block-3\">A linha Black Fire Nordic \u00e9 composta por sais minerais com aromas frutados cuidadosamente selecionados.<\/p>\n<p data-rm-block-id=\"block-4\">Os diferentes sabores frutados da gama de produtos Nordic Line s\u00e3o cuidadosamente selecionados de acordo com a esta\u00e7\u00e3o do ano.<\/p>\n<p data-rm-block-id=\"block-5\">O fruto maduro tem um sabor especial.<\/p>\n<p data-rm-block-id=\"block-6\">Os produtos Nordic Line s\u00e3o compostos por minerais de s\u00f3dio e cloreto, que s\u00e3o essenciais para os animais selvagens.<\/p>\n<p data-rm-block-id=\"block-7\">Os produtos da Nordic Line cont\u00eam minerais de s\u00f3dio e cloreto.<\/p>\n<p data-rm-block-id=\"block-8\">Os embaixadores da Black Fire, os avaliadores e outros ca\u00e7adores profissionais obtiveram \u00f3ptimos resultados ap\u00f3s a utiliza\u00e7\u00e3o dos produtos da gama Black Fire Nordic Line.<\/p>\n<p data-rm-block-id=\"block-9\">Os embaixadores, avaliadores e outros ca\u00e7adores profissionais da Black Fire obtiveram \u00f3ptimos resultados.<\/p>\n<p data-rm-block-id=\"block-10\">INSTRU\u00c7\u00d5ES DE UTILIZA\u00c7\u00c3O.<\/p>\n<p data-rm-block-id=\"block-11\">Tanto os ca\u00e7adores casuais como os profissionais utilizam a gama Black Fire Nordic Line.<\/p>","protected":false},"excerpt":{"rendered":"<p>Atrayente CHESTNUT, sabor casta\u00f1a 100% NATURAL para jabal\u00ed y c\u00e9rvidos como corzo, ciervo, gamos etc. Botella 500ml.<\/p>\n<p>Atrayente CHESTNUT, sabor casta\u00f1a 100% NATURAL para jabal\u00ed y c\u00e9rvidos como corzo, ciervo, gamos etc. Botella 500ml.<\/p>\n<p>A linha Black Fire Nordic \u00e9 composta por sais minerais com aromas frutados cuidadosamente selecionados.<\/p>\n<p>Os diferentes sabores frutados da gama de produtos Nordic Line s\u00e3o cuidadosamente selecionados de acordo com a esta\u00e7\u00e3o do ano. Utilize Black Fire Nordic Line - Sabor a castanha no ch\u00e3o ou no seu comedouro habitual.<\/p>\n<p>O fruto maduro tem um sabor especial que o torna irresist\u00edvel para os veados, cor\u00e7os, javalis e outros animais.<\/p>\n<p>Os produtos Nordic Line s\u00e3o compostos por minerais de s\u00f3dio e cloreto, que s\u00e3o essenciais para os animais selvagens.<\/p>\n<p>Los embajadores, evaluadores y otros cazadores profesionales experimentaron grandes resultados despu\u00e9s de utilizar los productos de la gama Black Fire Nordic Line.<\/p>","protected":false},"featured_media":23050,"template":"","meta":[],"product_brand":[],"product_cat":[104,135],"product_tag":[],"class_list":{"0":"post-23047","1":"product","2":"type-product","3":"status-publish","4":"has-post-thumbnail","6":"product_cat-atrayentes-y-reclamos","7":"product_cat-back-fire","9":"first","10":"instock","11":"taxable","12":"shipping-taxable","13":"purchasable","14":"product-type-simple","15":"add-to-wishlist-after_add_to_cart"},"_links":{"self":[{"href":"https:\/\/dinaturez.com\/pt\/wp-json\/wp\/v2\/product\/23047","targetHints":{"allow":["GET"]}}],"collection":[{"href":"https:\/\/dinaturez.com\/pt\/wp-json\/wp\/v2\/product"}],"about":[{"href":"https:\/\/dinaturez.com\/pt\/wp-json\/wp\/v2\/types\/product"}],"wp:featuredmedia":[{"embeddable":true,"href":"https:\/\/dinaturez.com\/pt\/wp-json\/wp\/v2\/media\/23050"}],"wp:attachment":[{"href":"https:\/\/dinaturez.com\/pt\/wp-json\/wp\/v2\/media?parent=23047"}],"wp:term":[{"taxonomy":"product_brand","embeddable":true,"href":"https:\/\/dinaturez.com\/pt\/wp-json\/wp\/v2\/product_brand?post=23047"},{"taxonomy":"product_cat","embeddable":true,"href":"https:\/\/dinaturez.com\/pt\/wp-json\/wp\/v2\/product_cat?post=23047"},{"taxonomy":"product_tag","embeddable":true,"href":"https:\/\/dinaturez.com\/pt\/wp-json\/wp\/v2\/product_tag?post=23047"}],"curies":[{"name":"wp","href":"https:\/\/api.w.org\/{rel}","templated":true}]}}