{"id":23045,"date":"2024-02-09T15:30:37","date_gmt":"2024-02-09T14:30:37","guid":{"rendered":"https:\/\/dinaturez.com\/?post_type=product&#038;p=23045"},"modified":"2025-08-29T18:25:25","modified_gmt":"2025-08-29T16:25:25","slug":"black-fire-nut","status":"publish","type":"product","link":"https:\/\/dinaturez.com\/pt\/product\/black-fire-nut\/","title":{"rendered":"Fogo preto #NUT#"},"content":{"rendered":"<p>Atrativo Black fire NUT, sabor a nozes 100% NATURAL para javalis e veados como cor\u00e7os, veados vermelhos, gamos, etc. Frasco 500ml.<\/p>\n<p>A linha Black Fire Nordic \u00e9 composta por sais minerais com aromas frutados cuidadosamente selecionados.<\/p>\n<p>Os diferentes sabores frutados da gama de produtos Nordic Line s\u00e3o cuidadosamente selecionados de acordo com a esta\u00e7\u00e3o do ano. Utilize Black Fire Nordic Line - Sabor a Nozes no ch\u00e3o ou no seu comedouro habitual.<\/p>\n<p>O fruto maduro tem um sabor especial que o torna irresist\u00edvel para os veados, cor\u00e7os, javalis e outros animais.<\/p>\n<p>Os produtos Nordic Line s\u00e3o compostos por minerais de s\u00f3dio e cloreto, que s\u00e3o essenciais para os animais selvagens.<\/p>\n<p>Os embaixadores da Black Fire, os avaliadores e outros ca\u00e7adores profissionais obtiveram \u00f3ptimos resultados ap\u00f3s a utiliza\u00e7\u00e3o dos produtos da gama Black Fire Nordic Line.<\/p>\n<p>INSTRU\u00c7\u00d5ES DE UTILIZA\u00c7\u00c3O.<\/p>\n<p>Tanto os ca\u00e7adores ocasionais como os profissionais utilizam a gama Black Fire Nordic Line misturando-a com milho nos comedouros. Os diferentes aromas frutados dos produtos da gama Nordic Line s\u00e3o cuidadosamente seleccionados de acordo com a \u00e9poca de matura\u00e7\u00e3o dos frutos que cont\u00eam. Os frutos maduros (ameixa, noz, noz-moscada, castanha e ma\u00e7\u00e3) t\u00eam um sabor particular que os torna irresist\u00edveis para os veados, cor\u00e7os, javalis e outros animais.<\/p>","protected":false},"excerpt":{"rendered":"<p>Atrayente NUT, sabor nuez 100% NATURAL para jabal\u00ed y c\u00e9rvidos como corzo, ciervo, gamos etc. Botella 500ml.<\/p>\n<p>A linha Black Fire Nordic \u00e9 composta por sais minerais com aromas frutados cuidadosamente selecionados.<\/p>\n<p>Os diferentes sabores frutados da gama de produtos Nordic Line s\u00e3o cuidadosamente selecionados de acordo com a esta\u00e7\u00e3o do ano. Utilize Black Fire Nordic Line - Sabor a Nozes no ch\u00e3o ou no seu comedouro habitual.<\/p>\n<p>O fruto maduro tem um sabor especial que o torna irresist\u00edvel para os veados, cor\u00e7os, javalis e outros animais.<\/p>\n<p>Os produtos Nordic Line s\u00e3o compostos por minerais de s\u00f3dio e cloreto, que s\u00e3o essenciais para os animais selvagens.<\/p>\n<p>Los embajadores, evaluadores y otros cazadores profesionales experimentaron grandes resultados despu\u00e9s de utilizar los productos de la gama Black Fire Nordic Line.<\/p>","protected":false},"featured_media":23046,"template":"","meta":[],"product_brand":[],"product_cat":[104,135],"product_tag":[],"class_list":{"0":"post-23045","1":"product","2":"type-product","3":"status-publish","4":"has-post-thumbnail","6":"product_cat-atrayentes-y-reclamos","7":"product_cat-back-fire","9":"first","10":"instock","11":"taxable","12":"shipping-taxable","13":"purchasable","14":"product-type-simple","15":"add-to-wishlist-after_add_to_cart"},"_links":{"self":[{"href":"https:\/\/dinaturez.com\/pt\/wp-json\/wp\/v2\/product\/23045","targetHints":{"allow":["GET"]}}],"collection":[{"href":"https:\/\/dinaturez.com\/pt\/wp-json\/wp\/v2\/product"}],"about":[{"href":"https:\/\/dinaturez.com\/pt\/wp-json\/wp\/v2\/types\/product"}],"wp:featuredmedia":[{"embeddable":true,"href":"https:\/\/dinaturez.com\/pt\/wp-json\/wp\/v2\/media\/23046"}],"wp:attachment":[{"href":"https:\/\/dinaturez.com\/pt\/wp-json\/wp\/v2\/media?parent=23045"}],"wp:term":[{"taxonomy":"product_brand","embeddable":true,"href":"https:\/\/dinaturez.com\/pt\/wp-json\/wp\/v2\/product_brand?post=23045"},{"taxonomy":"product_cat","embeddable":true,"href":"https:\/\/dinaturez.com\/pt\/wp-json\/wp\/v2\/product_cat?post=23045"},{"taxonomy":"product_tag","embeddable":true,"href":"https:\/\/dinaturez.com\/pt\/wp-json\/wp\/v2\/product_tag?post=23045"}],"curies":[{"name":"wp","href":"https:\/\/api.w.org\/{rel}","templated":true}]}}