{"id":23040,"date":"2024-02-09T15:02:37","date_gmt":"2024-02-09T14:02:37","guid":{"rendered":"https:\/\/dinaturez.com\/?post_type=product&#038;p=23040"},"modified":"2025-08-29T18:22:23","modified_gmt":"2025-08-29T16:22:23","slug":"black-fire-farm","status":"publish","type":"product","link":"https:\/\/dinaturez.com\/pt\/product\/black-fire-farm\/","title":{"rendered":"Fogo preto #FARM#"},"content":{"rendered":"<p>O Black Fire \u00e9 composto por sais minerais com aromas frutados cuidadosamente selecionados.<\/p>\n<p>Os diferentes sabores frutados do black fire s\u00e3o cuidadosamente selecionados de acordo com a esta\u00e7\u00e3o do ano. Utilize Black Fire farm no solo ou no seu comedouro habitual.<\/p>\n<p>O fruto maduro tem um sabor especial que o torna irresist\u00edvel para os veados, cor\u00e7os, javalis e outros animais.<\/p>\n<p>Os produtos de fogo negro s\u00e3o compostos por minerais de s\u00f3dio e cloreto, que s\u00e3o essenciais para os animais selvagens.<\/p>\n<p>Os embaixadores da Black Fire, os avaliadores e outros ca\u00e7adores profissionais obtiveram \u00f3ptimos resultados ap\u00f3s a utiliza\u00e7\u00e3o dos produtos da gama Black Fire.<\/p>\n<p>Como o utilizar?<\/p>\n<p>Tanto os ca\u00e7adores ocasionais como os profissionais utilizam o Black Fire misturado com milho nos comedouros. Os diferentes aromas frutados do Black Fire s\u00e3o cuidadosamente selecionados de acordo com o tempo de matura\u00e7\u00e3o dos frutos que cont\u00e9m. Os frutos maduros t\u00eam um sabor particular que os torna irresist\u00edveis para os veados, cor\u00e7os, javalis e outros animais.<\/p>","protected":false},"excerpt":{"rendered":"<p>Black fire FARM, 100% Atrativo NATURAL para javalis e veados como cor\u00e7os, veados vermelhos, gamos, etc.<\/p>\n<p>Garrafa de 500 ml<\/p>\n<p>O Black Fire \u00e9 composto por sais minerais com aromas frutados cuidadosamente selecionados.<\/p>\n<p>Os diferentes sabores frutados do black fire s\u00e3o cuidadosamente selecionados de acordo com a esta\u00e7\u00e3o do ano. Utilize Black Fire farm no solo ou no seu comedouro habitual.<\/p>\n<p>O fruto maduro tem um sabor especial que o torna irresist\u00edvel para os veados, cor\u00e7os, javalis e outros animais.<\/p>\n<p>Os produtos de fogo negro s\u00e3o compostos por minerais de s\u00f3dio e cloreto, que s\u00e3o essenciais para os animais selvagens.<\/p>\n<p>Os embaixadores da Black Fire, os avaliadores e outros ca\u00e7adores profissionais obtiveram \u00f3ptimos resultados ap\u00f3s a utiliza\u00e7\u00e3o dos produtos da gama Black Fire.<\/p>","protected":false},"featured_media":23041,"template":"","meta":[],"product_brand":[],"product_cat":[104,135],"product_tag":[],"class_list":{"0":"post-23040","1":"product","2":"type-product","3":"status-publish","4":"has-post-thumbnail","6":"product_cat-atrayentes-y-reclamos","7":"product_cat-back-fire","9":"first","10":"instock","11":"taxable","12":"shipping-taxable","13":"purchasable","14":"product-type-simple","15":"add-to-wishlist-after_add_to_cart"},"_links":{"self":[{"href":"https:\/\/dinaturez.com\/pt\/wp-json\/wp\/v2\/product\/23040","targetHints":{"allow":["GET"]}}],"collection":[{"href":"https:\/\/dinaturez.com\/pt\/wp-json\/wp\/v2\/product"}],"about":[{"href":"https:\/\/dinaturez.com\/pt\/wp-json\/wp\/v2\/types\/product"}],"wp:featuredmedia":[{"embeddable":true,"href":"https:\/\/dinaturez.com\/pt\/wp-json\/wp\/v2\/media\/23041"}],"wp:attachment":[{"href":"https:\/\/dinaturez.com\/pt\/wp-json\/wp\/v2\/media?parent=23040"}],"wp:term":[{"taxonomy":"product_brand","embeddable":true,"href":"https:\/\/dinaturez.com\/pt\/wp-json\/wp\/v2\/product_brand?post=23040"},{"taxonomy":"product_cat","embeddable":true,"href":"https:\/\/dinaturez.com\/pt\/wp-json\/wp\/v2\/product_cat?post=23040"},{"taxonomy":"product_tag","embeddable":true,"href":"https:\/\/dinaturez.com\/pt\/wp-json\/wp\/v2\/product_tag?post=23040"}],"curies":[{"name":"wp","href":"https:\/\/api.w.org\/{rel}","templated":true}]}}