{"id":23036,"date":"2024-02-07T19:39:45","date_gmt":"2024-02-07T18:39:45","guid":{"rendered":"https:\/\/dinaturez.com\/?post_type=product&#038;p=23036"},"modified":"2025-08-29T18:19:06","modified_gmt":"2025-08-29T16:19:06","slug":"naturhunt-boar","status":"publish","type":"product","link":"https:\/\/dinaturez.com\/pt\/product\/naturhunt-boar\/","title":{"rendered":"Javali Naturhunt"},"content":{"rendered":"<p>Atrativo alimentar h\u00famido com um forte aroma e sabor, 100% NATURAL<\/p>\n<p>NaturHunt Especial Javali. Naturhunt \u00e9 um atrativo h\u00famido granulado rico em sais minerais, cereais e a\u00e7\u00facares. \u00c9 f\u00e1cil de usar, basta aplicar 500-600 gr dependendo da popula\u00e7\u00e3o animal, pode ser aplicado debaixo de pedras ou mesmo misturado com a comida habitual nos dispensadores. O seu cheiro forte e o seu sabor doce criam uma atra\u00e7\u00e3o extraordin\u00e1ria. NaturHunt \u00e9 fabricado 100% com ingredientes naturais.<\/p>","protected":false},"excerpt":{"rendered":"<p>Atrativo alimentar h\u00famido com um forte aroma e sabor, 100% NATURAL<\/p>\n<p>NaturHunt Especial Javali. Naturhunt \u00e9 um atrativo h\u00famido granulado rico em sais minerais, cereais e a\u00e7\u00facares. \u00c9 f\u00e1cil de usar, basta aplicar 500-600 gr dependendo da popula\u00e7\u00e3o animal, pode ser aplicado debaixo de pedras ou mesmo misturado com a comida habitual nos dispensadores. O seu cheiro forte e o seu sabor doce criam uma atra\u00e7\u00e3o extraordin\u00e1ria. NaturHunt \u00e9 fabricado 100% com ingredientes naturais.<\/p>","protected":false},"featured_media":23039,"template":"","meta":[],"product_brand":[],"product_cat":[104,137],"product_tag":[],"class_list":{"0":"post-23036","1":"product","2":"type-product","3":"status-publish","4":"has-post-thumbnail","6":"product_cat-atrayentes-y-reclamos","7":"product_cat-natur-hunt","9":"first","10":"instock","11":"taxable","12":"shipping-taxable","13":"purchasable","14":"product-type-simple","15":"add-to-wishlist-after_add_to_cart"},"_links":{"self":[{"href":"https:\/\/dinaturez.com\/pt\/wp-json\/wp\/v2\/product\/23036","targetHints":{"allow":["GET"]}}],"collection":[{"href":"https:\/\/dinaturez.com\/pt\/wp-json\/wp\/v2\/product"}],"about":[{"href":"https:\/\/dinaturez.com\/pt\/wp-json\/wp\/v2\/types\/product"}],"wp:featuredmedia":[{"embeddable":true,"href":"https:\/\/dinaturez.com\/pt\/wp-json\/wp\/v2\/media\/23039"}],"wp:attachment":[{"href":"https:\/\/dinaturez.com\/pt\/wp-json\/wp\/v2\/media?parent=23036"}],"wp:term":[{"taxonomy":"product_brand","embeddable":true,"href":"https:\/\/dinaturez.com\/pt\/wp-json\/wp\/v2\/product_brand?post=23036"},{"taxonomy":"product_cat","embeddable":true,"href":"https:\/\/dinaturez.com\/pt\/wp-json\/wp\/v2\/product_cat?post=23036"},{"taxonomy":"product_tag","embeddable":true,"href":"https:\/\/dinaturez.com\/pt\/wp-json\/wp\/v2\/product_tag?post=23036"}],"curies":[{"name":"wp","href":"https:\/\/api.w.org\/{rel}","templated":true}]}}