{"id":22976,"date":"2024-02-04T17:04:29","date_gmt":"2024-02-04T16:04:29","guid":{"rendered":"https:\/\/dinaturez.com\/?post_type=product&#038;p=22976"},"modified":"2025-07-18T13:38:57","modified_gmt":"2025-07-18T11:38:57","slug":"lote-camara-hh665","status":"publish","type":"product","link":"https:\/\/dinaturez.com\/pt\/product\/lote-camara-hh665\/","title":{"rendered":"lote de c\u00e2maras HH665"},"content":{"rendered":"<p>Fotografias de alta qualidade: resolu\u00e7\u00e3o de 4, 8, 16, 24 ou 32 MP.<\/p>\n<p>Grava\u00e7\u00e3o de v\u00eddeo com som: Full HD 1296P ou 1080P<\/p>\n<p>Velocidade de ativa\u00e7\u00e3o: 0,7 S<\/p>\n<p>Sensibilidade PIR: 3 n\u00edveis de sensibilidade (alta\/m\u00e9dia\/baixa)<\/p>\n<p>Dist\u00e2ncia de dete\u00e7\u00e3o PIR: 85 p\u00e9s\/25 m<\/p>\n<p>Alcance de dete\u00e7\u00e3o por infravermelhos: 90\u00b0.<\/p>\n<p>Dist\u00e2ncia de dete\u00e7\u00e3o por infravermelhos: 25 m<\/p>\n<p>N\u00famero de luzes LED: 40 pcs 940 nm (ou 850 nm) IRLED, interrutor de indu\u00e7\u00e3o autom\u00e1tica<\/p>\n<p>Lente: F=2,0 FOV=82\u00b0 Interruptor autom\u00e1tico do sensor<\/p>\n<p>Classifica\u00e7\u00e3o de impermeabilidade: IP66<\/p>\n<p>Tamanho do ecr\u00e3: 2,0 \"TFT<\/p>\n<p>Cart\u00e3o de mem\u00f3ria: cart\u00e3o TF, suporte m\u00e1ximo de 32 GB (suporte de cart\u00e3o de alta velocidade)<\/p>\n<p>Tempo de funcionamento em espera: 3-6 meses (4XAA ou 8X AA)<\/p>","protected":false},"excerpt":{"rendered":"<p>HH665 de alta qualidade de imagem HD com resolu\u00e7\u00e3o de v\u00eddeo Full HD 1080P. Incorpora um sensor autom\u00e1tico dia\/noite de alta sensibilidade com disparo de alta velocidade, tirando 3 fotografias cont\u00ednuas em 0,7 segundos. Incorpora tecnologia LED de infravermelhos invis\u00edvel de \u00faltima gera\u00e7\u00e3o para que os animais n\u00e3o vejam a luz. \u00c9 tamb\u00e9m \u00e0 prova de \u00e1gua IP66.<\/p>","protected":false},"featured_media":22977,"template":"","meta":[],"product_brand":[],"product_cat":[138],"product_tag":[],"class_list":{"0":"post-22976","1":"product","2":"type-product","3":"status-publish","4":"has-post-thumbnail","6":"product_cat-camaras-basicas","8":"first","9":"outofstock","10":"sale","11":"taxable","12":"shipping-taxable","13":"purchasable","14":"product-type-simple","15":"add-to-wishlist-after_add_to_cart"},"_links":{"self":[{"href":"https:\/\/dinaturez.com\/pt\/wp-json\/wp\/v2\/product\/22976","targetHints":{"allow":["GET"]}}],"collection":[{"href":"https:\/\/dinaturez.com\/pt\/wp-json\/wp\/v2\/product"}],"about":[{"href":"https:\/\/dinaturez.com\/pt\/wp-json\/wp\/v2\/types\/product"}],"wp:featuredmedia":[{"embeddable":true,"href":"https:\/\/dinaturez.com\/pt\/wp-json\/wp\/v2\/media\/22977"}],"wp:attachment":[{"href":"https:\/\/dinaturez.com\/pt\/wp-json\/wp\/v2\/media?parent=22976"}],"wp:term":[{"taxonomy":"product_brand","embeddable":true,"href":"https:\/\/dinaturez.com\/pt\/wp-json\/wp\/v2\/product_brand?post=22976"},{"taxonomy":"product_cat","embeddable":true,"href":"https:\/\/dinaturez.com\/pt\/wp-json\/wp\/v2\/product_cat?post=22976"},{"taxonomy":"product_tag","embeddable":true,"href":"https:\/\/dinaturez.com\/pt\/wp-json\/wp\/v2\/product_tag?post=22976"}],"curies":[{"name":"wp","href":"https:\/\/api.w.org\/{rel}","templated":true}]}}