{"id":22267,"date":"2023-12-21T17:40:14","date_gmt":"2023-12-21T16:40:14","guid":{"rendered":"https:\/\/dinaturez.com\/?post_type=product&#038;p=22267"},"modified":"2026-04-18T20:13:03","modified_gmt":"2026-04-18T18:13:03","slug":"funda-acolchada-para-pard-nv007-compatible-con-todos-los-modelos","status":"publish","type":"product","link":"https:\/\/dinaturez.com\/pt\/product\/funda-acolchada-para-pard-nv007-compatible-con-todos-los-modelos\/","title":{"rendered":"Estojo almofadado para PARD NV007 - Compat\u00edvel com todos os modelos"},"content":{"rendered":"<p>Mala de acoplamento PARD NV007 de qualidade superior, concebida para proteger e transportar em seguran\u00e7a todos os modelos: NV007SP, NV007SP LRF, NV007V, NV007V2, NV007 e NV007A. O interior almofadado proporciona uma prote\u00e7\u00e3o extra contra choques, arranh\u00f5es e quaisquer percal\u00e7os, assegurando que o seu equipamento \u00e9 mantido em perfeitas condi\u00e7\u00f5es. Fabricado com materiais de alta qualidade, este estojo \u00e9 ideal para ca\u00e7adores e utilizadores de vis\u00e3o nocturna que pretendam manter o seu PARD NV007 nas melhores condi\u00e7\u00f5es.<!--more--><\/p>","protected":false},"excerpt":{"rendered":"<p>Este estojo foi concebido para o seu acoplador PARD NV007 em qualquer das suas vers\u00f5es. Este estojo foi especialmente concebido para manter o seu acoplador PARD seguro e protegido e evitar que sofra qualquer acidente.<\/p>","protected":false},"featured_media":22268,"template":"","meta":[],"product_brand":[],"product_cat":[105,110],"product_tag":[],"class_list":{"0":"post-22267","1":"product","2":"type-product","3":"status-publish","4":"has-post-thumbnail","6":"product_cat-accesorios","7":"product_cat-destacados","9":"first","10":"instock","11":"taxable","12":"shipping-taxable","13":"purchasable","14":"product-type-simple","15":"add-to-wishlist-after_add_to_cart"},"_links":{"self":[{"href":"https:\/\/dinaturez.com\/pt\/wp-json\/wp\/v2\/product\/22267","targetHints":{"allow":["GET"]}}],"collection":[{"href":"https:\/\/dinaturez.com\/pt\/wp-json\/wp\/v2\/product"}],"about":[{"href":"https:\/\/dinaturez.com\/pt\/wp-json\/wp\/v2\/types\/product"}],"wp:featuredmedia":[{"embeddable":true,"href":"https:\/\/dinaturez.com\/pt\/wp-json\/wp\/v2\/media\/22268"}],"wp:attachment":[{"href":"https:\/\/dinaturez.com\/pt\/wp-json\/wp\/v2\/media?parent=22267"}],"wp:term":[{"taxonomy":"product_brand","embeddable":true,"href":"https:\/\/dinaturez.com\/pt\/wp-json\/wp\/v2\/product_brand?post=22267"},{"taxonomy":"product_cat","embeddable":true,"href":"https:\/\/dinaturez.com\/pt\/wp-json\/wp\/v2\/product_cat?post=22267"},{"taxonomy":"product_tag","embeddable":true,"href":"https:\/\/dinaturez.com\/pt\/wp-json\/wp\/v2\/product_tag?post=22267"}],"curies":[{"name":"wp","href":"https:\/\/api.w.org\/{rel}","templated":true}]}}