{"id":22258,"date":"2023-12-21T17:33:23","date_gmt":"2023-12-21T16:33:23","guid":{"rendered":"https:\/\/dinaturez.com\/?post_type=product&#038;p=22258"},"modified":"2024-05-09T15:53:55","modified_gmt":"2024-05-09T13:53:55","slug":"comedero-moultrie-all-in-one","status":"publish","type":"product","link":"https:\/\/dinaturez.com\/pt\/product\/comedero-moultrie-all-in-one\/","title":{"rendered":"Moultrie All in One FEEDER"},"content":{"rendered":"<p>O comedouro distribuidor de cereais Moultrie All in One \u00e9 ideal para ser utilizado como comedouro. A forma mais eficaz de atrair a vida selvagem para a \u00e1rea desejada. O funcionamento simples e a robustez fazem dele a melhor escolha para atrair a vida selvagem. Alimentado por 4 pilhas AA que podem durar at\u00e9 6 meses, \u00e9 f\u00e1cil de fixar nos tambores e f\u00e1cil de programar.<\/p>\n<p>O Moultrie All in One vem equipado com um software f\u00e1cil de programar, em que basta definir a hora, selecionar o momento em que pretende dispensar o gr\u00e3o, calcular a quantidade de alimento que pretende dispensar em cada rajada e, finalmente, o momento em que pretende dispensar. O seu funcionamento simples e eficaz torna-o numa ferramenta indispens\u00e1vel hoje em dia.<\/p>\n<p>&nbsp;<\/p>\n<p>ESPECIFICA\u00c7\u00d5ES T\u00c9CNICAS<\/p>\n<p>Fonte de alimenta\u00e7\u00e3o: 4 pilhas AA<\/p>\n<p>Programa\u00e7\u00e3o: at\u00e9 4 desloca\u00e7\u00f5es de alimentos por dia<\/p>\n<p>Dispensador: program\u00e1vel de 1 a 20 segundos por tra\u00e7\u00e3o.<\/p>\n<p>Autonomia: at\u00e9 6 meses<\/p>\n<p>Instala\u00e7\u00e3o: fix\u00e1vel em qualquer tambor gra\u00e7as aos seus acoplamentos universais extens\u00edveis.<\/p>\n<p>&nbsp;<\/p>\n<table width=\"654\">\n<tbody>\n<tr>\n<td>Segundos de funcionamento<\/td>\n<td width=\"50\">4<\/td>\n<td>6<\/td>\n<td>8<\/td>\n<td>10<\/td>\n<td>12<\/td>\n<td>14<\/td>\n<td>16<\/td>\n<td>18<\/td>\n<td width=\"54\">20<\/td>\n<\/tr>\n<tr>\n<td>Quilos dispensados aprox.<\/td>\n<td width=\"50\">0,36<\/td>\n<td>0,45<\/td>\n<td>0,59<\/td>\n<td>0,73<\/td>\n<td>0,86<\/td>\n<td>1<\/td>\n<td>1,09<\/td>\n<td>1,22<\/td>\n<td width=\"54\">1,36<\/td>\n<\/tr>\n<\/tbody>\n<\/table>","protected":false},"excerpt":{"rendered":"<p>O comedouro distribuidor de cereais Moultrie All in One \u00e9 ideal para ser utilizado como comedouro.<\/p>","protected":false},"featured_media":22259,"template":"","meta":[],"product_brand":[],"product_cat":[105],"product_tag":[],"class_list":{"0":"post-22258","1":"product","2":"type-product","3":"status-publish","4":"has-post-thumbnail","6":"product_cat-accesorios","8":"first","9":"outofstock","10":"taxable","11":"shipping-taxable","12":"purchasable","13":"product-type-simple","14":"add-to-wishlist-after_add_to_cart"},"_links":{"self":[{"href":"https:\/\/dinaturez.com\/pt\/wp-json\/wp\/v2\/product\/22258","targetHints":{"allow":["GET"]}}],"collection":[{"href":"https:\/\/dinaturez.com\/pt\/wp-json\/wp\/v2\/product"}],"about":[{"href":"https:\/\/dinaturez.com\/pt\/wp-json\/wp\/v2\/types\/product"}],"wp:featuredmedia":[{"embeddable":true,"href":"https:\/\/dinaturez.com\/pt\/wp-json\/wp\/v2\/media\/22259"}],"wp:attachment":[{"href":"https:\/\/dinaturez.com\/pt\/wp-json\/wp\/v2\/media?parent=22258"}],"wp:term":[{"taxonomy":"product_brand","embeddable":true,"href":"https:\/\/dinaturez.com\/pt\/wp-json\/wp\/v2\/product_brand?post=22258"},{"taxonomy":"product_cat","embeddable":true,"href":"https:\/\/dinaturez.com\/pt\/wp-json\/wp\/v2\/product_cat?post=22258"},{"taxonomy":"product_tag","embeddable":true,"href":"https:\/\/dinaturez.com\/pt\/wp-json\/wp\/v2\/product_tag?post=22258"}],"curies":[{"name":"wp","href":"https:\/\/api.w.org\/{rel}","templated":true}]}}