{"id":22241,"date":"2023-12-21T17:05:46","date_gmt":"2023-12-21T16:05:46","guid":{"rendered":"https:\/\/dinaturez.com\/?post_type=product&#038;p=22241"},"modified":"2026-01-18T22:48:46","modified_gmt":"2026-01-18T21:48:46","slug":"atrayente-para-jabali-wildlockmittel","status":"publish","type":"product","link":"https:\/\/dinaturez.com\/pt\/product\/atrayente-para-jabali-wildlockmittel\/","title":{"rendered":"WILDLOCKMITTEL ATRACTIVO PARA JAVALIS"},"content":{"rendered":"<p>Atrativo de urina de alta qualidade, \u00fanico no mercado. Imita fielmente a urina, as hormonas e as secre\u00e7\u00f5es do javali para o atrair a longas dist\u00e2ncias.<\/p>\n<p>Gra\u00e7as \u00e0 territorialidade dos javalis, eles ser\u00e3o altamente atra\u00eddos pelo nosso produto a longas dist\u00e2ncias. Al\u00e9m disso, com o seu sistema de pulveriza\u00e7\u00e3o \u00e9 muito f\u00e1cil de usar, gra\u00e7as ao seu pulverizador, cobriremos mais \u00e1reas usando menos quantidade.<\/p>\n<p>Dispon\u00edvel em frascos de 100 ml.<\/p>","protected":false},"excerpt":{"rendered":"<p>Atractor de urina de alta qualidade, \u00fanico no mercado.<\/p>\n<p>Atractor de urina de alta qualidade, \u00fanico no mercado.<\/p>\n<p>Imita fielmente la orina, las hormonas y las secreciones de los jabal\u00edes para atraerlos desde largas distancias.<\/p>\n<p>Gra\u00e7as \u00e0 territorialidade dos javalis, eles ser\u00e3o altamente atra\u00eddos pelo nosso produto a longas dist\u00e2ncias. Al\u00e9m disso, com o seu sistema de pulveriza\u00e7\u00e3o \u00e9 muito f\u00e1cil de usar, gra\u00e7as ao seu pulverizador, cobriremos mais \u00e1reas usando menos quantidade.<\/p>\n<p>Dispon\u00edvel em frascos de 100 ml.<\/p>","protected":false},"featured_media":22242,"template":"","meta":[],"product_brand":[],"product_cat":[104],"product_tag":[],"class_list":{"0":"post-22241","1":"product","2":"type-product","3":"status-publish","4":"has-post-thumbnail","6":"product_cat-atrayentes-y-reclamos","8":"first","9":"instock","10":"taxable","11":"shipping-taxable","12":"purchasable","13":"product-type-simple","14":"add-to-wishlist-after_add_to_cart"},"_links":{"self":[{"href":"https:\/\/dinaturez.com\/pt\/wp-json\/wp\/v2\/product\/22241","targetHints":{"allow":["GET"]}}],"collection":[{"href":"https:\/\/dinaturez.com\/pt\/wp-json\/wp\/v2\/product"}],"about":[{"href":"https:\/\/dinaturez.com\/pt\/wp-json\/wp\/v2\/types\/product"}],"wp:featuredmedia":[{"embeddable":true,"href":"https:\/\/dinaturez.com\/pt\/wp-json\/wp\/v2\/media\/22242"}],"wp:attachment":[{"href":"https:\/\/dinaturez.com\/pt\/wp-json\/wp\/v2\/media?parent=22241"}],"wp:term":[{"taxonomy":"product_brand","embeddable":true,"href":"https:\/\/dinaturez.com\/pt\/wp-json\/wp\/v2\/product_brand?post=22241"},{"taxonomy":"product_cat","embeddable":true,"href":"https:\/\/dinaturez.com\/pt\/wp-json\/wp\/v2\/product_cat?post=22241"},{"taxonomy":"product_tag","embeddable":true,"href":"https:\/\/dinaturez.com\/pt\/wp-json\/wp\/v2\/product_tag?post=22241"}],"curies":[{"name":"wp","href":"https:\/\/api.w.org\/{rel}","templated":true}]}}