{"id":27392,"date":"2026-03-26T23:42:48","date_gmt":"2026-03-26T22:42:48","guid":{"rendered":"https:\/\/dinaturez.com\/?post_type=product&#038;p=27392"},"modified":"2026-03-26T23:50:03","modified_gmt":"2026-03-26T22:50:03","slug":"visor-termico-night-arrow-335-pro-conotech","status":"publish","type":"product","link":"https:\/\/dinaturez.com\/en\/product\/visor-termico-night-arrow-335-pro-conotech\/","title":{"rendered":"CONOTECH NIGHT ARROW 335 PRO Thermal Visor"},"content":{"rendered":"<h4 data-start=\"130\" data-end=\"409\"><strong data-start=\"133\" data-end=\"165\">Conotech Night Arrow 335 PRO thermal visor,<\/strong>\u00a0is a professional thermal riflescope designed for maximum accuracy in all conditions. It provides sharp, high-contrast images even in fog, rain or total darkness.<\/h4>\n<h4>It uses a 12 \u03bcm thermal imaging sensor with less than 15 mk NETD, supports an external removable battery to increase battery life to over 12 hours. It also supports fast charging in 3 hours.<\/h4>\n<h4 data-start=\"411\" data-end=\"707\">Its advanced technology includes <strong data-start=\"442\" data-end=\"536\">ballistic calculator, recoil-triggered video recording and WiFi connectivity<\/strong>, The robust design is certified by the European Union. Its rugged design with certified <strong data-start=\"654\" data-end=\"662\">IP67<\/strong> guarantees resistance in demanding environments.<\/h4>\n<h4 data-start=\"709\" data-end=\"814\">With up to <strong data-start=\"719\" data-end=\"744\">12 hours of autonomy<\/strong> and USB-C fast charging, it's a reliable tool for long days.<\/h4>\n<h4 data-section-id=\"oz1y7s\" data-start=\"821\" data-end=\"846\"><\/h4>\n<h4 data-section-id=\"oz1y7s\" data-start=\"821\" data-end=\"846\">Features<\/h4>\n<ul data-start=\"848\" data-end=\"1106\">\n<li data-section-id=\"14yctdq\" data-start=\"848\" data-end=\"882\">Thermal sensor 384\u00d7288 \/ 12 \u03bcm<\/li>\n<li data-section-id=\"1xafqd1\" data-start=\"883\" data-end=\"923\">NETD &lt;20 mK for maximum sensitivity<\/li>\n<li data-section-id=\"2lhm0r\" data-start=\"924\" data-end=\"954\">35 mm lens | Magnification 3.3x<\/li>\n<li data-section-id=\"4ir3ec\" data-start=\"955\" data-end=\"984\">Video recording and WiFi<\/li>\n<li data-section-id=\"10mgcrw\" data-start=\"985\" data-end=\"1020\">Integrated ballistic calculator<\/li>\n<li data-section-id=\"qvyi8j\" data-start=\"1021\" data-end=\"1061\">Up to 12 h battery life + fast charging<\/li>\n<li data-section-id=\"119svce\" data-start=\"1062\" data-end=\"1106\">Waterproof and flame retardant (IP67)<\/li>\n<\/ul>","protected":false},"excerpt":{"rendered":"<h4 data-start=\"130\" data-end=\"409\">The <strong data-start=\"133\" data-end=\"165\">Conotech Night Arrow 335 PRO<\/strong> es un visor t\u00e9rmico profesional dise\u00f1ado para ofrecer m\u00e1xima precisi\u00f3n en cualquier condici\u00f3n. Incorpora un sensor VOx de <strong data-start=\"288\" data-end=\"310\">384\u00d7288 px y 12 \u03bcm<\/strong>, que proporciona im\u00e1genes n\u00edtidas y de alto contraste incluso en niebla, lluvia o total oscuridad.<\/h4>","protected":false},"featured_media":27396,"template":"","meta":[],"product_brand":[],"product_cat":[197,144,146],"product_tag":[],"class_list":{"0":"post-27392","1":"product","2":"type-product","3":"status-publish","4":"has-post-thumbnail","6":"product_cat-conotech","7":"product_cat-vision-termica","8":"product_cat-visores-termicos","10":"first","11":"instock","12":"sale","13":"taxable","14":"shipping-taxable","15":"purchasable","16":"product-type-simple","17":"add-to-wishlist-after_add_to_cart"},"_links":{"self":[{"href":"https:\/\/dinaturez.com\/en\/wp-json\/wp\/v2\/product\/27392","targetHints":{"allow":["GET"]}}],"collection":[{"href":"https:\/\/dinaturez.com\/en\/wp-json\/wp\/v2\/product"}],"about":[{"href":"https:\/\/dinaturez.com\/en\/wp-json\/wp\/v2\/types\/product"}],"wp:featuredmedia":[{"embeddable":true,"href":"https:\/\/dinaturez.com\/en\/wp-json\/wp\/v2\/media\/27396"}],"wp:attachment":[{"href":"https:\/\/dinaturez.com\/en\/wp-json\/wp\/v2\/media?parent=27392"}],"wp:term":[{"taxonomy":"product_brand","embeddable":true,"href":"https:\/\/dinaturez.com\/en\/wp-json\/wp\/v2\/product_brand?post=27392"},{"taxonomy":"product_cat","embeddable":true,"href":"https:\/\/dinaturez.com\/en\/wp-json\/wp\/v2\/product_cat?post=27392"},{"taxonomy":"product_tag","embeddable":true,"href":"https:\/\/dinaturez.com\/en\/wp-json\/wp\/v2\/product_tag?post=27392"}],"curies":[{"name":"wp","href":"https:\/\/api.w.org\/{rel}","templated":true}]}}