{"id":27160,"date":"2026-01-05T13:25:08","date_gmt":"2026-01-05T12:25:08","guid":{"rendered":"https:\/\/dinaturez.com\/?post_type=product&#038;p=27160"},"modified":"2026-03-11T11:31:20","modified_gmt":"2026-03-11T10:31:20","slug":"telemetro-paragon-scrf-20-vector-optics","status":"publish","type":"product","link":"https:\/\/dinaturez.com\/en\/product\/telemetro-paragon-scrf-20-vector-optics\/","title":{"rendered":"Paragon 6\u00d725 GenII Rangefinder Ref: SCRF-20 VECTOR OPTICS"},"content":{"rendered":"<h4 data-rm-block-id=\"block-1\">The <strong data-start=\"331\" data-end=\"363\">Paragon 6\u00d725 GenII Rangefinder<\/strong> from Vector Optics is a compact, powerful, and versatile laser rangefinder, ideal for <strong data-start=\"444\" data-end=\"505\">hunting, golf, shooting sports and nature watching<\/strong>. It combines advanced performance, intuitive operation, and lightweight construction, making it an indispensable tool for any adventurer or demanding shooter.<\/h4>\n<p>&nbsp;<\/p>\n<ul>\n<li data-start=\"759\" data-end=\"900\">\n<p data-start=\"761\" data-end=\"900\" data-rm-block-id=\"block-2\"><strong data-start=\"761\" data-end=\"778\">6x increase<\/strong> which provides a clear and detailed view of the target even at long distances.<\/p>\n<\/li>\n<li data-start=\"901\" data-end=\"1095\">\n<p data-start=\"903\" data-end=\"1095\" data-rm-block-id=\"block-3\"><strong data-start=\"903\" data-end=\"958\">Measuring range up to 2000 yards \/ 1850 metres<\/strong>, with specific capabilities for different targets such as deer, trees, or golf flags.<\/p>\n<\/li>\n<li data-start=\"1096\" data-end=\"1240\">\n<p data-start=\"1098\" data-end=\"1240\" data-rm-block-id=\"block-4\"><strong data-start=\"1098\" data-end=\"1126\">Scan Mode<\/strong> to quickly acquire multiple targets within the field of view.<\/p>\n<\/li>\n<li data-start=\"1241\" data-end=\"1435\">\n<p data-start=\"1243\" data-end=\"1435\" data-rm-block-id=\"block-5\"><strong data-start=\"1243\" data-end=\"1275\">Integrated angle measurement<\/strong>, which allows you to calculate the actual horizontal distance, height, and line-of-sight distance on sloping terrain.<\/p>\n<\/li>\n<li data-start=\"1436\" data-end=\"1575\">\n<p data-start=\"1438\" data-end=\"1575\" data-rm-block-id=\"block-6\"><strong data-start=\"1438\" data-end=\"1473\">Ultra-fast response (0.25 s)<\/strong> for instant readings with an accuracy of \u00b11 yard\/metre.<\/p>\n<\/li>\n<li data-start=\"1576\" data-end=\"1734\">\n<p data-start=\"1578\" data-end=\"1734\" data-rm-block-id=\"block-7\"><strong data-start=\"1578\" data-end=\"1609\">Fully multi-coated optics<\/strong> with high-transmission LCD that ensures excellent image quality and contrast.<\/p>\n<\/li>\n<li data-start=\"1735\" data-end=\"1918\">\n<p data-start=\"1737\" data-end=\"1918\" data-rm-block-id=\"block-8\"><strong data-start=\"1737\" data-end=\"1765\">Lightweight and portable design<\/strong> (\u2248180 g) with reinforced rubber casing, easy to carry and simple to use with dedicated range and mode buttons.<\/p>\n<\/li>\n<li data-start=\"1919\" data-end=\"2052\">\n<p data-start=\"1921\" data-end=\"2052\" data-rm-block-id=\"block-9\"><strong data-start=\"1921\" data-end=\"1949\">IPX4 water resistance<\/strong>, allowing it to be used in moderate environmental conditions.<\/p>\n<\/li>\n<li data-start=\"2053\" data-end=\"2152\">\n<p data-start=\"2055\" data-end=\"2152\" data-rm-block-id=\"block-10\"><strong data-start=\"2055\" data-end=\"2077\">Auto power off<\/strong> to conserve the battery (CR2).<\/p>\n<\/li>\n<\/ul>\n<table>\n<tbody>\n<tr>\n<td class=\"t1\" data-rm-block-id=\"block-12\">Magnification<\/td>\n<td class=\"t2\" data-rm-block-id=\"block-13\">6x<\/td>\n<\/tr>\n<tr>\n<td class=\"t1\" data-rm-block-id=\"block-14\">Objective Lens Dia<\/td>\n<td class=\"t2\" data-rm-block-id=\"block-15\">25 mm<\/td>\n<\/tr>\n<tr>\n<td class=\"t1\" data-rm-block-id=\"block-16\">Exit Pupil<\/td>\n<td class=\"t2\" data-rm-block-id=\"block-17\">4.17 millimetres<\/td>\n<\/tr>\n<tr>\n<td class=\"t1\" data-rm-block-id=\"block-18\">Lens Coating<\/td>\n<td class=\"t2\" data-rm-block-id=\"block-19\">Fully Multi-coated<\/td>\n<\/tr>\n<tr>\n<td class=\"t1\" data-rm-block-id=\"block-20\">Field of view at 1,000 yards \/ 1,000 metres<\/td>\n<td class=\"t2\" data-rm-block-id=\"block-21\">N\/A<\/td>\n<\/tr>\n<tr>\n<td class=\"t1\" data-rm-block-id=\"block-22\">Angular Field of View<\/td>\n<td class=\"t2\" data-rm-block-id=\"block-23\">7th<\/td>\n<\/tr>\n<tr>\n<td class=\"t1\" data-rm-block-id=\"block-24\">Dioptre compensation<\/td>\n<td class=\"t2\" data-rm-block-id=\"block-25\">N\/A<\/td>\n<\/tr>\n<\/tbody>\n<\/table>","protected":false},"excerpt":{"rendered":"<h3 data-rm-block-id=\"block-1\">The <strong data-start=\"331\" data-end=\"363\">Tel\u00e9metro scrf-20<\/strong>\u00a0es un tel\u00e9metro l\u00e1ser compacto, potente y vers\u00e1til, ideal para <strong data-start=\"444\" data-end=\"505\">hunting, golf, shooting sports and nature watching<\/strong>. It combines advanced performance, intuitive operation, and lightweight construction, making it an indispensable tool for any adventurer or demanding shooter.<\/h3>","protected":false},"featured_media":27161,"template":"","meta":[],"product_brand":[],"product_cat":[133,105,142],"product_tag":[],"class_list":{"0":"post-27160","1":"product","2":"type-product","3":"status-publish","4":"has-post-thumbnail","6":"product_cat-vector-optic","7":"product_cat-accesorios","8":"product_cat-prismaticos","10":"first","11":"instock","12":"taxable","13":"shipping-taxable","14":"purchasable","15":"product-type-simple","16":"add-to-wishlist-after_add_to_cart"},"_links":{"self":[{"href":"https:\/\/dinaturez.com\/en\/wp-json\/wp\/v2\/product\/27160","targetHints":{"allow":["GET"]}}],"collection":[{"href":"https:\/\/dinaturez.com\/en\/wp-json\/wp\/v2\/product"}],"about":[{"href":"https:\/\/dinaturez.com\/en\/wp-json\/wp\/v2\/types\/product"}],"wp:featuredmedia":[{"embeddable":true,"href":"https:\/\/dinaturez.com\/en\/wp-json\/wp\/v2\/media\/27161"}],"wp:attachment":[{"href":"https:\/\/dinaturez.com\/en\/wp-json\/wp\/v2\/media?parent=27160"}],"wp:term":[{"taxonomy":"product_brand","embeddable":true,"href":"https:\/\/dinaturez.com\/en\/wp-json\/wp\/v2\/product_brand?post=27160"},{"taxonomy":"product_cat","embeddable":true,"href":"https:\/\/dinaturez.com\/en\/wp-json\/wp\/v2\/product_cat?post=27160"},{"taxonomy":"product_tag","embeddable":true,"href":"https:\/\/dinaturez.com\/en\/wp-json\/wp\/v2\/product_tag?post=27160"}],"curies":[{"name":"wp","href":"https:\/\/api.w.org\/{rel}","templated":true}]}}