{"id":26212,"date":"2025-10-24T07:41:35","date_gmt":"2025-10-24T05:41:35","guid":{"rendered":"https:\/\/dinaturez.com\/?post_type=product&#038;p=26212"},"modified":"2026-01-06T10:24:39","modified_gmt":"2026-01-06T09:24:39","slug":"visor-scol-47-vector-optics","status":"publish","type":"product","link":"https:\/\/dinaturez.com\/en\/product\/visor-scol-47-vector-optics\/","title":{"rendered":"Continental Viewfinder x6 5-30\u00d756 ARI Ref: SCOL-47 VECTOR OPTICS"},"content":{"rendered":"<h3 data-rm-block-id=\"block-1\">The Vector Optics SCOL-47 is not just another rifle scope: it is a precision tool designed to perform at its best in demanding environments. The combination of world-class optics, tactical fine-tuning and rugged construction make it an outstanding choice for those looking for real performance.<\/h3>\n<h3 data-rm-block-id=\"block-2\">With a magnification range of 5-30\u00d7 and a 56mm objective lens, it combines versatility, optical clarity and mechanical robustness to deliver world-class performance.<\/h3>\n<h3 data-rm-block-id=\"block-4\">Advanced features:<\/h3>\n<ul>\n<li data-start=\"714\" data-end=\"859\">\n<p data-start=\"716\" data-end=\"859\" data-rm-block-id=\"block-5\">Enlargement <strong data-start=\"727\" data-end=\"736\">5-30\u00d7<\/strong>allows visas at moderate distances as well as in long-range scenarios.<\/p>\n<\/li>\n<li data-start=\"714\" data-end=\"859\">\n<p data-start=\"716\" data-end=\"859\" data-rm-block-id=\"block-6\">Objective lens of <strong data-start=\"880\" data-end=\"889\">56 mm<\/strong> diameter and 30 mm monotube tube, to maximise light collection and allow a wide range of adjustments.<\/p>\n<\/li>\n<li data-start=\"1042\" data-end=\"1199\">\n<p data-start=\"1044\" data-end=\"1199\" data-rm-block-id=\"block-7\">High quality optics: LaREE lenses and VePRO FMC coatings achieve a light transmission of more than 90 %.<\/p>\n<\/li>\n<li data-start=\"1200\" data-end=\"1380\">\n<p data-start=\"1202\" data-end=\"1380\" data-rm-block-id=\"block-8\">Second focal plane reticle (SFP) type VCT-20A etched in glass, with integrated 6-level illumination for low light conditions.<\/p>\n<\/li>\n<li data-start=\"1381\" data-end=\"1557\">\n<p data-start=\"1383\" data-end=\"1557\" data-rm-block-id=\"block-9\">High-precision settings: clicks of <strong data-start=\"1419\" data-end=\"1457\">1\/10 MIL (0.1 mrad \/ 1 cm at 100 m)<\/strong>wind and elevation adjustment with over 16.5 MIL of range.<\/p>\n<\/li>\n<li data-start=\"1558\" data-end=\"1762\">\n<p data-start=\"1560\" data-end=\"1762\" data-rm-block-id=\"block-10\">Tactical features: \"Zero Stop\" system to return to the preset zero without resetting, and turret lock to prevent accidental changes.<\/p>\n<\/li>\n<li data-start=\"1763\" data-end=\"2054\">\n<p data-start=\"1765\" data-end=\"2054\" data-rm-block-id=\"block-11\">Robust and reliable construction: 6061-T6 aluminium body, shock resistance (~750-G), compatibility with demanding conditions, IP67 waterproof (submersible up to 1 m for 30 min), nitrogen purged against internal fogging.<\/p>\n<\/li>\n<li data-start=\"1763\" data-end=\"2054\">\n<p data-start=\"1765\" data-end=\"2054\" data-rm-block-id=\"block-12\">Wide eye relief (100 mm \/ 4 inches) allows for comfortable shooting positions, even with gear.<\/p>\n<\/li>\n<li data-start=\"2196\" data-end=\"2390\">\n<p data-start=\"2198\" data-end=\"2390\" data-rm-block-id=\"block-13\">Includes accessories: 30mm Picatinny style mounting rings, spare DIY-style elevation turret, lens caps and cleaning cloth.<\/p>\n<\/li>\n<\/ul>\n<ul>\n<li>\n<p data-rm-block-id=\"block-15\">Magnification: 5-30x<\/p>\n<\/li>\n<li>\n<p data-rm-block-id=\"block-16\">Objective lens diameter: 56 mm<\/p>\n<\/li>\n<li>\n<p data-rm-block-id=\"block-17\">Eyepiece lens diameter: 42 mm \/ 1.7 in.<\/p>\n<\/li>\n<li>\n<p data-rm-block-id=\"block-18\">Eyepiece lens length: 54 mm \/ 2.1 in.<\/p>\n<\/li>\n<li>\n<p data-rm-block-id=\"block-19\">Exit pupil: 9.5-1.9 mm<\/p>\n<\/li>\n<li>\n<p data-rm-block-id=\"block-20\">Optical coating: Clear diamond multilayer<\/p>\n<\/li>\n<li>\n<p data-rm-block-id=\"block-21\">Field of View: 24.9-4.2 Feet@ 100 yards<\/p>\n<\/li>\n<li>\n<p data-rm-block-id=\"block-22\">Field of view: 8.3-1.4M@ 100 metres<\/p>\n<\/li>\n<li>\n<p data-rm-block-id=\"block-23\">Eyepiece distance: 100 mm \/ 4.0 in.<\/p>\n<\/li>\n<li>\n<p data-rm-block-id=\"block-24\">Length: 401 mm \/ 15.79 inches<\/p>\n<\/li>\n<li>\n<p data-rm-block-id=\"block-25\">Weight: 745 g \/ 26.3 oz<\/p>\n<\/li>\n<li>\n<p data-rm-block-id=\"block-26\">Pipe diameter: 30 mm single tube<\/p>\n<\/li>\n<li>\n<p data-rm-block-id=\"block-27\">Click value: 1\/10 MIL<\/p>\n<\/li>\n<li>\n<p data-rm-block-id=\"block-28\">Elevation range: &gt;16.5MIL (zero stop)<\/p>\n<\/li>\n<li>\n<p data-rm-block-id=\"block-29\">Wind resistance range: &gt;16.5MIL (turret lock)<\/p>\n<\/li>\n<li>\n<p data-rm-block-id=\"block-30\">Parallax adjustment: 100 yards<\/p>\n<\/li>\n<li>\n<p data-rm-block-id=\"block-31\">Lateral focus: 15 yards to infinity<\/p>\n<\/li>\n<li>\n<p data-rm-block-id=\"block-32\">Reticle: Etched glass VCT-20A<\/p>\n<\/li>\n<li>\n<p data-rm-block-id=\"block-33\">Lighting: 6 gears<\/p>\n<\/li>\n<li>\n<p data-rm-block-id=\"block-34\">Battery type: CR2032<\/p>\n<\/li>\n<li>\n<p data-rm-block-id=\"block-35\">Finish: Matt black<\/p>\n<\/li>\n<li>\n<p data-rm-block-id=\"block-36\">IP67 waterproof to 1 metre for 30 minutes<\/p>\n<\/li>\n<li>\n<p data-rm-block-id=\"block-37\">Zero-Stop lift adjustment system with turret locking function<\/p>\n<\/li>\n<li>\n<p data-rm-block-id=\"block-38\">Recoil tested up to 750 g<\/p>\n<\/li>\n<li>\n<p data-rm-block-id=\"block-39\">Fully nitrogen purged to remove any internal lens fogging<\/p>\n<\/li>\n<li>\n<p data-rm-block-id=\"block-40\">Offers an additional do-it-yourself lifting turret<\/p>\n<\/li>\n<li>\n<p data-rm-block-id=\"block-41\">High-quality 6061 T6 aircraft-grade aluminium<\/p>\n<\/li>\n<li>\n<p data-rm-block-id=\"block-42\">Focus mark: 10,15, 20, 30, 30, 50, 50, 75, 100, 200, 300, 500 and infinity<\/p>\n<\/li>\n<li>\n<p data-rm-block-id=\"block-43\">Quick focus eyepiece dioptre compensation (+2 to -3)<\/p>\n<\/li>\n<li>\n<p data-rm-block-id=\"block-44\">Including items: a pair of 30mm picatinny scope rings, DIY replacement elevation turret, lens caps and cleaning cloth etc.<\/p>\n<\/li>\n<\/ul>","protected":false},"excerpt":{"rendered":"<h3>El SCOL-47 de Vector Optics no es simplemente un visor m\u00e1s: es una herramienta de precisi\u00f3n dise\u00f1ada para dar lo mejor en entornos exigentes. La combinaci\u00f3n de \u00f3ptica de primer nivel, ajustes finos t\u00e1cticos y construcci\u00f3n robusta lo convierten en una opci\u00f3n destacada para quienes buscan rendimiento real sin comprometer calidad.<\/h3>\n<h3>With a magnification range of 5-30\u00d7 and a 56mm objective lens, it combines versatility, optical clarity and mechanical robustness to deliver world-class performance.<\/h3>\n<p>&nbsp;<\/p>\n<h3><\/h3>","protected":false},"featured_media":26213,"template":"","meta":[],"product_brand":[],"product_cat":[126,133,141],"product_tag":[],"class_list":{"0":"post-26212","1":"product","2":"type-product","3":"status-publish","4":"has-post-thumbnail","6":"product_cat-vision-diurna","7":"product_cat-vector-optic","8":"product_cat-visores-diurnos","10":"first","11":"instock","12":"taxable","13":"shipping-taxable","14":"purchasable","15":"product-type-simple","16":"add-to-wishlist-after_add_to_cart"},"_links":{"self":[{"href":"https:\/\/dinaturez.com\/en\/wp-json\/wp\/v2\/product\/26212","targetHints":{"allow":["GET"]}}],"collection":[{"href":"https:\/\/dinaturez.com\/en\/wp-json\/wp\/v2\/product"}],"about":[{"href":"https:\/\/dinaturez.com\/en\/wp-json\/wp\/v2\/types\/product"}],"wp:featuredmedia":[{"embeddable":true,"href":"https:\/\/dinaturez.com\/en\/wp-json\/wp\/v2\/media\/26213"}],"wp:attachment":[{"href":"https:\/\/dinaturez.com\/en\/wp-json\/wp\/v2\/media?parent=26212"}],"wp:term":[{"taxonomy":"product_brand","embeddable":true,"href":"https:\/\/dinaturez.com\/en\/wp-json\/wp\/v2\/product_brand?post=26212"},{"taxonomy":"product_cat","embeddable":true,"href":"https:\/\/dinaturez.com\/en\/wp-json\/wp\/v2\/product_cat?post=26212"},{"taxonomy":"product_tag","embeddable":true,"href":"https:\/\/dinaturez.com\/en\/wp-json\/wp\/v2\/product_tag?post=26212"}],"curies":[{"name":"wp","href":"https:\/\/api.w.org\/{rel}","templated":true}]}}