{"id":25988,"date":"2025-10-08T09:55:46","date_gmt":"2025-10-08T07:55:46","guid":{"rendered":"https:\/\/dinaturez.com\/?post_type=product&#038;p=25988"},"modified":"2025-10-20T14:06:30","modified_gmt":"2025-10-20T12:06:30","slug":"visor-continental-scoc-44-vector-optics","status":"publish","type":"product","link":"https:\/\/dinaturez.com\/en\/product\/visor-continental-scoc-44-vector-optics\/","title":{"rendered":"Continental x6 1-6x24i Fiber Scope Ref: SCOC-44 VECTOR OPTICS"},"content":{"rendered":"<h3>The viewer <strong data-start=\"328\" data-end=\"359\">Continental SCOC-44 1-6\u00d724i<\/strong> Vector Optics' LPVO (Low Power Variable Optic) is designed to offer versatility and accuracy at short and medium ranges.<\/h3>\n<h3>It is ideal for tactical, sporting, and hunting use. It combines robust design, advanced optics, and modern technical features to deliver efficient performance in demanding situations.<\/h3>\n<p>&nbsp;<\/p>\n<ul>\n<li data-start=\"708\" data-end=\"815\">\n<p data-start=\"710\" data-end=\"815\"><span style=\"color: #0000ff;\"><strong data-start=\"710\" data-end=\"722\">Increases<\/strong>:<\/span> 1\u00d7 (true) to 6\u00d7, with a real zoom factor of 6\u00d7.<\/p>\n<\/li>\n<li data-start=\"816\" data-end=\"890\">\n<p data-start=\"818\" data-end=\"890\"><span style=\"color: #0000ff;\"><strong data-start=\"818\" data-end=\"843\">Lens diameter<\/strong>:<\/span> 24 millimetres.<\/p>\n<\/li>\n<li data-start=\"891\" data-end=\"1020\">\n<p data-start=\"893\" data-end=\"1020\"><span style=\"color: #0000ff;\"><strong data-start=\"893\" data-end=\"911\">Main pipe<\/strong>:<\/span> 30 mm single tube, constructed from 6061-T6 aerospace-grade aluminium.<\/p>\n<\/li>\n<li data-start=\"1021\" data-end=\"1146\">\n<p data-start=\"1023\" data-end=\"1146\"><span style=\"color: #0000ff;\"><strong data-start=\"1023\" data-end=\"1051\">Total light transmission<\/strong>:<\/span> &gt;\u202f90\u202f% thanks to LaREE lenses and VePRO FMC system.<\/p>\n<\/li>\n<li data-start=\"1147\" data-end=\"1285\">\n<p data-start=\"1149\" data-end=\"1285\"><span style=\"color: #0000ff;\"><strong data-start=\"1149\" data-end=\"1161\">Reticle<\/strong>:<\/span> VET-FDR model with fibre optics and illuminated centre point, with 6 brightness levels.<\/p>\n<\/li>\n<li data-start=\"1147\" data-end=\"1285\">\n<p data-start=\"1149\" data-end=\"1285\"><span style=\"color: #0000ff;\"><strong data-start=\"1288\" data-end=\"1310\">Adjustment turrets<\/strong>:<\/span> 1\/10 MIL pitch, lockable and resettable turrets.<\/p>\n<\/li>\n<li data-start=\"1414\" data-end=\"1549\">\n<p data-start=\"1416\" data-end=\"1549\"><span style=\"color: #0000ff;\"><strong data-start=\"1416\" data-end=\"1435\">Adjustment range<\/strong>:<\/span> Elevation and drift of \u00b140 MIL (or the equivalent offered by the model).<\/p>\n<\/li>\n<li data-start=\"1414\" data-end=\"1549\">\n<p data-start=\"1416\" data-end=\"1549\"><span style=\"color: #0000ff;\"><strong data-start=\"1552\" data-end=\"1571\">Field of vision<\/strong>:<\/span> Approximately 124.5 to 20.7 feet at 100 yards (about 42 to 7 metres at 100 metres).<\/p>\n<\/li>\n<li data-start=\"1689\" data-end=\"1780\">\n<p data-start=\"1691\" data-end=\"1780\"><span style=\"color: #0000ff;\"><strong data-start=\"1691\" data-end=\"1708\">Eye relief<\/strong>:<\/span> 100 mm (4 inches) constant.<\/p>\n<\/li>\n<li data-start=\"1781\" data-end=\"1848\">\n<p data-start=\"1783\" data-end=\"1848\"><span style=\"color: #0000ff;\"><strong data-start=\"1783\" data-end=\"1791\">Weight<\/strong>:<\/span> 510 g (\u2248 18 oz).<\/p>\n<\/li>\n<li data-start=\"1849\" data-end=\"1937\">\n<p data-start=\"1851\" data-end=\"1937\"><span style=\"color: #0000ff;\"><strong data-start=\"1851\" data-end=\"1869\">Overall length<\/strong>:<\/span> 283 millimetres (\u2248 11.1 inches).<\/p>\n<\/li>\n<li data-start=\"1938\" data-end=\"2142\">\n<p data-start=\"1940\" data-end=\"2142\"><span style=\"color: #0000ff;\"><strong data-start=\"1940\" data-end=\"1969\">Waterproofing \/ Sealing<\/strong>:<\/span> IP67 rating (submersible up to 1 metre for 30 minutes) and fully purged with nitrogen to prevent internal fogging.<\/p>\n<\/li>\n<li data-start=\"2143\" data-end=\"2284\">\n<p data-start=\"2145\" data-end=\"2284\"><span style=\"color: #0000ff;\"><strong data-start=\"2145\" data-end=\"2173\">Resistance to recoil<\/strong>:<\/span> Designed to withstand powerful calibres, including Lapua Magnum 338.<\/p>\n<\/li>\n<li data-start=\"2143\" data-end=\"2284\">\n<p data-start=\"2145\" data-end=\"2284\"><span style=\"color: #0000ff;\"><strong data-start=\"2287\" data-end=\"2313\">Dioptric compensation<\/strong>:<\/span> Eyepiece adjustment from +2 to \u22123 dioptres for fine focusing by the user.<\/p>\n<\/li>\n<li data-start=\"2428\" data-end=\"2635\">\n<p data-start=\"2430\" data-end=\"2635\"><span style=\"color: #0000ff;\"><strong data-start=\"2430\" data-end=\"2454\">Included accessories<\/strong>:<\/span> 30 mm Picatinny mounting rings, elevation turret (spare), lens protective caps, cleaning cloth, among others.<\/p>\n<\/li>\n<\/ul>\n<p>&nbsp;<\/p>\n<p>Magnification: 1-6x<br \/>\nObjective lens diameter: 24 mm<br \/>\nEyepiece lens diameter: 42 mm (1.7 inches)<br \/>\nEyepiece lens length: 54 mm (2.1 in)<br \/>\nExit pupil: 9.5-4.0 mm<br \/>\nCoating of the optics: clear diamond multilayer<br \/>\nField of view: 124.5\u201320.7 feet at 100 yards<br \/>\nField of view: 42-7.0 metres at 100 metres<br \/>\nEye relief: 100 mm (4.0 inches)<br \/>\nLength: 283 mm (11.1 in)<br \/>\nWeight: 480 g (16.9 oz)<br \/>\nPipe diameter: 30 mm single tube<br \/>\nClick on Value: 1\/2 MOA<br \/>\nElevation range: 140 MOA<br \/>\nWind resistance range: 140 MOA<br \/>\nParallax setting: 100 yards<br \/>\nReticle: German etched glass #4<br \/>\nLighting: 6 gears<br \/>\nBattery type: CR2032<br \/>\nDistance between the central tower parts and the power ring: 58 mm (2.3 inches)<br \/>\nShock tested to 750 g, water resistant to 1 m<br \/>\nLight transmission reaches 90%Totally purged with nitrogen to eliminate internal lens fogging.<br \/>\nThe adjustment plate is NOT fixed, after zeroing, the indicator lifts the turret and resets to zero.<br \/>\nHigh-quality 6061 T6 aircraft-grade aluminium<br \/>\nTurret locking function: press down to lock without clicking motion<br \/>\nQuick focus eyepiece dioptre compensation (+2 to -3)<\/p>\n<p>CONTINENTAL<\/p>\n<p>&nbsp;<\/p>\n<p><iframe title=\"Vector Optics | Is the Continental 1-6x24i (SCOC-44) an LPVO worth buying?\" width=\"500\" height=\"281\" src=\"https:\/\/www.youtube.com\/embed\/NH9JDzo2-Bk?feature=oembed\" frameborder=\"0\" allow=\"accelerometer; autoplay; clipboard-write; encrypted-media; gyroscope; picture-in-picture; web-share\" referrerpolicy=\"strict-origin-when-cross-origin\" allowfullscreen><\/iframe><\/p>\n<p>&nbsp;<\/p>\n<p>&nbsp;<\/p>\n<p>&nbsp;<\/p>","protected":false},"excerpt":{"rendered":"<h3>The viewer <strong data-start=\"328\" data-end=\"359\">Continental SCOC-44 1-6\u00d724i<\/strong> de Vector Optics es un LPVO (Low Power Variable Optic) dise\u00f1ado para ofrecer versatilidad y precisi\u00f3n en rangos cortos y medios, ideal para uso t\u00e1ctico, deportivo y de caza. Combina dise\u00f1o robusto, \u00f3ptica avanzada y caracter\u00edsticas t\u00e9cnicas modernas para brindar un rendimiento eficiente en situaciones exigentes.<\/h3>","protected":false},"featured_media":25996,"template":"","meta":[],"product_brand":[],"product_cat":[133,126,141],"product_tag":[],"class_list":{"0":"post-25988","1":"product","2":"type-product","3":"status-publish","4":"has-post-thumbnail","6":"product_cat-vector-optic","7":"product_cat-vision-diurna","8":"product_cat-visores-diurnos","10":"first","11":"instock","12":"sale","13":"taxable","14":"shipping-taxable","15":"purchasable","16":"product-type-simple","17":"add-to-wishlist-after_add_to_cart"},"_links":{"self":[{"href":"https:\/\/dinaturez.com\/en\/wp-json\/wp\/v2\/product\/25988","targetHints":{"allow":["GET"]}}],"collection":[{"href":"https:\/\/dinaturez.com\/en\/wp-json\/wp\/v2\/product"}],"about":[{"href":"https:\/\/dinaturez.com\/en\/wp-json\/wp\/v2\/types\/product"}],"wp:featuredmedia":[{"embeddable":true,"href":"https:\/\/dinaturez.com\/en\/wp-json\/wp\/v2\/media\/25996"}],"wp:attachment":[{"href":"https:\/\/dinaturez.com\/en\/wp-json\/wp\/v2\/media?parent=25988"}],"wp:term":[{"taxonomy":"product_brand","embeddable":true,"href":"https:\/\/dinaturez.com\/en\/wp-json\/wp\/v2\/product_brand?post=25988"},{"taxonomy":"product_cat","embeddable":true,"href":"https:\/\/dinaturez.com\/en\/wp-json\/wp\/v2\/product_cat?post=25988"},{"taxonomy":"product_tag","embeddable":true,"href":"https:\/\/dinaturez.com\/en\/wp-json\/wp\/v2\/product_tag?post=25988"}],"curies":[{"name":"wp","href":"https:\/\/api.w.org\/{rel}","templated":true}]}}