{"id":25961,"date":"2025-10-07T10:58:48","date_gmt":"2025-10-07T08:58:48","guid":{"rendered":"https:\/\/dinaturez.com\/?post_type=product&#038;p=25961"},"modified":"2025-11-24T14:40:58","modified_gmt":"2025-11-24T13:40:58","slug":"smartclip-hunt-ring-extension","status":"publish","type":"product","link":"https:\/\/dinaturez.com\/en\/product\/smartclip-hunt-ring-extension\/","title":{"rendered":"SmartClip-HUNT-RING-EXTENSION"},"content":{"rendered":"<h3>The <strong data-start=\"245\" data-end=\"278\">SmartClip Ring Extension<\/strong> (or \u201cSmart Ring Extension\u201d) is an accessory designed to extend the functionality of the Smart Ring remote control that accompanies Thermtec \/ Thermeye series thermal devices. This extension allows the ring to be better adapted to the equipment or the user, facilitating remote operation of essential functions without the need to touch the device directly.<\/h3>\n<h3>It is used in the systems to operate functions such as changing thermal paddles, brightness adjustments, zoom, remote on\/off, and possibly other functions dependent on the device's software. According to the brand itself, this Bluetooth ring allows a more direct and convenient access to all functions.<\/h3>\n<p>&nbsp;<\/p>\n<ul class=\"article_list\">\n<li>SmartClip<\/li>\n<li>Adapter<\/li>\n<li>Attachable<\/li>\n<li>Clip-on<\/li>\n<li>Thread M52x0.75<\/li>\n<li>RING EXTENSION<\/li>\n<\/ul>\n<p>&nbsp;<\/p>\n<table class=\"specs\" border=\"0\" cellspacing=\"0\" cellpadding=\"0\">\n<tbody>\n<tr class=\"table-data\" align=\"left\" valign=\"middle\">\n<td width=\"30%\" height=\"22\"><strong>Brand<\/strong><\/td>\n<td width=\"70%\" height=\"22\">SmartClip<\/td>\n<\/tr>\n<tr class=\"table-data\" align=\"left\" valign=\"middle\">\n<td width=\"30%\" height=\"22\"><strong>Model<\/strong><\/td>\n<td width=\"70%\" height=\"22\">RING EXTENSION<\/td>\n<\/tr>\n<tr class=\"table-data\" align=\"left\" valign=\"middle\">\n<td width=\"30%\" height=\"22\"><strong>Bell size<\/strong><\/td>\n<td width=\"70%\" height=\"22\">M52x0.75\/M52x0.75<\/td>\n<\/tr>\n<tr class=\"table-data\" align=\"left\" valign=\"middle\">\n<td width=\"30%\" height=\"22\"><strong>Closure type<\/strong><\/td>\n<td width=\"70%\" height=\"22\">Thread<\/td>\n<\/tr>\n<tr class=\"table-data\" align=\"left\" valign=\"middle\">\n<td width=\"30%\" height=\"22\"><strong>Construction material<\/strong><\/td>\n<td width=\"70%\" height=\"22\">Aluminium<\/td>\n<\/tr>\n<tr class=\"table-data\" align=\"left\" valign=\"middle\">\n<td width=\"30%\" height=\"22\"><strong>Colour<\/strong><\/td>\n<td width=\"70%\" height=\"22\">Black<\/td>\n<\/tr>\n<tr class=\"table-data\" align=\"left\" valign=\"middle\">\n<td width=\"30%\" height=\"22\"><strong>Adaptation thread<\/strong><\/td>\n<td width=\"70%\" height=\"22\">M52x0.75\/M52x0.75<\/td>\n<\/tr>\n<\/tbody>\n<\/table>\n<p>&nbsp;<\/p>\n<p>&nbsp;<\/p>\n<p><a href=\"https:\/\/dinaturez.com\/wp-content\/uploads\/2025\/10\/SMARTCLIP-HUNT-RING-EXTENSION_ES.pdf\">SMARTCLIP-HUNT-RING-EXTENSION_EN<\/a><\/p>\n<p>&nbsp;<\/p>","protected":false},"excerpt":{"rendered":"<h3>The <strong data-start=\"245\" data-end=\"278\">SmartClip Hunt Ring Extension<\/strong> (o \u201cSmart Ring Extension\u201d) es un accesorio dise\u00f1ado para ampliar la funcionalidad del control remoto tipo anillo (Smart Ring) que acompa\u00f1a a los dispositivos t\u00e9rmicos de la serie Hunt de Thermtec \/ Thermeye. Esta extensi\u00f3n permite adaptar mejor el anillo al equipo o al usuario, facilitando el manejo remoto de funciones esenciales sin necesidad de tocar directamente el dispositivo.<\/h3>","protected":false},"featured_media":25963,"template":"","meta":[],"product_brand":[],"product_cat":[149,105,131,144],"product_tag":[],"class_list":{"0":"post-25961","1":"product","2":"type-product","3":"status-publish","4":"has-post-thumbnail","6":"product_cat-acoples-clip-on","7":"product_cat-accesorios","8":"product_cat-thermtec","9":"product_cat-vision-termica","11":"first","12":"instock","13":"taxable","14":"shipping-taxable","15":"purchasable","16":"product-type-simple","17":"add-to-wishlist-after_add_to_cart"},"_links":{"self":[{"href":"https:\/\/dinaturez.com\/en\/wp-json\/wp\/v2\/product\/25961","targetHints":{"allow":["GET"]}}],"collection":[{"href":"https:\/\/dinaturez.com\/en\/wp-json\/wp\/v2\/product"}],"about":[{"href":"https:\/\/dinaturez.com\/en\/wp-json\/wp\/v2\/types\/product"}],"wp:featuredmedia":[{"embeddable":true,"href":"https:\/\/dinaturez.com\/en\/wp-json\/wp\/v2\/media\/25963"}],"wp:attachment":[{"href":"https:\/\/dinaturez.com\/en\/wp-json\/wp\/v2\/media?parent=25961"}],"wp:term":[{"taxonomy":"product_brand","embeddable":true,"href":"https:\/\/dinaturez.com\/en\/wp-json\/wp\/v2\/product_brand?post=25961"},{"taxonomy":"product_cat","embeddable":true,"href":"https:\/\/dinaturez.com\/en\/wp-json\/wp\/v2\/product_cat?post=25961"},{"taxonomy":"product_tag","embeddable":true,"href":"https:\/\/dinaturez.com\/en\/wp-json\/wp\/v2\/product_tag?post=25961"}],"curies":[{"name":"wp","href":"https:\/\/api.w.org\/{rel}","templated":true}]}}