{"id":25765,"date":"2025-09-20T13:38:44","date_gmt":"2025-09-20T11:38:44","guid":{"rendered":"https:\/\/dinaturez.com\/?post_type=product&#038;p=25765"},"modified":"2025-12-10T10:58:25","modified_gmt":"2025-12-10T09:58:25","slug":"visor-termico-bolt-bp25r-nocpix","status":"publish","type":"product","link":"https:\/\/dinaturez.com\/en\/product\/visor-termico-bolt-bp25r-nocpix\/","title":{"rendered":"Thermal Viewfinder BOLT BP25R NOCPIX"},"content":{"rendered":"<h3 data-start=\"280\" data-end=\"373\">Nocpix Bolt BP25R Thermal Viewfinder, precision, reliability and intelligent thermal technology.<\/h3>\n<h3 data-start=\"375\" data-end=\"653\">It is a high performance thermal riflescope designed for hunters, technical shooters and wildlife control professionals who need maximum reliability, good range, clear identification capability and an integrated tactical toolset.<\/h3>\n<h3 data-start=\"655\" data-end=\"960\">Not only does it provide a quality thermal image in difficult conditions, but it also integrates features like <strong data-start=\"777\" data-end=\"796\">laser range finder<\/strong>, <strong data-start=\"798\" data-end=\"819\">ballistic calculation<\/strong>, <strong data-start=\"821\" data-end=\"843\">video recording<\/strong>, <strong data-start=\"845\" data-end=\"867\">Wi-Fi connectivity<\/strong>, <strong data-start=\"869\" data-end=\"892\">extended autonomy<\/strong> and a <strong data-start=\"898\" data-end=\"916\">robust design<\/strong> ready to withstand demanding environments.<\/h3>\n<h4 data-start=\"6552\" data-end=\"6626\">Additional benefits<\/h4>\n<ul data-start=\"4176\" data-end=\"5193\">\n<li data-start=\"4176\" data-end=\"4420\">\n<p data-start=\"4178\" data-end=\"4420\"><span style=\"color: #0000ff;\"><strong data-start=\"4178\" data-end=\"4224\">Accurate detection in demanding conditions<\/strong>:<\/span> with NETD \u2264 20 mK, good optics and image enhancement algorithm (Reality+), the viewfinder allows you to see targets clearly in low visibility situations.<\/p>\n<\/li>\n<li data-start=\"4421\" data-end=\"4619\">\n<p data-start=\"4423\" data-end=\"4619\"><span style=\"color: #0000ff;\"><strong data-start=\"4423\" data-end=\"4472\">Integrated laser rangefinder and ballistic calculation<\/strong>:<\/span> simplifies the process of remote triggering, as there is no need to estimate with external tools.<\/p>\n<\/li>\n<li data-start=\"4620\" data-end=\"4828\">\n<p data-start=\"4622\" data-end=\"4828\"><span style=\"color: #0000ff;\"><strong data-start=\"4622\" data-end=\"4663\">Quality display + customisation<\/strong>:<\/span> various display modes, palettes, configurable reticles, dioptre settings allowing user customisation.<\/p>\n<\/li>\n<li data-start=\"4829\" data-end=\"5046\">\n<p data-start=\"4831\" data-end=\"5046\"><span style=\"color: #0000ff;\"><strong data-start=\"4831\" data-end=\"4890\">Extended autonomy with redundant power supply system<\/strong>:<\/span> the combination of internal battery + 18650 backup battery allows long periods in the field, even when exchanging batteries without interruption.<\/p>\n<\/li>\n<li data-start=\"5047\" data-end=\"5193\">\n<p data-start=\"5049\" data-end=\"5193\"><span style=\"color: #0000ff;\"><strong data-start=\"5049\" data-end=\"5073\">Robust construction<\/strong>:<\/span> IP67, metal housing, designed to withstand harsh conditions, cold, heat, dust, humidity, moisture and recoil.<\/p>\n<\/li>\n<\/ul>\n<p>&nbsp;<\/p>\n<h3>Advanced features:<\/h3>\n<p>&nbsp;<\/p>\n<div class=\"_tableContainer_1rjym_1\">\n<div class=\"group _tableWrapper_1rjym_13 flex w-fit flex-col-reverse\" tabindex=\"-1\">\n<table class=\"w-fit min-w-(--thread-content-width)\" data-start=\"267\" data-end=\"1899\">\n<thead data-start=\"267\" data-end=\"297\">\n<tr data-start=\"267\" data-end=\"297\">\n<th data-start=\"267\" data-end=\"279\" data-col-size=\"sm\">Category<\/th>\n<th data-start=\"279\" data-end=\"297\" data-col-size=\"md\">Specification<\/th>\n<\/tr>\n<\/thead>\n<tbody data-start=\"328\" data-end=\"1899\">\n<tr data-start=\"328\" data-end=\"374\">\n<td data-start=\"328\" data-end=\"349\" data-col-size=\"sm\"><strong data-start=\"330\" data-end=\"348\">Thermal sensor<\/strong><\/td>\n<td data-start=\"349\" data-end=\"374\" data-col-size=\"md\">VOx uncooled<\/td>\n<\/tr>\n<tr data-start=\"375\" data-end=\"424\">\n<td data-start=\"375\" data-end=\"403\" data-col-size=\"sm\"><strong data-start=\"377\" data-end=\"402\">Sensor resolution<\/strong><\/td>\n<td data-start=\"403\" data-end=\"424\" data-col-size=\"md\">256 \u00d7 192 pixels<\/td>\n<\/tr>\n<tr data-start=\"425\" data-end=\"456\">\n<td data-start=\"425\" data-end=\"447\" data-col-size=\"sm\"><strong data-start=\"427\" data-end=\"446\">Pixel size<\/strong><\/td>\n<td data-start=\"447\" data-end=\"456\" data-col-size=\"md\">12 \u00b5m<\/td>\n<\/tr>\n<tr data-start=\"457\" data-end=\"502\">\n<td data-start=\"457\" data-end=\"491\" data-col-size=\"sm\"><strong data-start=\"459\" data-end=\"490\">Thermal sensitivity (NETD)<\/strong><\/td>\n<td data-start=\"491\" data-end=\"502\" data-col-size=\"md\">\u2264 20 mK<\/td>\n<\/tr>\n<tr data-start=\"503\" data-end=\"541\">\n<td data-start=\"503\" data-end=\"532\" data-col-size=\"sm\"><strong data-start=\"505\" data-end=\"531\">Refresh rate<\/strong><\/td>\n<td data-start=\"532\" data-end=\"541\" data-col-size=\"md\">50 Hz<\/td>\n<\/tr>\n<tr data-start=\"542\" data-end=\"579\">\n<td data-start=\"542\" data-end=\"563\" data-col-size=\"sm\"><strong data-start=\"544\" data-end=\"562\">Objective lens<\/strong><\/td>\n<td data-start=\"563\" data-end=\"579\" data-col-size=\"md\">25 mm \/ F1.0<\/td>\n<\/tr>\n<tr data-start=\"580\" data-end=\"623\">\n<td data-start=\"580\" data-end=\"608\" data-col-size=\"sm\"><strong data-start=\"582\" data-end=\"607\">Field of View (FOV)<\/strong><\/td>\n<td data-start=\"608\" data-end=\"623\" data-col-size=\"md\">7.0\u00b0 \u00d7 5.3\u00b0<\/td>\n<\/tr>\n<tr data-start=\"624\" data-end=\"668\">\n<td data-start=\"624\" data-end=\"651\" data-col-size=\"sm\"><strong data-start=\"626\" data-end=\"650\">Visible area at 100 m<\/strong><\/td>\n<td data-start=\"651\" data-end=\"668\" data-col-size=\"md\">~12.3 \u00d7 9.2 m<\/td>\n<\/tr>\n<tr data-start=\"669\" data-end=\"725\">\n<td data-start=\"669\" data-end=\"698\" data-col-size=\"sm\"><strong data-start=\"671\" data-end=\"697\">Detection distance<\/strong><\/td>\n<td data-start=\"698\" data-end=\"725\" data-col-size=\"md\">Up to 1,300 m (person)<\/td>\n<\/tr>\n<tr data-start=\"726\" data-end=\"759\">\n<td data-start=\"726\" data-end=\"737\" data-col-size=\"sm\"><strong data-start=\"728\" data-end=\"736\">Zoom<\/strong><\/td>\n<td data-start=\"737\" data-end=\"759\" data-col-size=\"md\">Digital 3.5\u00d7 to 14\u00d7<\/td>\n<\/tr>\n<tr data-start=\"760\" data-end=\"799\">\n<td data-start=\"760\" data-end=\"775\" data-col-size=\"sm\"><strong data-start=\"762\" data-end=\"774\">Screen<\/strong><\/td>\n<td data-start=\"775\" data-end=\"799\" data-col-size=\"md\">AMOLED 1024 \u00d7 768 px<\/td>\n<\/tr>\n<tr data-start=\"800\" data-end=\"857\">\n<td data-start=\"800\" data-end=\"828\" data-col-size=\"sm\"><strong data-start=\"802\" data-end=\"827\">Laser Range Finder (LRF)<\/strong><\/td>\n<td data-start=\"828\" data-end=\"857\" data-col-size=\"md\">Integrated - up to 1,200 m<\/td>\n<\/tr>\n<tr data-start=\"858\" data-end=\"917\">\n<td data-start=\"858\" data-end=\"878\" data-col-size=\"sm\"><strong data-start=\"860\" data-end=\"877\">LRF Modes<\/strong><\/td>\n<td data-start=\"878\" data-end=\"917\" data-col-size=\"md\">Spot measurement and continuous scanning<\/td>\n<\/tr>\n<tr data-start=\"918\" data-end=\"994\">\n<td data-start=\"918\" data-end=\"941\" data-col-size=\"sm\"><strong data-start=\"920\" data-end=\"940\">Thermal paddles<\/strong><\/td>\n<td data-start=\"941\" data-end=\"994\" data-col-size=\"md\">Hot white\/black, highlighting, rainbow, etc.<\/td>\n<\/tr>\n<tr data-start=\"995\" data-end=\"1057\">\n<td data-start=\"995\" data-end=\"1011\" data-col-size=\"sm\"><strong data-start=\"997\" data-end=\"1010\">Grids<\/strong><\/td>\n<td data-start=\"1011\" data-end=\"1057\" data-col-size=\"md\">Several configurable, with colour and position<\/td>\n<\/tr>\n<tr data-start=\"1058\" data-end=\"1132\">\n<td data-start=\"1058\" data-end=\"1094\" data-col-size=\"sm\"><strong data-start=\"1060\" data-end=\"1093\">Image enhancement algorithm<\/strong><\/td>\n<td data-start=\"1094\" data-end=\"1132\" data-col-size=\"md\">Reality+ (automatic optimisation)<\/td>\n<\/tr>\n<tr data-start=\"1133\" data-end=\"1184\">\n<td data-start=\"1133\" data-end=\"1157\" data-col-size=\"sm\"><strong data-start=\"1135\" data-end=\"1156\">Ballistic calculation<\/strong><\/td>\n<td data-start=\"1157\" data-end=\"1184\" data-col-size=\"md\">Integrated, configurable<\/td>\n<\/tr>\n<tr data-start=\"1185\" data-end=\"1242\">\n<td data-start=\"1185\" data-end=\"1215\" data-col-size=\"sm\"><strong data-start=\"1187\" data-end=\"1214\">Video\/photo recording<\/strong><\/td>\n<td data-start=\"1215\" data-end=\"1242\" data-col-size=\"md\">Yes, with internal memory<\/td>\n<\/tr>\n<tr data-start=\"1243\" data-end=\"1274\">\n<td data-start=\"1243\" data-end=\"1265\" data-col-size=\"sm\"><strong data-start=\"1245\" data-end=\"1264\">Internal memory<\/strong><\/td>\n<td data-start=\"1265\" data-end=\"1274\" data-col-size=\"md\">32 GB<\/td>\n<\/tr>\n<tr data-start=\"1275\" data-end=\"1314\">\n<td data-start=\"1275\" data-end=\"1294\" data-col-size=\"sm\"><strong data-start=\"1277\" data-end=\"1293\">Connectivity<\/strong><\/td>\n<td data-start=\"1294\" data-end=\"1314\" data-col-size=\"md\">Wi-Fi, mobile app<\/td>\n<\/tr>\n<tr data-start=\"1315\" data-end=\"1355\">\n<td data-start=\"1315\" data-end=\"1337\" data-col-size=\"sm\"><strong data-start=\"1317\" data-end=\"1336\">Full autonomy<\/strong><\/td>\n<td data-start=\"1337\" data-end=\"1355\" data-col-size=\"md\">Up to 12 hours<\/td>\n<\/tr>\n<tr data-start=\"1356\" data-end=\"1429\">\n<td data-start=\"1356\" data-end=\"1386\" data-col-size=\"sm\"><strong data-start=\"1358\" data-end=\"1385\">Power supply system<\/strong><\/td>\n<td data-start=\"1386\" data-end=\"1429\" data-col-size=\"md\">Internal battery + external 18650 battery<\/td>\n<\/tr>\n<tr data-start=\"1430\" data-end=\"1461\">\n<td data-start=\"1430\" data-end=\"1452\" data-col-size=\"sm\"><strong data-start=\"1432\" data-end=\"1451\">Charging port<\/strong><\/td>\n<td data-start=\"1452\" data-end=\"1461\" data-col-size=\"md\">USB-C<\/td>\n<\/tr>\n<tr data-start=\"1462\" data-end=\"1502\">\n<td data-start=\"1462\" data-end=\"1494\" data-col-size=\"sm\"><strong data-start=\"1464\" data-end=\"1493\">Water\/dust resistance<\/strong><\/td>\n<td data-start=\"1494\" data-end=\"1502\" data-col-size=\"md\">IP67<\/td>\n<\/tr>\n<tr data-start=\"1503\" data-end=\"1559\">\n<td data-start=\"1503\" data-end=\"1540\" data-col-size=\"sm\"><strong data-start=\"1505\" data-end=\"1539\">Operating temperature range<\/strong><\/td>\n<td data-start=\"1540\" data-end=\"1559\" data-col-size=\"md\">-20 \u00b0C to +50 \u00b0C<\/td>\n<\/tr>\n<tr data-start=\"1560\" data-end=\"1621\">\n<td data-start=\"1560\" data-end=\"1591\" data-col-size=\"sm\"><strong data-start=\"1562\" data-end=\"1590\">Resistance to recoil<\/strong><\/td>\n<td data-start=\"1591\" data-end=\"1621\" data-col-size=\"md\">Up to 6,000-7,000 J approx.<\/td>\n<\/tr>\n<tr data-start=\"1622\" data-end=\"1682\">\n<td data-start=\"1622\" data-end=\"1648\" data-col-size=\"sm\"><strong data-start=\"1624\" data-end=\"1647\">Body material<\/strong><\/td>\n<td data-start=\"1648\" data-end=\"1682\" data-col-size=\"md\">Anodised aircraft aluminium<\/td>\n<\/tr>\n<tr data-start=\"1683\" data-end=\"1721\">\n<td data-start=\"1683\" data-end=\"1701\" data-col-size=\"sm\"><strong data-start=\"1685\" data-end=\"1700\">Dimensions<\/strong><\/td>\n<td data-start=\"1701\" data-end=\"1721\" data-col-size=\"md\">375 \u00d7 91 \u00d7 75 mm<\/td>\n<\/tr>\n<tr data-start=\"1722\" data-end=\"1743\">\n<td data-start=\"1722\" data-end=\"1733\" data-col-size=\"sm\"><strong data-start=\"1724\" data-end=\"1732\">Weight<\/strong><\/td>\n<td data-start=\"1733\" data-end=\"1743\" data-col-size=\"md\">~870 g<\/td>\n<\/tr>\n<tr data-start=\"1744\" data-end=\"1821\">\n<td data-start=\"1744\" data-end=\"1771\" data-col-size=\"sm\"><strong data-start=\"1746\" data-end=\"1770\">Included accessories<\/strong><\/td>\n<td data-start=\"1771\" data-end=\"1821\" data-col-size=\"md\">Battery, USB-C charger, case, manual, cloth<\/td>\n<\/tr>\n<tr data-start=\"1822\" data-end=\"1899\">\n<td data-start=\"1822\" data-end=\"1846\" data-col-size=\"sm\"><strong data-start=\"1824\" data-end=\"1845\">Recommended uses<\/strong><\/td>\n<td data-start=\"1846\" data-end=\"1899\" data-col-size=\"md\">Hunting, surveillance, wildlife control, night shooting<\/td>\n<\/tr>\n<\/tbody>\n<\/table>\n<\/div>\n<\/div>","protected":false},"excerpt":{"rendered":"<h3 data-start=\"280\" data-end=\"373\">Visor T\u00e9rmico Bolt P25R de Nocpix, precisi\u00f3n, fiabilidad y tecnolog\u00eda t\u00e9rmica inteligente.<\/h3>\n<h3 data-start=\"375\" data-end=\"653\">It is a high performance thermal riflescope designed for hunters, technical shooters and wildlife control professionals who need maximum reliability, good range, clear identification capability and an integrated tactical toolset.<\/h3>\n<h3 data-start=\"655\" data-end=\"960\">Not only does it provide a quality thermal image in difficult conditions, but it also integrates features like <strong data-start=\"777\" data-end=\"796\">laser range finder<\/strong>, <strong data-start=\"798\" data-end=\"819\">ballistic calculation<\/strong>, <strong data-start=\"821\" data-end=\"843\">video recording<\/strong>, <strong data-start=\"845\" data-end=\"867\">Wi-Fi connectivity<\/strong>, <strong data-start=\"869\" data-end=\"892\">extended autonomy<\/strong> and a <strong data-start=\"898\" data-end=\"916\">robust design<\/strong> ready to withstand demanding environments.<\/h3>","protected":false},"featured_media":25766,"template":"","meta":[],"product_brand":[],"product_cat":[191,146],"product_tag":[],"class_list":{"0":"post-25765","1":"product","2":"type-product","3":"status-publish","4":"has-post-thumbnail","6":"product_cat-nocpix","7":"product_cat-visores-termicos","9":"first","10":"instock","11":"taxable","12":"shipping-taxable","13":"purchasable","14":"product-type-simple","15":"add-to-wishlist-after_add_to_cart"},"_links":{"self":[{"href":"https:\/\/dinaturez.com\/en\/wp-json\/wp\/v2\/product\/25765","targetHints":{"allow":["GET"]}}],"collection":[{"href":"https:\/\/dinaturez.com\/en\/wp-json\/wp\/v2\/product"}],"about":[{"href":"https:\/\/dinaturez.com\/en\/wp-json\/wp\/v2\/types\/product"}],"wp:featuredmedia":[{"embeddable":true,"href":"https:\/\/dinaturez.com\/en\/wp-json\/wp\/v2\/media\/25766"}],"wp:attachment":[{"href":"https:\/\/dinaturez.com\/en\/wp-json\/wp\/v2\/media?parent=25765"}],"wp:term":[{"taxonomy":"product_brand","embeddable":true,"href":"https:\/\/dinaturez.com\/en\/wp-json\/wp\/v2\/product_brand?post=25765"},{"taxonomy":"product_cat","embeddable":true,"href":"https:\/\/dinaturez.com\/en\/wp-json\/wp\/v2\/product_cat?post=25765"},{"taxonomy":"product_tag","embeddable":true,"href":"https:\/\/dinaturez.com\/en\/wp-json\/wp\/v2\/product_tag?post=25765"}],"curies":[{"name":"wp","href":"https:\/\/api.w.org\/{rel}","templated":true}]}}