{"id":25477,"date":"2025-08-06T11:42:26","date_gmt":"2025-08-06T09:42:26","guid":{"rendered":"https:\/\/dinaturez.com\/?post_type=product&#038;p=25477"},"modified":"2026-02-06T11:15:29","modified_gmt":"2026-02-06T10:15:29","slug":"binoculares-termicos-quest-l35r-nocpix","status":"publish","type":"product","link":"https:\/\/dinaturez.com\/en\/product\/binoculares-termicos-quest-l35r-nocpix\/","title":{"rendered":"Thermal Binocular QUEST L35R NOCPIX"},"content":{"rendered":"<h3 data-rm-block-id=\"block-1\">Nocpix QUEST L35R thermal binocular.<\/h3>\n<h3 data-rm-block-id=\"block-2\"><strong>Compact thermal binoculars with integrated rangefinder for professional observation<\/strong><\/h3>\n<h3 data-rm-block-id=\"block-3\">Ideal for users looking for ergonomic binocular vision, long range detection and accurate measurement in a robust and reliable format.<\/h3>\n<h3 data-rm-block-id=\"block-4\">They offer the ergonomic feel of traditional binocular use with professional thermal technology. Their sensor, rangefinder, image processing and dual autonomy make them ideal for technical activities such as hunting, surveillance or prolonged exploration.<\/h3>\n<p>&nbsp;<\/p>\n<ul>\n<li><span style=\"color: #0000ff;\"><strong>Advanced thermal sensor:<\/strong><\/span><br \/>\nResolution\u00a0<strong>384 \u00d7 288 px<\/strong>\u00a0o\u00a0<strong>640 \u00d7 512 px<\/strong>\u00a0(12 \u00b5m), sensitivity\u00a0<strong>NETD \u2264 15 mK<\/strong>\u00a0and frame rate of\u00a0<strong>60 Hz<\/strong>ensuring clear images even in harsh environments.<\/li>\n<li>\n<p data-rm-block-id=\"block-7\"><span style=\"color: #0000ff;\">\u00a0<strong>Integrated laser range finder (LRF):<\/strong><\/span><br \/>\nIt can measure distances up to\u00a0<strong>1 000 m (\u22481 000 yards)<\/strong> with high accuracy, ideal for fast ballistic calculations without the use of external devices.<\/p>\n<\/li>\n<li>\n<p data-rm-block-id=\"block-8\"><span style=\"color: #0000ff;\">\u00a0<strong>Very comfortable traditional binocular vision:<\/strong><\/span><br \/>\nErgonomic design with non-slip coating and the ability to operate with both hands and both eyes, offering a smooth daytime binocular experience.<\/p>\n<\/li>\n<li>\n<p data-rm-block-id=\"block-9\">\u00a0<span style=\"color: #0000ff;\"><strong>Reality+ picture enhancements and AMOLED display:<\/strong><\/span><br \/>\nAdvanced image processing and dual AMOLED display (1920 \u00d7 1200 px per eyepiece) offer vibrant definition and visual adaptability.<\/p>\n<\/li>\n<li>\n<p data-rm-block-id=\"block-10\">\u00a0<span style=\"color: #0000ff;\"><strong>Large detection range and smooth digital zoom:<\/strong><\/span><br \/>\nAbility to detect human targets at more than\u00a0<strong>2 600 m<\/strong> and progressive digital zoom up to 8\u00d7 on base optical magnification (3\u00d7 or 4\u00d7 depending on model).<\/p>\n<\/li>\n<li data-rm-block-id=\"block-11\">\u00a0<span style=\"color: #0000ff;\"><strong>Dual hot-swappable battery:<\/strong><\/span><br \/>\nCombination of internal battery and replaceable 18650 allows you to change batteries without interrupting use. Compatible with USB-C charging.<\/li>\n<li>\n<p data-rm-block-id=\"block-12\"><span style=\"color: #0000ff;\">\u00a0<strong>IP67 rugged and lightweight construction:<\/strong><\/span><br \/>\nWaterproof, dustproof and shockproof, ideal for outdoor use; approximate weight is\u00a0<strong>700 g<\/strong>with practical strap and holster included.<\/p>\n<\/li>\n<\/ul>\n<p>&nbsp;<\/p>\n<h3 class=\"rte\"><span class=\"HwtZe\" lang=\"es\"><span class=\"jCAhz\"><span class=\"ryNqvb\">The Nocpix L35R is lightweight and portable, with a detection range of up to 2600m and an integrated concealed LRF with a range of 1000m for unbeatable accuracy and visibility.<\/span><\/span>\u00a0<span class=\"jCAhz ChMk0b\"><span class=\"ryNqvb\">Its traditional binocular design features a full rubber coating and an IP67 rating for durability and comfort in adverse conditions.<\/span><\/span>\u00a0<span class=\"jCAhz ChMk0b\"><span class=\"ryNqvb\">Equipped with a high-performance 640\u00d7512 sensor (NETD \u226415 mK, 60 Hz), it ensures exceptional image clarity, superior thermal sensitivity and flawless performance in harsh environments.<\/span><\/span><\/span><\/h3>\n<p>&nbsp;<\/p>\n<div style=\"width: 1920px;\" class=\"wp-video\"><video class=\"wp-video-shortcode\" id=\"video-25477-2\" width=\"1920\" height=\"1080\" preload=\"metadata\" controls=\"controls\"><source type=\"video\/mp4\" src=\"https:\/\/dinaturez.com\/wp-content\/uploads\/2025\/08\/Quest-How-to-Use.mp4?_=2\" \/><a href=\"https:\/\/dinaturez.com\/wp-content\/uploads\/2025\/08\/Quest-How-to-Use.mp4\">https:\/\/dinaturez.com\/wp-content\/uploads\/2025\/08\/Quest-How-to-Use.mp4<\/a><\/video><\/div>\n<h3 data-rm-block-id=\"block-16\"><\/h3>\n<h3 data-rm-block-id=\"block-16\">Advanced features:<\/h3>\n<h3 data-rm-block-id=\"block-17\">- Sensor (px) 384\u00d7288<br \/>\n- Pixel size (\u03bcm) 12<br \/>\n- NETD (mK) \u226415<br \/>\n- Frame rate (Hz) 60<br \/>\n- Objective lens (mm) 35<br \/>\n- Magnification 5~20<br \/>\n- Detection range (m) 1800<br \/>\n- Distance meter (metres) 1000<br \/>\n- Colour Black<br \/>\n- Field of view (degrees) 7,5\u00d75,7<br \/>\n- Field of view (m\/100 m) 13\u00d710<br \/>\n- Diopter adjustment (dpt) \u00b15<br \/>\n- Exit pupil diameter 10<br \/>\n- Eyepiece to eye distance (mm) 25<br \/>\n- AMOLED display type<br \/>\n- Screen resolution (px) 1920\u00d71200<br \/>\n- Operating time (22\u00b0C\/h) 6<br \/>\n- Protection rating IP67<br \/>\n- Memory (gb) 64<br \/>\n- Weight (gr) &lt; 700<br \/>\n- Battery type Internal\/External<br \/>\n- Operating temperature (\u00baC) -20 ~ +50<br \/>\n- Dimensions (cm) 17,5\u00d713,8\u00d76,6<\/h3>\n<p>&nbsp;<\/p>\n<h3 data-rm-block-id=\"block-19\">GUARANTEE<\/h3>\n<p data-rm-block-id=\"block-20\">NOCPIX offers a ten-year warranty on the sensor, two years on the battery and three years on the instrument and labour. The warranty does not cover loss or damage caused by abuse, misuse, accident, neglect or disassembly.<\/p>\n<p data-rm-block-id=\"block-22\"><strong><a href=\"https:\/\/www.nocpix.com\/es\/quest-series\/\" target=\"_blank\" rel=\"noopener\">Quest Thermal Binoculars\u00a0<\/a><\/strong>They're more than just tools - they're an extension of your senses, allowing you to see beyond the visible for night hunting and outdoor exploration. From ergonomic design to cutting-edge imaging technology, every detail is meticulously designed to enhance comfort and efficiency. Whether you're a professional hunter or an outdoor enthusiast, these binoculars will be your trusted companion in the dark.<\/p>\n<p data-rm-block-id=\"block-22\"><img fetchpriority=\"high\" decoding=\"async\" class=\"alignnone size-medium wp-image-25508\" src=\"https:\/\/dinaturez.com\/wp-content\/uploads\/2025\/08\/797Th3TQ-300x300.jpeg\" alt=\"\" width=\"300\" height=\"300\" srcset=\"https:\/\/dinaturez.com\/wp-content\/uploads\/2025\/08\/797Th3TQ-300x300.jpeg 300w, https:\/\/dinaturez.com\/wp-content\/uploads\/2025\/08\/797Th3TQ-150x150.jpeg 150w, https:\/\/dinaturez.com\/wp-content\/uploads\/2025\/08\/797Th3TQ-768x768.jpeg 768w, https:\/\/dinaturez.com\/wp-content\/uploads\/2025\/08\/797Th3TQ-340x340.jpeg 340w, https:\/\/dinaturez.com\/wp-content\/uploads\/2025\/08\/797Th3TQ-120x120.jpeg 120w, https:\/\/dinaturez.com\/wp-content\/uploads\/2025\/08\/797Th3TQ-12x12.jpeg 12w, https:\/\/dinaturez.com\/wp-content\/uploads\/2025\/08\/797Th3TQ-600x600.jpeg 600w, https:\/\/dinaturez.com\/wp-content\/uploads\/2025\/08\/797Th3TQ-100x100.jpeg 100w, https:\/\/dinaturez.com\/wp-content\/uploads\/2025\/08\/797Th3TQ-46x46.jpeg 46w, https:\/\/dinaturez.com\/wp-content\/uploads\/2025\/08\/797Th3TQ-700x700.jpeg 700w, https:\/\/dinaturez.com\/wp-content\/uploads\/2025\/08\/797Th3TQ.jpeg 800w\" sizes=\"(max-width: 300px) 100vw, 300px\" \/><\/p>","protected":false},"excerpt":{"rendered":"<h3>Nocpix QUEST L35R thermal binocular.<\/h3>\n<h3><strong>Compact thermal binoculars with integrated rangefinder for professional observation.<\/strong><\/h3>\n<h3>Ideal for users looking for ergonomic binocular vision, long range detection and accurate measurement in a robust and reliable format.<\/h3>\n<h3>They offer the ergonomic feel of traditional binocular use with professional thermal technology. Their sensor, rangefinder, image processing and dual autonomy make them ideal for technical activities such as hunting, surveillance or prolonged exploration.<\/h3>\n<p>&nbsp;<\/p>\n<div style=\"width: 1920px;\" class=\"wp-video\"><video class=\"wp-video-shortcode\" id=\"video-25477-1\" width=\"1920\" height=\"1080\" preload=\"metadata\" controls=\"controls\"><source type=\"video\/mp4\" src=\"https:\/\/dinaturez.com\/wp-content\/uploads\/2025\/08\/Quest-How-to-Use.mp4?_=1\" \/><a href=\"https:\/\/dinaturez.com\/wp-content\/uploads\/2025\/08\/Quest-How-to-Use.mp4\">https:\/\/dinaturez.com\/wp-content\/uploads\/2025\/08\/Quest-How-to-Use.mp4<\/a><\/video><\/div>","protected":false},"featured_media":25478,"template":"","meta":[],"product_brand":[],"product_cat":[191,192,193,142,144],"product_tag":[],"class_list":{"0":"post-25477","1":"product","2":"type-product","3":"status-publish","4":"has-post-thumbnail","6":"product_cat-nocpix","7":"product_cat-binoculares-termicos","8":"product_cat-binoculares-termicos-nocpix","9":"product_cat-prismaticos","10":"product_cat-vision-termica","12":"first","13":"instock","14":"taxable","15":"shipping-taxable","16":"purchasable","17":"product-type-simple","18":"add-to-wishlist-after_add_to_cart"},"_links":{"self":[{"href":"https:\/\/dinaturez.com\/en\/wp-json\/wp\/v2\/product\/25477","targetHints":{"allow":["GET"]}}],"collection":[{"href":"https:\/\/dinaturez.com\/en\/wp-json\/wp\/v2\/product"}],"about":[{"href":"https:\/\/dinaturez.com\/en\/wp-json\/wp\/v2\/types\/product"}],"wp:featuredmedia":[{"embeddable":true,"href":"https:\/\/dinaturez.com\/en\/wp-json\/wp\/v2\/media\/25478"}],"wp:attachment":[{"href":"https:\/\/dinaturez.com\/en\/wp-json\/wp\/v2\/media?parent=25477"}],"wp:term":[{"taxonomy":"product_brand","embeddable":true,"href":"https:\/\/dinaturez.com\/en\/wp-json\/wp\/v2\/product_brand?post=25477"},{"taxonomy":"product_cat","embeddable":true,"href":"https:\/\/dinaturez.com\/en\/wp-json\/wp\/v2\/product_cat?post=25477"},{"taxonomy":"product_tag","embeddable":true,"href":"https:\/\/dinaturez.com\/en\/wp-json\/wp\/v2\/product_tag?post=25477"}],"curies":[{"name":"wp","href":"https:\/\/api.w.org\/{rel}","templated":true}]}}