{"id":25332,"date":"2025-07-25T12:08:29","date_gmt":"2025-07-25T10:08:29","guid":{"rendered":"https:\/\/dinaturez.com\/?post_type=product&#038;p=25332"},"modified":"2025-11-11T08:06:54","modified_gmt":"2025-11-11T07:06:54","slug":"clip-on-termico-avata-635-conotech","status":"publish","type":"product","link":"https:\/\/dinaturez.com\/en\/product\/clip-on-termico-avata-635-conotech\/","title":{"rendered":"Thermal Clip-On AVATA 635 CONOTECH"},"content":{"rendered":"<h2>Maximum accuracy and professional performance in a compact design. Ideal for those looking for accuracy and quality in their thermal scans, with precise thermal vision even in demanding environments.<\/h2>\n<p>&nbsp;<\/p>\n<h4><strong>The AVATA THERMAL CLIP-ON 635\u00a0<\/strong>stands out by offering exceptional quality, detail recognition even in environments with low thermal contrast such as snow, dust, smoke or fog. This capability ensures reliable performance in a range of extensive weather conditions, making it an indispensable tool for professional hunting use.<\/h4>\n<p>&nbsp;<\/p>\n<p><span style=\"color: #0000ff;\">High resolution and sensitivity. <span style=\"color: #000000;\">VOx sensor with 640\u00d7512 px, 12 \u00b5m pixel and NETD &lt;20mk, enabling clear detection in low visibility conditions such as snow, smoke or fog.<\/span><\/span><\/p>\n<p><span style=\"color: #0000ff;\">Quick assembly without recero.\u00a0<span style=\"color: #000000;\">It is installed as a clip-on in front of the day visor without altering the original point of impact.<\/span><\/span><\/p>\n<p><span style=\"color: #0000ff;\">Express charging and energy efficiency.\u00a0<span style=\"color: #000000;\">Fast-charges the 100% in 1 hour via USB-C, and runs on one or two 18500 batteries with no loss of performance.<\/span><\/span><\/p>\n<p><span style=\"color: #0000ff;\">Strong, lightweight construction.\u00a0<span style=\"color: #000000;\">Only 450g; rugged IP&amp;\/ rated housing, impact resistance up to 7000J and reliable operation between -20\u00b0C and +50\u00b0C.<\/span><\/span><\/p>\n<p><span style=\"color: #0000ff;\">Intuitive operation.\u00a0<span style=\"color: #000000;\">Three-position switch (ON\/OFF\/Standby) and rotary wheel easy to operate even when wearing gloves.<\/span><\/span><\/p>\n<p><span style=\"color: #0000ff;\">Verified accuracy.\u00a0<span style=\"color: #000000;\">0.67 MOA position thanks to advanced optical design and precise thermal calibration.<\/span><\/span><\/p>\n<h4><\/h4>\n<h4>Advanced features:<\/h4>\n<h4 class=\"p1\">Lens: 35mm.<\/h4>\n<h4 class=\"p1\">Magnification: 1x<\/h4>\n<h4 class=\"p1\">Resolution: 640X512<\/h4>\n<h4 class=\"p1\">NETD: &lt;15mK<\/h4>\n<h4 class=\"p1\">FOV (HxV), m@ 100m: 22\u00d717.5<\/h4>\n<h4 class=\"p1\">Weight (without battery): 450g.<\/h4>\n<h4 class=\"p1\">Dimensions: 67x70x145mm<\/h4>\n<h4 data-rm-block-id=\"block-5\"><\/h4>\n<h4 data-rm-block-id=\"block-6\"><\/h4>","protected":false},"excerpt":{"rendered":"<h3>The\u00a0<strong>AVATA 635\u00a0<\/strong>from<strong> CONOTECH<\/strong> destaca por ofrecer una combinaci\u00f3n de precisi\u00f3n t\u00e9rmica, dise\u00f1o compacto y facilidad de uso. Ideal tanto para cazadores profesionales como para tareas de vigilancia o rescate donde se requiere una visi\u00f3n t\u00e9rmica fiable y r\u00e1pida. Su sistema sin necesidad de recalibrar el visor, junto con su peso ligero y alta durabilidad, lo convierten en una excelente opci\u00f3n para uso exigente en exteriores.<\/h3>","protected":false},"featured_media":25333,"template":"","meta":[],"product_brand":[],"product_cat":[149,197],"product_tag":[],"class_list":{"0":"post-25332","1":"product","2":"type-product","3":"status-publish","4":"has-post-thumbnail","6":"product_cat-acoples-clip-on","7":"product_cat-conotech","9":"first","10":"instock","11":"taxable","12":"shipping-taxable","13":"purchasable","14":"product-type-simple","15":"add-to-wishlist-after_add_to_cart"},"_links":{"self":[{"href":"https:\/\/dinaturez.com\/en\/wp-json\/wp\/v2\/product\/25332","targetHints":{"allow":["GET"]}}],"collection":[{"href":"https:\/\/dinaturez.com\/en\/wp-json\/wp\/v2\/product"}],"about":[{"href":"https:\/\/dinaturez.com\/en\/wp-json\/wp\/v2\/types\/product"}],"wp:featuredmedia":[{"embeddable":true,"href":"https:\/\/dinaturez.com\/en\/wp-json\/wp\/v2\/media\/25333"}],"wp:attachment":[{"href":"https:\/\/dinaturez.com\/en\/wp-json\/wp\/v2\/media?parent=25332"}],"wp:term":[{"taxonomy":"product_brand","embeddable":true,"href":"https:\/\/dinaturez.com\/en\/wp-json\/wp\/v2\/product_brand?post=25332"},{"taxonomy":"product_cat","embeddable":true,"href":"https:\/\/dinaturez.com\/en\/wp-json\/wp\/v2\/product_cat?post=25332"},{"taxonomy":"product_tag","embeddable":true,"href":"https:\/\/dinaturez.com\/en\/wp-json\/wp\/v2\/product_tag?post=25332"}],"curies":[{"name":"wp","href":"https:\/\/api.w.org\/{rel}","templated":true}]}}