{"id":25300,"date":"2025-07-23T11:19:07","date_gmt":"2025-07-23T09:19:07","guid":{"rendered":"https:\/\/dinaturez.com\/?post_type=product&#038;p=25300"},"modified":"2025-07-24T12:12:10","modified_gmt":"2025-07-24T10:12:10","slug":"night-arrow-max-650-liir","status":"publish","type":"product","link":"https:\/\/dinaturez.com\/en\/product\/night-arrow-max-650-liir\/","title":{"rendered":"NIGHT ARROW MAX 650 LIIR thermal visor CONOTECH"},"content":{"rendered":"<h2><strong>This device has become a market reference.<\/strong><\/h2>\n<h3>The thermal visor\u00a0\u00a0<strong>NIGHT ARROW MAX 650 LIIR<\/strong>\u00a0from\u00a0<strong>CONOTECH<\/strong>\u00a0delivers sharp, high-contrast images.<\/h3>\n<h3>A laser meter mounted directly on the lens will help us to make more accurate measurements.<\/h3>\n<h3>It uses a 12 \u03bcm thermal imaging sensor with less than 15 mk NETD, and supports an external removable battery to increase battery life to over 12 hours. It also supports fast charging in 3 hours.<\/h3>\n<h3>The\u00a0<strong>NIGHT ARROW MAX 650 LIIR\u00a0<\/strong>is ideal for those looking for precision and quality in their thermal scans.<\/h3>\n<p>- 12 hours of operating time.<br \/>\n- 3-hour fast charging support.<br \/>\n- Classic swivel castor.<br \/>\n- User-friendly controls.<\/p>\n<p>&nbsp;<\/p>\n<h3>The popularity of the\u00a0<strong>NIGHT ARROW MAX 650 LIIR\u00a0<\/strong>from\u00a0<strong>CONOTECH<\/strong> is due to its advanced features.<\/h3>\n<p>- Uncooled Vox type detector<br \/>\n- Resolution 640\u00d7512<br \/>\n- Frame rate 50 Hz<br \/>\n- Pixel12\u03bcm<br \/>\n- Spectral range 8-14 \u03bcm<br \/>\n- RED Less than 15mk<\/p>\n<p>- Lens: 50mm\/F1.1<br \/>\n- 2.7x magnification<br \/>\n- FOV (HxV), degrees \/ m@100m 15.4 x 12.3<br \/>\n- Close-up range3m<br \/>\n- Diopter adjustment\u00b15D<br \/>\n- Eye relief 55mm<\/p>\n<p>- Detection distance (1.7 m) 3540 m<br \/>\n- Reconnaissance distance (1,7 m) 1180 m<br \/>\n- Identification distance (1,7 m) 600 m<\/p>\n<p>- Zoom 1x\/2x\/4x\/8x<br \/>\n- Filters: 6 optional<br \/>\n- Start time Less than 5 seconds<br \/>\n- Image EnhancementDDE<br \/>\n- Contrast and brightnessAGC<br \/>\n- Online update Yes<\/p>\n<p>- OLED type display<br \/>\n- Resolution 1024\u00d7768<br \/>\n- External WIFI video<br \/>\n- Storage: 32G<br \/>\n- Power supply: Battery 2\u00d718650 (built-in battery) + 1\u00d718500 (external battery)<br \/>\n- External power supply: 5V-2A, 9V-2A (USB Type-C)<br \/>\n- Operating time (at t=22\u00b0C), h 12h<\/p>\n<p>- Weight without battery: 950g<br \/>\n- Size: 72x89x390mm<\/p>\n<p>- IP67 degree of protection<br \/>\n- Operating temperature -20 \u2103 \/ 50 \u2103<br \/>\n- Storage temperature -40 \u2103 \/ 60 \u2103<br \/>\n- Shock resistance 1200 g\/m<\/p>","protected":false},"excerpt":{"rendered":"<p>Descubre el visor t\u00e9rmico\u00a0<strong>NIGHT ARROW MAX 650 LIIR\u00a0<\/strong>from\u00a0<strong>CONOTECH\u00a0<\/strong>con im\u00e1genes n\u00edtidas y bater\u00eda de larga duraci\u00f3n. Este dispositivo se ha convertido en una referencia del mercado. Es ideal para quienes buscan precisi\u00f3n y claridad en sus exploraciones t\u00e9rmicas.<\/p>","protected":false},"featured_media":25301,"template":"","meta":[],"product_brand":[],"product_cat":[197,146],"product_tag":[],"class_list":{"0":"post-25300","1":"product","2":"type-product","3":"status-publish","4":"has-post-thumbnail","6":"product_cat-conotech","7":"product_cat-visores-termicos","9":"first","10":"instock","11":"taxable","12":"shipping-taxable","13":"purchasable","14":"product-type-simple","15":"add-to-wishlist-after_add_to_cart"},"_links":{"self":[{"href":"https:\/\/dinaturez.com\/en\/wp-json\/wp\/v2\/product\/25300","targetHints":{"allow":["GET"]}}],"collection":[{"href":"https:\/\/dinaturez.com\/en\/wp-json\/wp\/v2\/product"}],"about":[{"href":"https:\/\/dinaturez.com\/en\/wp-json\/wp\/v2\/types\/product"}],"wp:featuredmedia":[{"embeddable":true,"href":"https:\/\/dinaturez.com\/en\/wp-json\/wp\/v2\/media\/25301"}],"wp:attachment":[{"href":"https:\/\/dinaturez.com\/en\/wp-json\/wp\/v2\/media?parent=25300"}],"wp:term":[{"taxonomy":"product_brand","embeddable":true,"href":"https:\/\/dinaturez.com\/en\/wp-json\/wp\/v2\/product_brand?post=25300"},{"taxonomy":"product_cat","embeddable":true,"href":"https:\/\/dinaturez.com\/en\/wp-json\/wp\/v2\/product_cat?post=25300"},{"taxonomy":"product_tag","embeddable":true,"href":"https:\/\/dinaturez.com\/en\/wp-json\/wp\/v2\/product_tag?post=25300"}],"curies":[{"name":"wp","href":"https:\/\/api.w.org\/{rel}","templated":true}]}}