{"id":24396,"date":"2025-01-01T23:57:39","date_gmt":"2025-01-01T22:57:39","guid":{"rendered":"https:\/\/dinaturez.com\/?post_type=product&#038;p=24396"},"modified":"2025-01-01T23:57:41","modified_gmt":"2025-01-01T22:57:41","slug":"alimentador-automatico-eurohunt-pro-12-v","status":"publish","type":"product","link":"https:\/\/dinaturez.com\/en\/product\/alimentador-automatico-eurohunt-pro-12-v\/","title":{"rendered":"EUROHUNT PRO Automatic Feeder - 12 V"},"content":{"rendered":"<h3>EUROHUNT PRO Automatic Feeder - 12 V<\/h3>\n<p>The perfect solution for controlled and efficient feeding! This automatic feeder features:<\/p>\n<ul>\n<li><strong>Rugged, waterproof metal housing<\/strong> for increased durability.<\/li>\n<li><strong>Easy installation.<\/strong><\/li>\n<li><strong>Padlocking<\/strong> (not included) for added security.<\/li>\n<li><strong>Digital timer<\/strong> which allows you to schedule up to 6 dispensations per day.<\/li>\n<li><strong>Adjustable feeding time<\/strong> from 1 to 60 seconds.<\/li>\n<li><strong>Adjustable motor power<\/strong> to 100%, 75% and 50%.<\/li>\n<li><strong>24-hour timer<\/strong> for maximum customisation.<\/li>\n<li><strong>Compatible with 12\" battery<\/strong> volts and solar panel option (not included).<\/li>\n<\/ul>\n<p>Dimensions: 22.5 x 20.5 x 18 cm (H x W x L).<\/p>\n<p>&nbsp;<\/p>\n<p>Optimise the management of your feedlots with the EUROHUNT PRO Automatic Feeder - 12 V.<\/p>\n<p>\ud83d\udce6 Buy now at Dinaturez and ensure total control on your terrain.<\/p>","protected":false},"excerpt":{"rendered":"<h3>EUROHUNT PRO Automatic Feeder - 12 V<\/h3>\n<p>Comedero resistente e impermeable con temporizador digital, dispensaci\u00f3n ajustable, compatible con bater\u00eda de 12 V y panel solar. Ideal para una alimentaci\u00f3n eficiente y personalizada.<\/p>\n<p>&nbsp;<\/p>\n<p>&nbsp;<\/p>","protected":false},"featured_media":24397,"template":"","meta":[],"product_brand":[],"product_cat":[105,184,186,164],"product_tag":[],"class_list":{"0":"post-24396","1":"product","2":"type-product","3":"status-publish","4":"has-post-thumbnail","6":"product_cat-accesorios","7":"product_cat-comederos","8":"product_cat-comederos-automaticos","9":"product_cat-eurohunt","11":"first","12":"instock","13":"taxable","14":"shipping-taxable","15":"purchasable","16":"product-type-simple","17":"add-to-wishlist-after_add_to_cart"},"_links":{"self":[{"href":"https:\/\/dinaturez.com\/en\/wp-json\/wp\/v2\/product\/24396","targetHints":{"allow":["GET"]}}],"collection":[{"href":"https:\/\/dinaturez.com\/en\/wp-json\/wp\/v2\/product"}],"about":[{"href":"https:\/\/dinaturez.com\/en\/wp-json\/wp\/v2\/types\/product"}],"wp:featuredmedia":[{"embeddable":true,"href":"https:\/\/dinaturez.com\/en\/wp-json\/wp\/v2\/media\/24397"}],"wp:attachment":[{"href":"https:\/\/dinaturez.com\/en\/wp-json\/wp\/v2\/media?parent=24396"}],"wp:term":[{"taxonomy":"product_brand","embeddable":true,"href":"https:\/\/dinaturez.com\/en\/wp-json\/wp\/v2\/product_brand?post=24396"},{"taxonomy":"product_cat","embeddable":true,"href":"https:\/\/dinaturez.com\/en\/wp-json\/wp\/v2\/product_cat?post=24396"},{"taxonomy":"product_tag","embeddable":true,"href":"https:\/\/dinaturez.com\/en\/wp-json\/wp\/v2\/product_tag?post=24396"}],"curies":[{"name":"wp","href":"https:\/\/api.w.org\/{rel}","templated":true}]}}