{"id":23941,"date":"2024-05-15T19:53:43","date_gmt":"2024-05-15T17:53:43","guid":{"rendered":"https:\/\/dinaturez.com\/?post_type=product&#038;p=23941"},"modified":"2026-01-16T09:54:05","modified_gmt":"2026-01-16T08:54:05","slug":"wild650l","status":"publish","type":"product","link":"https:\/\/dinaturez.com\/en\/product\/wild650l\/","title":{"rendered":"WILD650-LRF THERMTEC"},"content":{"rendered":"<div class=\"content\"><\/div>\n<h3>El WILD 650-LRF es un monocular t\u00e9rmico port\u00e1til de gama alta de la serie \u201cWILD LRF\u201d. Est\u00e1 dise\u00f1ado para quienes buscan un equipo completo, vers\u00e1til y con gran alcance para tareas como observaci\u00f3n de fauna, vigilancia, caza, patrullaje o trabajos de campo en condiciones de poca luz o de noche. Incluye sensor t\u00e9rmico avanzado, \u00f3ptica potente, tel\u00e9metro l\u00e1ser integrado, funciones de grabaci\u00f3n\/conectividad y un dise\u00f1o robusto y ergon\u00f3mico.<\/h3>\n<p>&nbsp;<\/p>\n<h3>Specifications<\/h3>\n<div class=\"content\">\n<table class=\"specs\" border=\"0\" cellspacing=\"0\" cellpadding=\"0\">\n<tbody>\n<tr class=\"table-data\" align=\"left\" valign=\"middle\">\n<td width=\"30%\" height=\"22\"><strong>Brand<\/strong><\/td>\n<td width=\"70%\" height=\"22\">ThermEye<\/td>\n<\/tr>\n<tr class=\"table-data\" align=\"left\" valign=\"middle\">\n<td width=\"30%\" height=\"22\"><strong>Model<\/strong><\/td>\n<td width=\"70%\" height=\"22\">WILD650-LRF<\/td>\n<\/tr>\n<tr class=\"table-data\" align=\"left\" valign=\"middle\">\n<td width=\"30%\" height=\"22\"><strong>Sensor type<\/strong><\/td>\n<td width=\"70%\" height=\"22\">VOx microbolometer uncooled<\/td>\n<\/tr>\n<tr class=\"table-data\" align=\"left\" valign=\"middle\">\n<td width=\"30%\" height=\"22\"><strong>Resolution<\/strong><\/td>\n<td width=\"70%\" height=\"22\">640\u00d7512 pixels<\/td>\n<\/tr>\n<tr class=\"table-data\" align=\"left\" valign=\"middle\">\n<td width=\"30%\" height=\"22\"><strong>Pixel size<\/strong><\/td>\n<td width=\"70%\" height=\"22\">12\u00b5m<\/td>\n<\/tr>\n<tr class=\"table-data\" align=\"left\" valign=\"middle\">\n<td width=\"30%\" height=\"22\"><strong>NETD<\/strong><\/td>\n<td width=\"70%\" height=\"22\">\u226418mK@300K<\/td>\n<\/tr>\n<tr class=\"table-data\" align=\"left\" valign=\"middle\">\n<td width=\"30%\" height=\"22\"><strong>Spectral range<\/strong><\/td>\n<td width=\"70%\" height=\"22\">8\uff5e14\u03bcm<\/td>\n<\/tr>\n<tr class=\"table-data\" align=\"left\" valign=\"middle\">\n<td width=\"30%\" height=\"22\"><strong>Lens<\/strong><\/td>\n<td width=\"70%\" height=\"22\">50mm<\/td>\n<\/tr>\n<tr class=\"table-data\" align=\"left\" valign=\"middle\">\n<td width=\"30%\" height=\"22\"><strong>LRF<\/strong><\/td>\n<td width=\"70%\" height=\"22\">1.000m range<\/td>\n<\/tr>\n<tr class=\"table-data\" align=\"left\" valign=\"middle\">\n<td width=\"30%\" height=\"22\"><strong>Increases<\/strong><\/td>\n<td width=\"70%\" height=\"22\">2,8X<\/td>\n<\/tr>\n<tr class=\"table-data\" align=\"left\" valign=\"middle\">\n<td width=\"30%\" height=\"22\"><strong>Viewing angle<\/strong><\/td>\n<td width=\"70%\" height=\"22\">8.8\u00ba x 7\u00ba.<\/td>\n<\/tr>\n<tr class=\"table-data\" align=\"left\" valign=\"middle\">\n<td width=\"30%\" height=\"22\"><strong>Digital zoom<\/strong><\/td>\n<td width=\"70%\" height=\"22\">1x\uff5e4x continuous<\/td>\n<\/tr>\n<tr class=\"table-data\" align=\"left\" valign=\"middle\">\n<td width=\"30%\" height=\"22\"><strong>Colour palettes<\/strong><\/td>\n<td width=\"70%\" height=\"22\">6<\/td>\n<\/tr>\n<tr class=\"table-data\" align=\"left\" valign=\"middle\">\n<td width=\"30%\" height=\"22\"><strong>Display type<\/strong><\/td>\n<td width=\"70%\" height=\"22\">OLED 0.39\u2033, resolution 1024\u00d7768 pixels,<\/td>\n<\/tr>\n<tr class=\"table-data\" align=\"left\" valign=\"middle\">\n<td width=\"30%\" height=\"22\"><strong>Diopter correction<\/strong><\/td>\n<td width=\"70%\" height=\"22\">-5\uff5e+5<\/td>\n<\/tr>\n<tr class=\"table-data\" align=\"left\" valign=\"middle\">\n<td width=\"30%\" height=\"22\"><strong>Eye distance<\/strong><\/td>\n<td width=\"70%\" height=\"22\">40mm<\/td>\n<\/tr>\n<tr class=\"table-data\" align=\"left\" valign=\"middle\">\n<td width=\"30%\" height=\"22\"><strong>Internal memory<\/strong><\/td>\n<td width=\"70%\" height=\"22\">64 GBytes<\/td>\n<\/tr>\n<tr class=\"table-data\" align=\"left\" valign=\"middle\">\n<td width=\"30%\" height=\"22\"><strong>Distance measurement<\/strong><\/td>\n<td width=\"70%\" height=\"22\">AI (based on deep learning)<\/td>\n<\/tr>\n<tr class=\"table-data\" align=\"left\" valign=\"middle\">\n<td width=\"30%\" height=\"22\"><strong>Heat Seeker<\/strong><\/td>\n<td width=\"70%\" height=\"22\">Yes<\/td>\n<\/tr>\n<tr class=\"table-data\" align=\"left\" valign=\"middle\">\n<td width=\"30%\" height=\"22\"><strong>GPS<\/strong><\/td>\n<td width=\"70%\" height=\"22\">Yes<\/td>\n<\/tr>\n<tr class=\"table-data\" align=\"left\" valign=\"middle\">\n<td width=\"30%\" height=\"22\"><strong>EIS<\/strong><\/td>\n<td width=\"70%\" height=\"22\">Yes (Electronic Image Stabilizer)<\/td>\n<\/tr>\n<tr class=\"table-data\" align=\"left\" valign=\"middle\">\n<td width=\"30%\" height=\"22\"><strong>Multimedia<\/strong><\/td>\n<td width=\"70%\" height=\"22\">Photo, video, local playback<\/td>\n<\/tr>\n<tr class=\"table-data\" align=\"left\" valign=\"middle\">\n<td width=\"30%\" height=\"22\"><strong>Battery type<\/strong><\/td>\n<td width=\"70%\" height=\"22\">Removable battery 18,650 (rechargeable)<\/td>\n<\/tr>\n<tr class=\"table-data\" align=\"left\" valign=\"middle\">\n<td width=\"30%\" height=\"22\"><strong>Battery life<\/strong><\/td>\n<td width=\"70%\" height=\"22\">Continuous operating time \u2265 10h<\/td>\n<\/tr>\n<tr class=\"table-data\" align=\"left\" valign=\"middle\">\n<td width=\"30%\" height=\"22\"><strong>Connections<\/strong><\/td>\n<td width=\"70%\" height=\"22\">USB Type C<br \/>\nPC connection for downloading photos and videos<br \/>\nDevice charging connection<\/td>\n<\/tr>\n<tr class=\"table-data\" align=\"left\" valign=\"middle\">\n<td width=\"30%\" height=\"22\"><\/td>\n<td width=\"70%\" height=\"22\">Wi-Fi<br \/>\nWi-Fi connection with app<br \/>\nHotspot connection with app<\/td>\n<\/tr>\n<tr class=\"table-data\" align=\"left\" valign=\"middle\">\n<td width=\"30%\" height=\"22\"><strong>Operating temperature<\/strong><\/td>\n<td width=\"70%\" height=\"22\">-20\u2103\uff5e+50\u2103<\/td>\n<\/tr>\n<tr class=\"table-data\" align=\"left\" valign=\"middle\">\n<td width=\"30%\" height=\"22\"><strong>Protection index<\/strong><\/td>\n<td width=\"70%\" height=\"22\">IP67, drop resistance from 1 metre<\/td>\n<\/tr>\n<tr class=\"table-data\" align=\"left\" valign=\"middle\">\n<td width=\"30%\" height=\"22\"><strong>Weight<\/strong><\/td>\n<td width=\"70%\" height=\"22\">560g<\/td>\n<\/tr>\n<tr class=\"table-data\" align=\"left\" valign=\"middle\">\n<td width=\"30%\" height=\"22\"><strong>Dimensions<\/strong><\/td>\n<td width=\"70%\" height=\"22\">84(W) \u00d7 76(H)\u00d7 190 (L) mm<\/td>\n<\/tr>\n<tr class=\"table-data\" align=\"left\" valign=\"middle\">\n<td width=\"30%\" height=\"22\"><strong>Detection distance<\/strong><\/td>\n<td width=\"70%\" height=\"22\">2.600m<\/td>\n<\/tr>\n<\/tbody>\n<\/table>\n<\/div>\n<h3>Content<\/h3>\n<div class=\"content\">\n<ul class=\"article_list\">\n<li>Thermal Monocular WILD650-LRF<\/li>\n<li>USB-C data and charging cable<\/li>\n<li>Double loader 18.650<\/li>\n<li>Battery 18,650 (2X)<\/li>\n<li>Neck strap<\/li>\n<li>Pull hand support<\/li>\n<li>Cleaning cloth<\/li>\n<li>User manual<\/li>\n<\/ul>\n<\/div>","protected":false},"excerpt":{"rendered":"<ul>\n<li>ThermEye WILD650-LRF<\/li>\n<li>12\u00b5m sensor<\/li>\n<li>Sensor 640\u00d7512 pixels | NETD \u226418mK<\/li>\n<li>50mm lens<\/li>\n<li>Magnification 2.8X<\/li>\n<li>LRF 1.000m<\/li>\n<\/ul>","protected":false},"featured_media":23942,"template":"","meta":[],"product_brand":[],"product_cat":[147,165,131,144],"product_tag":[],"class_list":{"0":"post-23941","1":"product","2":"type-product","3":"status-publish","4":"has-post-thumbnail","6":"product_cat-monoculares-termicos","7":"product_cat-monoculares-wild","8":"product_cat-thermtec","9":"product_cat-vision-termica","11":"first","12":"instock","13":"taxable","14":"shipping-taxable","15":"purchasable","16":"product-type-simple","17":"add-to-wishlist-after_add_to_cart"},"_links":{"self":[{"href":"https:\/\/dinaturez.com\/en\/wp-json\/wp\/v2\/product\/23941","targetHints":{"allow":["GET"]}}],"collection":[{"href":"https:\/\/dinaturez.com\/en\/wp-json\/wp\/v2\/product"}],"about":[{"href":"https:\/\/dinaturez.com\/en\/wp-json\/wp\/v2\/types\/product"}],"wp:featuredmedia":[{"embeddable":true,"href":"https:\/\/dinaturez.com\/en\/wp-json\/wp\/v2\/media\/23942"}],"wp:attachment":[{"href":"https:\/\/dinaturez.com\/en\/wp-json\/wp\/v2\/media?parent=23941"}],"wp:term":[{"taxonomy":"product_brand","embeddable":true,"href":"https:\/\/dinaturez.com\/en\/wp-json\/wp\/v2\/product_brand?post=23941"},{"taxonomy":"product_cat","embeddable":true,"href":"https:\/\/dinaturez.com\/en\/wp-json\/wp\/v2\/product_cat?post=23941"},{"taxonomy":"product_tag","embeddable":true,"href":"https:\/\/dinaturez.com\/en\/wp-json\/wp\/v2\/product_tag?post=23941"}],"curies":[{"name":"wp","href":"https:\/\/api.w.org\/{rel}","templated":true}]}}