{"id":23349,"date":"2024-03-15T16:42:04","date_gmt":"2024-03-15T15:42:04","guid":{"rendered":"https:\/\/dinaturez.com\/?post_type=product&#038;p=23349"},"modified":"2026-05-02T12:26:13","modified_gmt":"2026-05-02T10:26:13","slug":"ares360-lrf","status":"publish","type":"product","link":"https:\/\/dinaturez.com\/en\/product\/ares360-lrf\/","title":{"rendered":"ARES360-LRF-2.0 THERMTEC"},"content":{"rendered":"<h3>The <strong data-start=\"225\" data-end=\"244\">Thermtec ARES360 LRF 2.0<\/strong>\u00a0is a thermal riflescope designed for advanced performance in hunting, surveillance or precision shooting. It integrates modern thermal imaging technology, laser rangefinders and intelligent features, all in a rugged device that is ready for demanding conditions.<\/h3>\n<h3>Description<\/h3>\n<div class=\"content\">\n<ul class=\"article_list\">\n<li>ThermTec<\/li>\n<li>Thermal Viewer<\/li>\n<li>LRF<\/li>\n<li>Laser distance meter 1.000 metres<\/li>\n<li>Sensor resolution 384\u00d7288 VOx<\/li>\n<li>NETD \u226420mK<\/li>\n<li>Pixel size 12\u00b5m<\/li>\n<li>Lens 20\/60mm<\/li>\n<li>1.8X \/ 5.5X magnification<\/li>\n<li>Internal memory 64 GB<\/li>\n<li>AMOLED display<\/li>\n<li>Image capture and video recording<\/li>\n<li>Automatic recording of the shot<\/li>\n<li>Manual and automatic setting<\/li>\n<li>4x digital zoom<\/li>\n<li>Recoil force up to 6000J<\/li>\n<li>5 Zeroing profiles<\/li>\n<li>6 colour palettes<\/li>\n<li>7 reticles<\/li>\n<li>WiFi<\/li>\n<li>APP Smartphone<\/li>\n<li>Internal battery and removable battery with up to 12 hours of battery life<\/li>\n<li>USB Type-C connector<\/li>\n<li>IP67 protection<\/li>\n<li>Tube diameter 30mm<\/li>\n<li>Weaver rings included<\/li>\n<\/ul>\n<\/div>\n<h2>Specifications<\/h2>\n<div class=\"content\">\n<table class=\"specs\" border=\"0\" cellspacing=\"0\" cellpadding=\"0\">\n<tbody>\n<tr class=\"table-data\" align=\"left\" valign=\"middle\">\n<td width=\"30%\" height=\"22\"><strong>Brand<\/strong><\/td>\n<td width=\"70%\" height=\"22\">ThermTec<\/td>\n<\/tr>\n<tr class=\"table-data\" align=\"left\" valign=\"middle\">\n<td width=\"30%\" height=\"22\"><strong>Sensor type<\/strong><\/td>\n<td width=\"70%\" height=\"22\">VOx microbolometer uncooled<\/td>\n<\/tr>\n<tr class=\"table-data\" align=\"left\" valign=\"middle\">\n<td width=\"30%\" height=\"22\"><strong>Resolution<\/strong><\/td>\n<td width=\"70%\" height=\"22\">384\u00d7288 pixels<\/td>\n<\/tr>\n<tr class=\"table-data\" align=\"left\" valign=\"middle\">\n<td width=\"30%\" height=\"22\"><strong>Pixel size<\/strong><\/td>\n<td width=\"70%\" height=\"22\">12\u00b5m<\/td>\n<\/tr>\n<tr class=\"table-data\" align=\"left\" valign=\"middle\">\n<td width=\"30%\" height=\"22\"><strong>NETD<\/strong><\/td>\n<td width=\"70%\" height=\"22\">\u226420K@300K<\/td>\n<\/tr>\n<tr class=\"table-data\" align=\"left\" valign=\"middle\">\n<td width=\"30%\" height=\"22\"><strong>Spectral range<\/strong><\/td>\n<td width=\"70%\" height=\"22\">8\uff5e14\u03bcm<\/td>\n<\/tr>\n<tr class=\"table-data\" align=\"left\" valign=\"middle\">\n<td width=\"30%\" height=\"22\"><strong>Lens<\/strong><\/td>\n<td width=\"70%\" height=\"22\">20\/60mm (F#1.0, manual focus)<\/td>\n<\/tr>\n<tr class=\"table-data\" align=\"left\" valign=\"middle\">\n<td width=\"30%\" height=\"22\"><strong>Distance meter<\/strong><\/td>\n<td width=\"70%\" height=\"22\">LRF, laser, up to 1,000 metres<\/td>\n<\/tr>\n<tr class=\"table-data\" align=\"left\" valign=\"middle\">\n<td width=\"30%\" height=\"22\"><strong>Shutter technology<\/strong><\/td>\n<td width=\"70%\" height=\"22\">Shutterless (Shutterless military technology)<\/td>\n<\/tr>\n<tr class=\"table-data\" align=\"left\" valign=\"middle\">\n<td width=\"30%\" height=\"22\"><strong>Increases<\/strong><\/td>\n<td width=\"70%\" height=\"22\">1.8X \/ 5.5X<\/td>\n<\/tr>\n<tr class=\"table-data\" align=\"left\" valign=\"middle\">\n<td width=\"30%\" height=\"22\"><strong>Viewing angle<\/strong><\/td>\n<td width=\"70%\" height=\"22\">13.1\u00b0 x 9.8\u00b0 \/ 4.4\u00b0 x 3.3\u00b0 \/ 13.1\u00b0 x 9.8\u00b0 \/ 4.4\u00b0 x 3.3\u00b0<\/td>\n<\/tr>\n<tr class=\"table-data\" align=\"left\" valign=\"middle\">\n<td width=\"30%\" height=\"22\"><strong>Digital zoom<\/strong><\/td>\n<td width=\"70%\" height=\"22\">1x\uff5e4x continuous<\/td>\n<\/tr>\n<tr class=\"table-data\" align=\"left\" valign=\"middle\">\n<td width=\"30%\" height=\"22\"><strong>Colour palettes<\/strong><\/td>\n<td width=\"70%\" height=\"22\">6<\/td>\n<\/tr>\n<tr class=\"table-data\" align=\"left\" valign=\"middle\">\n<td width=\"30%\" height=\"22\"><strong>Display type<\/strong><\/td>\n<td width=\"70%\" height=\"22\">AMOLED 0.39\u2033, resolution 1024\u00d7768 pixels, 3 picture modes<\/td>\n<\/tr>\n<tr class=\"table-data\" align=\"left\" valign=\"middle\">\n<td width=\"30%\" height=\"22\"><strong>Dioptric adjustment<\/strong><\/td>\n<td width=\"70%\" height=\"22\">-5\uff5e+5<\/td>\n<\/tr>\n<tr class=\"table-data\" align=\"left\" valign=\"middle\">\n<td width=\"30%\" height=\"22\"><strong>Eye distance<\/strong><\/td>\n<td width=\"70%\" height=\"22\">50mm<\/td>\n<\/tr>\n<tr class=\"table-data\" align=\"left\" valign=\"middle\">\n<td width=\"30%\" height=\"22\"><strong>Maximum recoil force<\/strong><\/td>\n<td width=\"70%\" height=\"22\">6000J<\/td>\n<\/tr>\n<tr class=\"table-data\" align=\"left\" valign=\"middle\">\n<td width=\"30%\" height=\"22\"><strong>Assembly<\/strong><\/td>\n<td width=\"70%\" height=\"22\">2x 30mm Weaver rings<\/td>\n<\/tr>\n<tr class=\"table-data\" align=\"left\" valign=\"middle\">\n<td width=\"30%\" height=\"22\"><strong>Zeroing<\/strong><\/td>\n<td width=\"70%\" height=\"22\">Automatic \/ Manual<\/td>\n<\/tr>\n<tr class=\"table-data\" align=\"left\" valign=\"middle\">\n<td width=\"30%\" height=\"22\"><strong>Video and image playback<\/strong><\/td>\n<td width=\"70%\" height=\"22\">YES<\/td>\n<\/tr>\n<tr class=\"table-data\" align=\"left\" valign=\"middle\">\n<td width=\"30%\" height=\"22\"><strong>Audio recording on the shot<\/strong><\/td>\n<td width=\"70%\" height=\"22\">YES<\/td>\n<\/tr>\n<tr class=\"table-data\" align=\"left\" valign=\"middle\">\n<td width=\"30%\" height=\"22\"><strong>Reticle<\/strong><\/td>\n<td width=\"70%\" height=\"22\">7 (central point black, white, red and blue)<\/td>\n<\/tr>\n<tr class=\"table-data\" align=\"left\" valign=\"middle\">\n<td width=\"30%\" height=\"22\"><strong>Internal memory<\/strong><\/td>\n<td width=\"70%\" height=\"22\">16 GB<\/td>\n<\/tr>\n<tr class=\"table-data\" align=\"left\" valign=\"middle\">\n<td width=\"30%\" height=\"22\"><strong>Heat Seeker<\/strong><\/td>\n<td width=\"70%\" height=\"22\">YES<\/td>\n<\/tr>\n<tr class=\"table-data\" align=\"left\" valign=\"middle\">\n<td width=\"30%\" height=\"22\"><strong>Image on Image<\/strong><\/td>\n<td width=\"70%\" height=\"22\">Reduced-size image superimposed on the main image, zooming out the central view of the viewfinder<\/td>\n<\/tr>\n<tr class=\"table-data\" align=\"left\" valign=\"middle\">\n<td width=\"30%\" height=\"22\"><strong>Battery type<\/strong><\/td>\n<td width=\"70%\" height=\"22\">Internal battery and replaceable battery, 1x 18650 Li or 1x 18500 Li<\/td>\n<\/tr>\n<tr class=\"table-data\" align=\"left\" valign=\"middle\">\n<td width=\"30%\" height=\"22\"><strong>Battery life<\/strong><\/td>\n<td width=\"70%\" height=\"22\">Continuous operating time up to 12h<\/td>\n<\/tr>\n<tr class=\"table-data\" align=\"left\" valign=\"middle\">\n<td width=\"30%\" height=\"22\"><strong>Connections<\/strong><\/td>\n<td width=\"70%\" height=\"22\">USB Type C for connection to PC for downloading photos and videos<\/td>\n<\/tr>\n<tr class=\"table-data\" align=\"left\" valign=\"middle\">\n<td width=\"30%\" height=\"22\"><strong>Communication<\/strong><\/td>\n<td width=\"70%\" height=\"22\">Hotspot connection with app<\/td>\n<\/tr>\n<tr class=\"table-data\" align=\"left\" valign=\"middle\">\n<td width=\"30%\" height=\"22\"><strong>Operating temperature<\/strong><\/td>\n<td width=\"70%\" height=\"22\">-20\u2103\uff5e+50\u2103<\/td>\n<\/tr>\n<tr class=\"table-data\" align=\"left\" valign=\"middle\">\n<td width=\"30%\" height=\"22\"><strong>Protection index<\/strong><\/td>\n<td width=\"70%\" height=\"22\">IP67, drop resistance from 1 metre<\/td>\n<\/tr>\n<tr class=\"table-data\" align=\"left\" valign=\"middle\">\n<td width=\"30%\" height=\"22\"><strong>Weight<\/strong><\/td>\n<td width=\"70%\" height=\"22\">1.117g<\/td>\n<\/tr>\n<tr class=\"table-data\" align=\"left\" valign=\"middle\">\n<td width=\"30%\" height=\"22\"><strong>Dimensions<\/strong><\/td>\n<td width=\"70%\" height=\"22\">438mm \u00d7 104mm \u00d7 93mm<\/td>\n<\/tr>\n<\/tbody>\n<\/table>\n<\/div>\n<h2>Content<\/h2>\n<div class=\"content\">\n<ul class=\"article_list\">\n<li>ThermTec thermal visor<\/li>\n<li>Magnetic eye bellows<\/li>\n<li>USB-C data cable<\/li>\n<li>Cleaning cloth<\/li>\n<li>18650 battery cover<\/li>\n<li>Battery cover 18500<\/li>\n<li>18650\/18500 battery charger BATT-LI-CHARGER<\/li>\n<li>30mm Weaver Rings - 2X<\/li>\n<li>18650 Li - 2X batteries<\/li>\n<\/ul>\n<\/div>","protected":false},"excerpt":{"rendered":"<h3>The <strong data-start=\"225\" data-end=\"244\">ARES360\u202fLRF 2.0<\/strong> de Thermtec es un visor t\u00e9rmico dise\u00f1ado para ofrecer rendimiento avanzado en caza, vigilancia o tiro de precisi\u00f3n. Integra tecnolog\u00eda moderna de imagen t\u00e9rmica, tel\u00e9metro l\u00e1ser y funciones inteligentes, todo en un dispositivo robusto preparado para condiciones exigentes.<\/h3>","protected":false},"featured_media":24685,"template":"","meta":[],"product_brand":[],"product_cat":[131,144,146,150],"product_tag":[],"class_list":{"0":"post-23349","1":"product","2":"type-product","3":"status-publish","4":"has-post-thumbnail","6":"product_cat-thermtec","7":"product_cat-vision-termica","8":"product_cat-visores-termicos","9":"product_cat-visores-thermtec","11":"first","12":"instock","13":"sale","14":"taxable","15":"shipping-taxable","16":"purchasable","17":"product-type-simple","18":"add-to-wishlist-after_add_to_cart"},"_links":{"self":[{"href":"https:\/\/dinaturez.com\/en\/wp-json\/wp\/v2\/product\/23349","targetHints":{"allow":["GET"]}}],"collection":[{"href":"https:\/\/dinaturez.com\/en\/wp-json\/wp\/v2\/product"}],"about":[{"href":"https:\/\/dinaturez.com\/en\/wp-json\/wp\/v2\/types\/product"}],"wp:featuredmedia":[{"embeddable":true,"href":"https:\/\/dinaturez.com\/en\/wp-json\/wp\/v2\/media\/24685"}],"wp:attachment":[{"href":"https:\/\/dinaturez.com\/en\/wp-json\/wp\/v2\/media?parent=23349"}],"wp:term":[{"taxonomy":"product_brand","embeddable":true,"href":"https:\/\/dinaturez.com\/en\/wp-json\/wp\/v2\/product_brand?post=23349"},{"taxonomy":"product_cat","embeddable":true,"href":"https:\/\/dinaturez.com\/en\/wp-json\/wp\/v2\/product_cat?post=23349"},{"taxonomy":"product_tag","embeddable":true,"href":"https:\/\/dinaturez.com\/en\/wp-json\/wp\/v2\/product_tag?post=23349"}],"curies":[{"name":"wp","href":"https:\/\/api.w.org\/{rel}","templated":true}]}}