{"id":23047,"date":"2024-02-09T16:14:53","date_gmt":"2024-02-09T15:14:53","guid":{"rendered":"https:\/\/dinaturez.com\/?post_type=product&#038;p=23047"},"modified":"2025-08-29T18:29:50","modified_gmt":"2025-08-29T16:29:50","slug":"black-fire-chestnut","status":"publish","type":"product","link":"https:\/\/dinaturez.com\/en\/product\/black-fire-chestnut\/","title":{"rendered":"Black Fire #CHESTNUT#"},"content":{"rendered":"<p data-rm-block-id=\"block-1\">Black fire CHESTNUT, chestnut flavour 100% NATURAL for wild boar and deer such as roe deer, red deer, fallow deer, etc.<\/p>\n<p data-rm-block-id=\"block-2\">Black Fire Nordic Line is composed of mineral salts with carefully selected fruity aromas.<\/p>\n<p data-rm-block-id=\"block-3\">Black Fire Nordic Line is composed of mineral salts with carefully selected fruity aromas.<\/p>\n<p data-rm-block-id=\"block-4\">The different fruity flavours of the Nordic Line product range are carefully selected according to the season.<\/p>\n<p data-rm-block-id=\"block-5\">The ripe fruit has a particular taste.<\/p>\n<p data-rm-block-id=\"block-6\">Nordic Line products are composed of sodium and chloride minerals, which are essential for wild animals.<\/p>\n<p data-rm-block-id=\"block-7\">Nordic Line products contain sodium and chloride minerals.<\/p>\n<p data-rm-block-id=\"block-8\">Black Fire ambassadors, evaluators and other professional hunters experienced great results after using products from the Black Fire Nordic Line range.<\/p>\n<p data-rm-block-id=\"block-9\">Black Fire ambassadors, evaluators and other professional hunters have experienced great results.<\/p>\n<p data-rm-block-id=\"block-10\">INSTRUCTIONS FOR USE.<\/p>\n<p data-rm-block-id=\"block-11\">Both casual and professional hunters use the Black Fire Nordic Line range.<\/p>","protected":false},"excerpt":{"rendered":"<p>Atrayente CHESTNUT, sabor casta\u00f1a 100% NATURAL para jabal\u00ed y c\u00e9rvidos como corzo, ciervo, gamos etc. Botella 500ml.<\/p>\n<p>Atrayente CHESTNUT, sabor casta\u00f1a 100% NATURAL para jabal\u00ed y c\u00e9rvidos como corzo, ciervo, gamos etc. Botella 500ml.<\/p>\n<p>Black Fire Nordic Line is composed of mineral salts with carefully selected fruity aromas.<\/p>\n<p>The different fruity flavours of the Nordic Line product range are carefully selected according to the season. Use Black Fire Nordic Line - Chestnut flavour on the floor or in your regular feeder.<\/p>\n<p>The ripe fruit has a particular taste that makes it irresistible to deer, roe deer, wild boar and other animals.<\/p>\n<p>Nordic Line products are composed of sodium and chloride minerals, which are essential for wild animals.<\/p>\n<p>Los embajadores, evaluadores y otros cazadores profesionales experimentaron grandes resultados despu\u00e9s de utilizar los productos de la gama Black Fire Nordic Line.<\/p>","protected":false},"featured_media":23050,"template":"","meta":[],"product_brand":[],"product_cat":[104,135],"product_tag":[],"class_list":{"0":"post-23047","1":"product","2":"type-product","3":"status-publish","4":"has-post-thumbnail","6":"product_cat-atrayentes-y-reclamos","7":"product_cat-back-fire","9":"first","10":"instock","11":"taxable","12":"shipping-taxable","13":"purchasable","14":"product-type-simple","15":"add-to-wishlist-after_add_to_cart"},"_links":{"self":[{"href":"https:\/\/dinaturez.com\/en\/wp-json\/wp\/v2\/product\/23047","targetHints":{"allow":["GET"]}}],"collection":[{"href":"https:\/\/dinaturez.com\/en\/wp-json\/wp\/v2\/product"}],"about":[{"href":"https:\/\/dinaturez.com\/en\/wp-json\/wp\/v2\/types\/product"}],"wp:featuredmedia":[{"embeddable":true,"href":"https:\/\/dinaturez.com\/en\/wp-json\/wp\/v2\/media\/23050"}],"wp:attachment":[{"href":"https:\/\/dinaturez.com\/en\/wp-json\/wp\/v2\/media?parent=23047"}],"wp:term":[{"taxonomy":"product_brand","embeddable":true,"href":"https:\/\/dinaturez.com\/en\/wp-json\/wp\/v2\/product_brand?post=23047"},{"taxonomy":"product_cat","embeddable":true,"href":"https:\/\/dinaturez.com\/en\/wp-json\/wp\/v2\/product_cat?post=23047"},{"taxonomy":"product_tag","embeddable":true,"href":"https:\/\/dinaturez.com\/en\/wp-json\/wp\/v2\/product_tag?post=23047"}],"curies":[{"name":"wp","href":"https:\/\/api.w.org\/{rel}","templated":true}]}}