{"id":22244,"date":"2024-02-13T17:09:29","date_gmt":"2024-02-13T16:09:29","guid":{"rendered":"https:\/\/dinaturez.com\/?post_type=product&#038;p=22244"},"modified":"2026-04-14T10:46:33","modified_gmt":"2026-04-14T08:46:33","slug":"espectacular-camara-profesional-gardepro-x50","status":"publish","type":"product","link":"https:\/\/dinaturez.com\/en\/product\/espectacular-camara-profesional-gardepro-x50\/","title":{"rendered":"GARDEPRO X50 CAMERA"},"content":{"rendered":"<h4 data-rm-block-id=\"block-1\">GardePro X50 Camera<\/h4>\n<p data-rm-block-id=\"block-3\">FREE Camera<\/p>\n<p data-rm-block-id=\"block-4\">The <strong data-start=\"155\" data-end=\"171\">X50<\/strong> is a <strong data-start=\"179\" data-end=\"224\">4G mobile tracking camera (trail camera)<\/strong> designed for <strong data-start=\"238\" data-end=\"351\">photo-trapping of wildlife, remote monitoring of terrain and monitoring of activity in areas without electricity and Wi-Fi.<\/strong>. Allows you to send images and videos to your mobile using mobile networks and the app. <strong data-start=\"431\" data-end=\"450\">GardePro Mobile<\/strong>.<\/p>\n<p data-rm-block-id=\"block-6\"><strong>SPECIFICATIONS:<\/strong><\/p>\n<p data-rm-block-id=\"block-7\">Quick and easy activation via the application and the camera's unique qr-code<\/p>\n<p data-rm-block-id=\"block-8\">Sending photos to mobile phones via 4G coverage.<\/p>\n<p data-rm-block-id=\"block-9\">High quality photos in 4, 8, 16, 24, 32, 32 or 48 Megapixel resolution.<\/p>\n<p data-rm-block-id=\"block-10\">Full HD 1296P or 1080P video recording with sound<\/p>\n<p data-rm-block-id=\"block-11\">Activation time: 0.1 s<\/p>\n<p data-rm-block-id=\"block-12\">PIR detection angle: 120\u00b0 PIR detection angle: 120\u00b0 PIR detection angle: 120\u00b0 PIR detection angle: 120<\/p>\n<p data-rm-block-id=\"block-13\">Waterproof: IP66<\/p>\n<p data-rm-block-id=\"block-14\">Encoding: H.264<\/p>\n<p data-rm-block-id=\"block-15\">Detection distance: 27 m\/90 ft<\/p>\n<p data-rm-block-id=\"block-16\">Night vision distance: 30 m\/100 ft.<\/p>\n<p data-rm-block-id=\"block-17\">70\u00ba viewing angle<\/p>\n<p data-rm-block-id=\"block-18\">2.4-inch LCD colour display.<\/p>\n<p data-rm-block-id=\"block-19\">Illumination of 36 invisible LEDs with 940nm technology invisible to wildlife.<\/p>\n<p data-rm-block-id=\"block-20\">Automatic control of the intensity of the invisible infrared LEDs to adapt to the best image quality according to the circumstances.<\/p>\n<p data-rm-block-id=\"block-21\">State-of-the-art software that improves battery performance to optimise consumption and extend battery life.<\/p>\n<p data-rm-block-id=\"block-22\">It uses 8 AA batteries for operation, or you can use our state-of-the-art Solar Panel with built-in battery so you don't have to worry about maintaining the camera.<\/p>\n<div id=\"mttContainer\" style=\"transform: translate(2485px, 774px);\" aria-expanded=\"false\" data-rm-block-id=\"block-23\"><\/div>\n<div id=\"mttContainer\" style=\"transform: translate(2080px, 231px);\" aria-expanded=\"false\" data-rm-block-id=\"block-24\"><\/div>\n<div id=\"mttContainer\" style=\"transform: translate(2829px, 69px);\" aria-expanded=\"false\" data-rm-block-id=\"block-25\"><\/div>","protected":false},"excerpt":{"rendered":"<p><strong>La c\u00e1mara profesional Gardepro X50 es una opci\u00f3n espectacular para aquellos que buscan excelencia en sus fotograf\u00edas. Con su tecnolog\u00eda de \u00faltima generaci\u00f3n y su dise\u00f1o vanguardista, esta c\u00e1mara ofrece una calidad de imagen impresionante y un rendimiento excepcional en cualquier situaci\u00f3n. Convi\u00e9rtete en un verdadero profesional de la fotograf\u00eda con la Gardepro X50. \u00a0La C\u00e1mara Profesional Gardepro X50 es una soluci\u00f3n espectacular para capturar im\u00e1genes de alta calidad. Con su tecnolog\u00eda de vanguardia y su dise\u00f1o ergon\u00f3mico, esta c\u00e1mara ofrece resultados excepcionales en cualquier ESPECTACULAR C\u00c1MARA PROFESIONAL GARDEPRO X50 La c\u00e1mara profesional Gardepro X50 es una verdadera joya tecnol\u00f3gica. Dise\u00f1ada con los m\u00e1s altos est\u00e1ndares de calidad, esta c\u00e1mara te brinda una experiencia fotogr\u00e1fica y de grabaci\u00f3n excepcional. Con su avanzado sensor de imagen y potente procesador, podr\u00e1s capturar cada detalle con una precisi\u00f3n asombrosa. Adem\u00e1s, su amplio rango din\u00e1mico te permitir\u00e1 obtener im\u00e1genes n\u00edtidas y vibrantes, incluso en condiciones de iluminaci\u00f3n dif\u00edciles. Con la c\u00e1mara Gardepro X50, podr\u00e1s llevar tus habilidades fotogr\u00e1ficas al siguiente nivel y capturar momentos inolvidables con una calidad profesional. No pierdas la oportunidad de experimentar la excelencia en fotograf\u00eda con esta impresionante c\u00e1mara. entorno. Ya sea que seas un fot\u00f3grafo profesional o un aficionado apasionado, la C\u00e1mara Profesional Gardepro X50 te brinda el rendimiento y la precisi\u00f3n que necesitas para capturar momentos inolvidables. C\u00c1MARA PROFESIONAL ORIGINAL GARDEPRO X50 CON ENVIO DE IM\u00c1GES AL MOVIL MEDIANTE TECNOLOG\u00cdA 4G EN TIEMPO REAL. LA C\u00c1MARA ES PROGRAMABLE Y ENV\u00cdA LAS IM\u00c1GENES AL INSTANTE A TRAVES DE SU PROPIA APLICACI\u00d3N MOVIL <a href=\"https:\/\/play.google.com\/store\/apps\/details?id=com.zpszjs.gardepro.mobile&amp;hl=es_419&amp;gl=US\">GARDEPRO MOBILE<\/a> EASY TO USE. YOU CAN ASK US ANY QUESTIONS WITH PERSONALISED ADVICE FROM OUR EXPERTS.<\/strong><\/p>\n<p><strong>ALWAYS RELY ON THE GUARANTEE OF PROFESSIONALS<\/strong><\/p>\n<div id=\"mttContainer\" aria-expanded=\"false\"><\/div>\n<div id=\"mttContainer\" aria-expanded=\"false\"><strong>\u2705\ufe0f GARDEPRO X50 \u2705\ufe0f<\/strong><\/div>\n<div id=\"mttContainer\" style=\"transform: translate(258px, 21px);\" aria-expanded=\"false\"><\/div>","protected":false},"featured_media":27456,"template":"","meta":[],"product_brand":[],"product_cat":[139,110,129,109],"product_tag":[],"class_list":{"0":"post-22244","1":"product","2":"type-product","3":"status-publish","4":"has-post-thumbnail","6":"product_cat-camara-con-envio-al-movil","7":"product_cat-destacados","8":"product_cat-gardepro","9":"product_cat-ofertas","11":"first","12":"instock","13":"sale","14":"taxable","15":"shipping-taxable","16":"purchasable","17":"product-type-simple","18":"add-to-wishlist-after_add_to_cart"},"_links":{"self":[{"href":"https:\/\/dinaturez.com\/en\/wp-json\/wp\/v2\/product\/22244","targetHints":{"allow":["GET"]}}],"collection":[{"href":"https:\/\/dinaturez.com\/en\/wp-json\/wp\/v2\/product"}],"about":[{"href":"https:\/\/dinaturez.com\/en\/wp-json\/wp\/v2\/types\/product"}],"wp:featuredmedia":[{"embeddable":true,"href":"https:\/\/dinaturez.com\/en\/wp-json\/wp\/v2\/media\/27456"}],"wp:attachment":[{"href":"https:\/\/dinaturez.com\/en\/wp-json\/wp\/v2\/media?parent=22244"}],"wp:term":[{"taxonomy":"product_brand","embeddable":true,"href":"https:\/\/dinaturez.com\/en\/wp-json\/wp\/v2\/product_brand?post=22244"},{"taxonomy":"product_cat","embeddable":true,"href":"https:\/\/dinaturez.com\/en\/wp-json\/wp\/v2\/product_cat?post=22244"},{"taxonomy":"product_tag","embeddable":true,"href":"https:\/\/dinaturez.com\/en\/wp-json\/wp\/v2\/product_tag?post=22244"}],"curies":[{"name":"wp","href":"https:\/\/api.w.org\/{rel}","templated":true}]}}