{"id":24505,"date":"2025-02-07T12:51:57","date_gmt":"2025-02-07T11:51:57","guid":{"rendered":"https:\/\/dinaturez.com\/?page_id=24505"},"modified":"2025-02-07T12:54:40","modified_gmt":"2025-02-07T11:54:40","slug":"paga-a-tu-ritmo-con-sequra","status":"publish","type":"page","link":"https:\/\/dinaturez.com\/en\/paga-a-tu-ritmo-con-sequra\/","title":{"rendered":"Pay as you go with seQura"},"content":{"rendered":"<div data-elementor-type=\"wp-page\" data-elementor-id=\"24505\" class=\"elementor elementor-24505\" data-elementor-post-type=\"page\">\n\t\t\t\t<div data-particle_enable=\"false\" data-particle-mobile-disabled=\"false\" class=\"elementor-element elementor-element-79d4e932 e-flex e-con-boxed e-con e-parent\" data-id=\"79d4e932\" data-element_type=\"container\" data-e-type=\"container\">\n\t\t\t\t\t<div class=\"e-con-inner\">\n\t\t\t\t<div class=\"elementor-element elementor-element-506264a elementor-widget elementor-widget-text-editor\" data-id=\"506264a\" data-element_type=\"widget\" data-e-type=\"widget\" data-widget_type=\"text-editor.default\">\n\t\t\t\t<div class=\"elementor-widget-container\">\n\t\t\t\t\t\t\t\t\t\n<p>Choose to pay with total flexibility. You decide, interest free or with a small fee and terms of up to 12 months. Advance payments or change the dates, you are in control of your finances. <strong>Clear, transparent costs with instant approval<\/strong>.<\/p>\n\n<p>Sounds good, doesn't it? Make your purchases with seQura in a jiffy. With just 5 pieces of information, no paperwork and without uploading any documents. <strong>Easy, fast and safe<\/strong>.<\/p>\n\n<ol>\n<li>Choose seQura as your payment method and select the number of instalments when finalising your order.<\/li>\n<li>Fill in 5 details and we will instantly confirm your purchase. Today you only pay the first instalment.<\/li>\n<li>Enjoy your purchase and pay comfortably. Your payments will be made automatically every month.<\/li>\n<\/ol>\n\n<p>For more information, click here <a href=\"https:\/\/www.sequra.com\/es\/faq#shoppers\" target=\"_blank\" rel=\"nofollow noopener\">here<\/a>.<\/p>\n\n<p>\u00a0<\/p>\n\t\t\t\t\t\t\t\t<\/div>\n\t\t\t\t<\/div>\n\t\t\t\t\t<\/div>\n\t\t\t\t<\/div>\n\t\t\t\t<\/div>","protected":false},"excerpt":{"rendered":"<p>Elige pagar con total flexibilidad. T\u00fa decides, sin inter\u00e9s o con un peque\u00f1o coste y plazos de hasta 12 meses. Adelanta los pagos o cambia las fechas, est\u00e1s en control de tus finanzas. Costes claros, transparentes y con aprobaci\u00f3n al instante. Suena bien, \u00bfno? Haz tus compras con seQura en un plis. Con solo 5 [&hellip;]<\/p>","protected":false},"author":1,"featured_media":0,"parent":0,"menu_order":0,"comment_status":"closed","ping_status":"closed","template":"","meta":{"footnotes":""},"class_list":["post-24505","page","type-page","status-publish","hentry"],"_links":{"self":[{"href":"https:\/\/dinaturez.com\/en\/wp-json\/wp\/v2\/pages\/24505","targetHints":{"allow":["GET"]}}],"collection":[{"href":"https:\/\/dinaturez.com\/en\/wp-json\/wp\/v2\/pages"}],"about":[{"href":"https:\/\/dinaturez.com\/en\/wp-json\/wp\/v2\/types\/page"}],"author":[{"embeddable":true,"href":"https:\/\/dinaturez.com\/en\/wp-json\/wp\/v2\/users\/1"}],"replies":[{"embeddable":true,"href":"https:\/\/dinaturez.com\/en\/wp-json\/wp\/v2\/comments?post=24505"}],"version-history":[{"count":3,"href":"https:\/\/dinaturez.com\/en\/wp-json\/wp\/v2\/pages\/24505\/revisions"}],"predecessor-version":[{"id":24508,"href":"https:\/\/dinaturez.com\/en\/wp-json\/wp\/v2\/pages\/24505\/revisions\/24508"}],"wp:attachment":[{"href":"https:\/\/dinaturez.com\/en\/wp-json\/wp\/v2\/media?parent=24505"}],"curies":[{"name":"wp","href":"https:\/\/api.w.org\/{rel}","templated":true}]}}